{"id":1113,"date":"2015-03-12T11:00:55","date_gmt":"2015-03-12T11:00:55","guid":{"rendered":"http:\/\/blogsaverroes.juntadeandalucia.es\/pre\/ceip\/?page_id=2"},"modified":"2016-02-16T21:32:54","modified_gmt":"2016-02-16T20:32:54","slug":"pagina-ejemplo-2","status":"publish","type":"page","link":"https:\/\/blogsaverroes.juntadeandalucia.es\/iesganivet\/","title":{"rendered":"Inicio"},"content":{"rendered":"<!-- This slideshow output is generated with Advanced post slider a multipurpose responsive WordPress slideshow plugin - http:\/\/www.wpcue.com\/wordpress-plugins\/advanced-post-slider\/ -->\r\n<style>\r\n#advps_container1 .bx-wrapper .bx-viewport {\r\n\t\t-moz-box-shadow: 0px 1px 4px #000000;\r\n\t-webkit-box-shadow: 0px 1px 4px #000000;\r\n\tbox-shadow: 0px 1px 4px #000000;\r\n\t\tborder: 1px solid #444444;\r\n\t\tbackground:#FFFFFF;\r\n}\r\n#advps_container1 .bx-wrapper .bx-pager{\r\n\ttext-align: center;\r\n\t;\r\n}\r\n#advps_container1 .bx-wrapper .bx-pager\r\n{\r\n\tbottom:-35px;\r\n\tz-index:999;\r\n}\r\n#advps_container1 .bx-wrapper .bx-controls-auto\r\n{\r\n\tbottom:6px;\r\n}\r\n#advps_container1 .bx-wrapper .bx-controls.bx-has-controls-auto.bx-has-pager .bx-pager {\r\n\ttext-align: center;\r\n}\r\n#advps_container1 .bx-wrapper .bx-controls-auto {\r\n\tz-index:99999;\r\n\tleft:5px;width:35px;}\r\n\r\n\r\n\/* thumbnail pager*\/\r\n#advps_container1 #bx-pager\r\n{\r\n\twidth:100%;\r\n\tposition:absolute;\r\n\tbottom:-35px;\r\n    text-align: center;\r\n\tz-index: 9999;\r\n}\r\n#advps_container1 #bx-pager a img\r\n{\r\n\tborder: 1px solid #CCCCCC;\r\n    padding: 3px;\r\n}\r\n#advps_container1 #bx-pager a:hover img, #advps_container1 #bx-pager a.active img\r\n{\r\n\tborder: 1px solid #666666;\r\n}\r\n\/* medai queries *\/\r\n#advps_container1 .advs-title,#advps_container1 .advs-title a\r\n{\r\n\tfont-size:20px;\r\n\tline-height:20px;\r\n}\r\n#advps_container1 .advps-slide p\r\n{\r\n\tfont-size:14px;\r\n\tline-height:14px;\r\n}\r\n@media screen and (max-width: 1024px){\r\n\t#advps_container1 .advs-title,#advps_container1 .advs-title a\r\n\t{\r\n\t\tfont-size:18px;\r\n\t\tline-height:18px;\r\n\t}\r\n\t#advps_container1 .advps-slide p\r\n\t{\r\n\t\tfont-size:12px;\r\n\t\tline-height:12px;\r\n\t}\r\n}\r\n@media screen and (max-width: 768px){\r\n\t#advps_container1 h2.advs-title, #advps_container1 h2.advs-title a\r\n\t{\r\n\t\tfont-size:16px;\r\n\t\tline-height:16px;\r\n\t}\r\n\t#advps_container1 .advps-slide p\r\n\t{\r\n\t\tfont-size:12px;\r\n\t\tline-height:12px;\r\n\t}\r\n}\r\n@media screen and (max-width: 650px){\r\n\t#advps_container1 h2.advs-title, #advps_container1 h2.advs-title a\r\n\t{\r\n\t\tfont-size:15px;\r\n\t\tline-height:15px;\r\n\t}\r\n\t#advps_container1 .advps-slide p\r\n\t{\r\n\t\tfont-size:12px;\r\n\t\tline-height:12px;\r\n\t}\r\n}\r\n@media screen and (max-width: 480px){\r\n\t#advps_container1 h2.advs-title, #advps_container1 h2.advs-title a\r\n\t{\r\n\t\tfont-size:15px;\r\n\t\tline-height:15px;\r\n\t}\r\n\t#advps_container1 .advps-slide p\r\n\t{\r\n\t\tfont-size:12px;\r\n\t\tline-height:12px;\r\n\t}\r\n}\r\n@media screen and (max-width: 320px){\r\n\t#advps_container1 h2.advs-title, #advps_container1 h2.advs-title a\r\n\t{\r\n\t\tfont-size:15px;\r\n\t\tline-height:15px;\r\n\t}\r\n\t#advps_container1 .advps-slide p\r\n\t{\r\n\t\tfont-size:12px;\r\n\t\tline-height:12px;\r\n\t}\r\n}\r\n<\/style>\r\n<script type=\"text\/javascript\">\r\n\t\tjQuery(document).ready(function($){\r\n\t\t\t$('#advpsslideshow_1').bxSlider({\r\n\t\t\t\tuseCSS:1,\r\n\t\t\t\tslideMargin: 0,\r\n\t\t\t\tspeed: 5000,\t\t\t\t\r\n\t\t\t\t\t\t\t\tmode: 'fade',\r\n\t\t\t\t\t\t\t\t\t\t\t\tauto: 1,\r\n\t\t\t\tautoHover: 1,\r\n\t\t\t\tpause: 3000,\r\n\t\t\t\teasing: 'linear',\r\n\t\t\t\tcontrols: 1,\r\n\t\t\t\tpager: 0,\r\n  \t\t\t\tautoControls: 0\t\t\t\t\t\t\t});\r\n\t\t\t\t\t\t\t$(\"#advpsslideshow_1 .advs-title a\").hover(function(){\r\n\t\t\t\t\t$(this).css('color','#c9c9c9');\r\n\t\t\t\t},function(){\r\n\t\t\t\t\t$(this).css('color','#FFFFFF');\r\n\t\t\t\t});\r\n\t\t\t\t\t\t$(\"#advpsslideshow_1 .advps-slide\").hover(function(){\r\n\t\t\t\t  \t\t\t},function(){\r\n\t\t\t\t\t\t\t});\r\n\t\t});\r\n\t<\/script>\r\n<div id=\"advps_container1\" class=\"advps-slide-container\" style=\"overflow:hidden;max-width:1024px;margin:auto;\">\r\n \r\n  <div id=\"advpsslideshow_1\">\r\n        <div class=\"advps-slide\">\r\n\t<a target=\"_self\" href=\"https:\/\/blogsaverroes.juntadeandalucia.es\/iesganivet\/noticia\/\" >      <img loading=\"lazy\" decoding=\"async\" width=\"1783\" height=\"2480\" src=\"https:\/\/blogsaverroes.juntadeandalucia.es\/iesganivet\/files\/2016\/01\/PORTADA-BASE-01.jpg\" class=\"attachment-full size-full wp-post-image\" alt=\"\" srcset=\"https:\/\/blogsaverroes.juntadeandalucia.es\/iesganivet\/files\/2016\/01\/PORTADA-BASE-01.jpg 1783w, https:\/\/blogsaverroes.juntadeandalucia.es\/iesganivet\/files\/2016\/01\/PORTADA-BASE-01-216x300.jpg 216w, https:\/\/blogsaverroes.juntadeandalucia.es\/iesganivet\/files\/2016\/01\/PORTADA-BASE-01-736x1024.jpg 736w, https:\/\/blogsaverroes.juntadeandalucia.es\/iesganivet\/files\/2016\/01\/PORTADA-BASE-01-700x974.jpg 700w\" sizes=\"(max-width: 1783px) 100vw, 1783px\" \/>      <\/a>       \r\n      <div class=\"advps-excerpt-one\" style=\"width:30%;height:100%;top:0; right:0;\">\r\n      \t<div class=\"advps-overlay-one\" style=\"background-color:#000000; -moz-opacity:0.6;filter:alpha(opacity=60);opacity:0.6;\"><\/div>\r\n        <div class=\"advps-excerpt-block-one\" style=\"text-align:left;color:#FFFFFF;-moz-opacity:1;filter:alpha(opacity=100);opacity:1;\">        \r\n        <h2 class=\"advs-title\" style=\"margin:5px 0px 10px 0px;color:#FFFFFF\"><a target=\"_self\" href=\"https:\/\/blogsaverroes.juntadeandalucia.es\/iesganivet\/noticia\/\" style=\"margin:5px 0px 10px 0px;color:#FFFFFF\" >Noticia<\/a><\/h2>\r\n          \r\n                    <\/div>\r\n      <\/div>\r\n    <\/div>\r\n        <div class=\"advps-slide\">\r\n\t<a target=\"_self\" href=\"https:\/\/blogsaverroes.juntadeandalucia.es\/iesganivet\/blogsaverroes-y-wordpress\/\" >      <img loading=\"lazy\" decoding=\"async\" width=\"1138\" height=\"500\" src=\"https:\/\/blogsaverroes.juntadeandalucia.es\/iesganivet\/files\/2015\/05\/slider_04_1138_500.jpg\" class=\"attachment-full size-full wp-post-image\" alt=\"\" srcset=\"https:\/\/blogsaverroes.juntadeandalucia.es\/iesganivet\/files\/2015\/05\/slider_04_1138_500.jpg 1138w, https:\/\/blogsaverroes.juntadeandalucia.es\/iesganivet\/files\/2015\/05\/slider_04_1138_500-300x132.jpg 300w, https:\/\/blogsaverroes.juntadeandalucia.es\/iesganivet\/files\/2015\/05\/slider_04_1138_500-1024x450.jpg 1024w, https:\/\/blogsaverroes.juntadeandalucia.es\/iesganivet\/files\/2015\/05\/slider_04_1138_500-700x308.jpg 700w\" sizes=\"(max-width: 1138px) 100vw, 1138px\" \/>      <\/a>       \r\n      <div class=\"advps-excerpt-one\" style=\"width:30%;height:100%;top:0; right:0;\">\r\n      \t<div class=\"advps-overlay-one\" style=\"background-color:#000000; -moz-opacity:0.6;filter:alpha(opacity=60);opacity:0.6;\"><\/div>\r\n        <div class=\"advps-excerpt-block-one\" style=\"text-align:left;color:#FFFFFF;-moz-opacity:1;filter:alpha(opacity=100);opacity:1;\">        \r\n        <h2 class=\"advs-title\" style=\"margin:5px 0px 10px 0px;color:#FFFFFF\"><a target=\"_self\" href=\"https:\/\/blogsaverroes.juntadeandalucia.es\/iesganivet\/blogsaverroes-y-wordpress\/\" style=\"margin:5px 0px 10px 0px;color:#FFFFFF\" >IES \u00c1ngel Ganivet: nuestro objetivo eres t\u00fa<\/a><\/h2>\r\n          \r\n            <p>IES \u00c1ngel Ganivet Nuestro objetivo eres t\u00fa. Una ense\u00f1anza personalizada y adaptada a tus necesidades. Desarrollamos una ense\u00f1anza pluriling\u00fce pensada en t\u00ed y en las necesidades de la sociedad actual.&#46;&#46;&#46;<\/p>\n        <\/div>\r\n      <\/div>\r\n    <\/div>\r\n        <div class=\"advps-slide\">\r\n\t<a target=\"_self\" href=\"https:\/\/blogsaverroes.juntadeandalucia.es\/iesganivet\/hueman\/\" >      <img loading=\"lazy\" decoding=\"async\" width=\"1134\" height=\"500\" src=\"https:\/\/blogsaverroes.juntadeandalucia.es\/iesganivet\/files\/2015\/05\/slider_02_1138_500.jpg\" class=\"attachment-full size-full wp-post-image\" alt=\"\" srcset=\"https:\/\/blogsaverroes.juntadeandalucia.es\/iesganivet\/files\/2015\/05\/slider_02_1138_500.jpg 1134w, https:\/\/blogsaverroes.juntadeandalucia.es\/iesganivet\/files\/2015\/05\/slider_02_1138_500-300x132.jpg 300w, https:\/\/blogsaverroes.juntadeandalucia.es\/iesganivet\/files\/2015\/05\/slider_02_1138_500-1024x451.jpg 1024w, https:\/\/blogsaverroes.juntadeandalucia.es\/iesganivet\/files\/2015\/05\/slider_02_1138_500-700x309.jpg 700w\" sizes=\"(max-width: 1134px) 100vw, 1134px\" \/>      <\/a>       \r\n      <div class=\"advps-excerpt-one\" style=\"width:30%;height:100%;top:0; right:0;\">\r\n      \t<div class=\"advps-overlay-one\" style=\"background-color:#000000; -moz-opacity:0.6;filter:alpha(opacity=60);opacity:0.6;\"><\/div>\r\n        <div class=\"advps-excerpt-block-one\" style=\"text-align:left;color:#FFFFFF;-moz-opacity:1;filter:alpha(opacity=100);opacity:1;\">        \r\n        <h2 class=\"advs-title\" style=\"margin:5px 0px 10px 0px;color:#FFFFFF\"><a target=\"_self\" href=\"https:\/\/blogsaverroes.juntadeandalucia.es\/iesganivet\/hueman\/\" style=\"margin:5px 0px 10px 0px;color:#FFFFFF\" >Actividad f\u00edsico-deportiva<\/a><\/h2>\r\n          \r\n            <p>Contamos contigo Hacemos camino fomentando la actividad f\u00edsico-deportiva. Contamos con el Programa Deporte en la Escuela, lo que nos permite ofrecer actividades deportivas en horario extraescolar para todos y fomentamos&#46;&#46;&#46;<\/p>\n        <\/div>\r\n      <\/div>\r\n    <\/div>\r\n        <div class=\"advps-slide\">\r\n\t<a target=\"_self\" href=\"https:\/\/blogsaverroes.juntadeandalucia.es\/iesganivet\/paginas-y-menus\/\" >      <img loading=\"lazy\" decoding=\"async\" width=\"1138\" height=\"500\" src=\"https:\/\/blogsaverroes.juntadeandalucia.es\/iesganivet\/files\/2015\/05\/slider_03_1138_500.jpg\" class=\"attachment-full size-full wp-post-image\" alt=\"\" srcset=\"https:\/\/blogsaverroes.juntadeandalucia.es\/iesganivet\/files\/2015\/05\/slider_03_1138_500.jpg 1138w, https:\/\/blogsaverroes.juntadeandalucia.es\/iesganivet\/files\/2015\/05\/slider_03_1138_500-300x132.jpg 300w, https:\/\/blogsaverroes.juntadeandalucia.es\/iesganivet\/files\/2015\/05\/slider_03_1138_500-1024x450.jpg 1024w, https:\/\/blogsaverroes.juntadeandalucia.es\/iesganivet\/files\/2015\/05\/slider_03_1138_500-700x308.jpg 700w\" sizes=\"(max-width: 1138px) 100vw, 1138px\" \/>      <\/a>       \r\n      <div class=\"advps-excerpt-one\" style=\"width:30%;height:100%;top:0; right:0;\">\r\n      \t<div class=\"advps-overlay-one\" style=\"background-color:#000000; -moz-opacity:0.6;filter:alpha(opacity=60);opacity:0.6;\"><\/div>\r\n        <div class=\"advps-excerpt-block-one\" style=\"text-align:left;color:#FFFFFF;-moz-opacity:1;filter:alpha(opacity=100);opacity:1;\">        \r\n        <h2 class=\"advs-title\" style=\"margin:5px 0px 10px 0px;color:#FFFFFF\"><a target=\"_self\" href=\"https:\/\/blogsaverroes.juntadeandalucia.es\/iesganivet\/paginas-y-menus\/\" style=\"margin:5px 0px 10px 0px;color:#FFFFFF\" >Centro Pluriling\u00fce<\/a><\/h2>\r\n          \r\n            <p>Impartimos las ense\u00f1anzas en franc\u00e9s y en ingl\u00e9s con el objetivo de que el alumnado al terminar la ESO haya alcanzado el nivel B1 en la primera lengua extranjera. Al&#46;&#46;&#46;<\/p>\n        <\/div>\r\n      <\/div>\r\n    <\/div>\r\n        <div class=\"advps-slide\">\r\n\t<a target=\"_self\" href=\"https:\/\/blogsaverroes.juntadeandalucia.es\/iesganivet\/entradas-y-categorias\/\" >      <img loading=\"lazy\" decoding=\"async\" width=\"1138\" height=\"500\" src=\"https:\/\/blogsaverroes.juntadeandalucia.es\/iesganivet\/files\/2015\/05\/slider_01_1138_500.jpg\" class=\"attachment-full size-full wp-post-image\" alt=\"\" srcset=\"https:\/\/blogsaverroes.juntadeandalucia.es\/iesganivet\/files\/2015\/05\/slider_01_1138_500.jpg 1138w, https:\/\/blogsaverroes.juntadeandalucia.es\/iesganivet\/files\/2015\/05\/slider_01_1138_500-300x132.jpg 300w, https:\/\/blogsaverroes.juntadeandalucia.es\/iesganivet\/files\/2015\/05\/slider_01_1138_500-1024x450.jpg 1024w, https:\/\/blogsaverroes.juntadeandalucia.es\/iesganivet\/files\/2015\/05\/slider_01_1138_500-700x308.jpg 700w\" sizes=\"(max-width: 1138px) 100vw, 1138px\" \/>      <\/a>       \r\n      <div class=\"advps-excerpt-one\" style=\"width:30%;height:100%;top:0; right:0;\">\r\n      \t<div class=\"advps-overlay-one\" style=\"background-color:#000000; -moz-opacity:0.6;filter:alpha(opacity=60);opacity:0.6;\"><\/div>\r\n        <div class=\"advps-excerpt-block-one\" style=\"text-align:left;color:#FFFFFF;-moz-opacity:1;filter:alpha(opacity=100);opacity:1;\">        \r\n        <h2 class=\"advs-title\" style=\"margin:5px 0px 10px 0px;color:#FFFFFF\"><a target=\"_self\" href=\"https:\/\/blogsaverroes.juntadeandalucia.es\/iesganivet\/entradas-y-categorias\/\" style=\"margin:5px 0px 10px 0px;color:#FFFFFF\" >Formaci\u00f3n en valores<\/a><\/h2>\r\n          \r\n            <p>Creemos en las personas Nuestro objetivo esencial es formar buenas personas. La educaci\u00f3n en valores es fundamental y est\u00e1 incluida en todos los procesos de ense\u00f1anza-aprendizaje.<\/p>\n        <\/div>\r\n      <\/div>\r\n    <\/div>\r\n      <\/div>\r\n  <\/div><!-- end advps-slide-container -->\r\n<!-- \/ Advanced post slider a multipurpose responsive slideshow plugin -->\r\n\n<p><div class=\"osc-res-tab tabbable   osc-tabs-left\"><div style=\"clear:both;width: 100%;\"><ul class=\"nav osc-res-nav nav-tabs osc-tabs-left-ul\" id=\"oscitas-restabs-1-entradas-y-categorias-80768\"><li class=\"active\"><a href=\"#ert_pane1-0\" data-toggle=\"tab\">Blogs Averroes<\/a><\/li><\/ul><\/div><div style=\"clear:both;width: 100%;\"><ul class=\"tab-content\" id=\"oscitas-restabcontent-1-entradas-y-categorias-80768\"><li class=\"tab-pane active\" id=\"ert_pane1-0\"><\/p>\n<p>El IES \u00c1ngel Ganivet es un centro p\u00fablico granadino con una gran tradici\u00f3n en la vida educativa de Granada. Fue creado en diciembre de 1933. Desde su puesta en marcha ha tenido varias sedes, desde la calle C\u00e1rcel pas\u00f3 a Buensuceso y posteriormente a la ubicaci\u00f3n actual en la calle Santa B\u00e1rbara.<\/p>\n<p>&nbsp;<\/p>\n<p><\/li><\/ul><\/div><\/div><br \/>\n[portfolio display_types=false showposts=4 display_tags=false include_type=Departamentos columns=4 display_content=false]<\/p>\n","protected":false},"excerpt":{"rendered":"<p>[portfolio display_types=false showposts=4 display_tags=false include_type=Departamentos columns=4 display_content=false]<\/p>\n","protected":false},"author":1,"featured_media":0,"parent":0,"menu_order":0,"comment_status":"closed","ping_status":"open","template":"template-full-width.php","meta":{"ngg_post_thumbnail":0,"footnotes":"","_mc_calendar":[]},"aioseo_notices":[],"_links":{"self":[{"href":"https:\/\/blogsaverroes.juntadeandalucia.es\/iesganivet\/wp-json\/wp\/v2\/pages\/1113"}],"collection":[{"href":"https:\/\/blogsaverroes.juntadeandalucia.es\/iesganivet\/wp-json\/wp\/v2\/pages"}],"about":[{"href":"https:\/\/blogsaverroes.juntadeandalucia.es\/iesganivet\/wp-json\/wp\/v2\/types\/page"}],"author":[{"embeddable":true,"href":"https:\/\/blogsaverroes.juntadeandalucia.es\/iesganivet\/wp-json\/wp\/v2\/users\/1"}],"replies":[{"embeddable":true,"href":"https:\/\/blogsaverroes.juntadeandalucia.es\/iesganivet\/wp-json\/wp\/v2\/comments?post=1113"}],"version-history":[{"count":27,"href":"https:\/\/blogsaverroes.juntadeandalucia.es\/iesganivet\/wp-json\/wp\/v2\/pages\/1113\/revisions"}],"predecessor-version":[{"id":2346,"href":"https:\/\/blogsaverroes.juntadeandalucia.es\/iesganivet\/wp-json\/wp\/v2\/pages\/1113\/revisions\/2346"}],"wp:attachment":[{"href":"https:\/\/blogsaverroes.juntadeandalucia.es\/iesganivet\/wp-json\/wp\/v2\/media?parent=1113"}],"curies":[{"name":"wp","href":"https:\/\/api.w.org\/{rel}","templated":true}]}}