{"id":42,"date":"2015-03-13T08:40:47","date_gmt":"2015-03-13T08:40:47","guid":{"rendered":"http:\/\/blogsaverroes.juntadeandalucia.es\/pre\/ceip\/?page_id=42"},"modified":"2022-02-24T00:26:50","modified_gmt":"2022-02-23T23:26:50","slug":"equipo-directivo","status":"publish","type":"page","link":"https:\/\/blogsaverroes.juntadeandalucia.es\/iesganivet\/equipo-directivo\/","title":{"rendered":"Equipo"},"content":{"rendered":"<p><strong>Equipo Directivo<\/strong><\/p>\n<ul>\n<li><em>Jos\u00e9 Nicol\u00e1s Garc\u00eda Iglesias &#8211; Director<\/em><\/li>\n<li><em>Cristina Moreno Guzm\u00e1n &#8211; Vicedirectora<\/em><\/li>\n<li><em>Isabel M\u00aa Porras Vara &#8211; Secretaria<\/em><\/li>\n<li><em>Sebasti\u00e1n Molina Catal\u00e1n &#8211; Jefe de Estudios<\/em><\/li>\n<li><em>M\u00aa del Carmen Ruiz Roman &#8211; Jefa de Estudios de Adultos<\/em><\/li>\n<li><em>Isabel M\u00aa Donaire Castillo&nbsp; &#8211; Jefa de estudios Adjunta<\/em><\/li>\n<\/ul>\n<p>&nbsp;<\/p>\n<p><strong>Equipo T\u00e9cnico de Coordinaci\u00f3n Pedag\u00f3gica<\/strong><\/p>\n<ul>\n<li><em>Jos\u00e9 Nicol\u00e1s Garc\u00eda Iglesias &#8211; Director<\/em><\/li>\n<li><em>Cristina Moreno Guzm\u00e1n &#8211; Vicedirectora<\/em><\/li>\n<li><em>Sebasti\u00e1n Molina Catal\u00e1n &#8211; Jefe de Estudios<\/em><\/li>\n<li><em>M\u00aa del Carmen Ruiz Roman &#8211; Jefa de Estudios de Adultos<\/em><\/li>\n<li><em>Regina Fern\u00e1ndez &#8211; Orientadora<\/em><\/li>\n<li><em>Rafael L\u00f3pez&nbsp; &#8211; Departamento de Formaci\u00f3n<\/em><\/li>\n<li><em>Andr\u00e9s Fumaneri &#8211; Jefe de \u00c1rea<\/em><\/li>\n<li><em>Jes\u00fas Sevilla &#8211;&nbsp;Jefe de \u00c1rea<\/em><\/li>\n<li><em>Jos\u00e9 Manuel Rojo &#8211;&nbsp;Jefe de \u00c1rea y secretario del ETCP<\/em><\/li>\n<li><em>Antonio Hermoso &#8211;&nbsp;Jefe de \u00c1rea<\/em><\/li>\n<\/ul>\n","protected":false},"excerpt":{"rendered":"<p>Equipo Directivo Jos\u00e9 Nicol\u00e1s Garc\u00eda Iglesias &#8211; Director Cristina Moreno Guzm\u00e1n &#8211; Vicedirectora Isabel M\u00aa Porras Vara &#8211; Secretaria Sebasti\u00e1n Molina Catal\u00e1n &#8211; Jefe de Estudios M\u00aa del Carmen Ruiz Roman &#8211; Jefa de&#46;&#46;&#46;<\/p>\n","protected":false},"author":1,"featured_media":0,"parent":0,"menu_order":0,"comment_status":"closed","ping_status":"open","template":"","meta":{"ngg_post_thumbnail":0,"footnotes":"","_mc_calendar":[]},"aioseo_notices":[],"_links":{"self":[{"href":"https:\/\/blogsaverroes.juntadeandalucia.es\/iesganivet\/wp-json\/wp\/v2\/pages\/42"}],"collection":[{"href":"https:\/\/blogsaverroes.juntadeandalucia.es\/iesganivet\/wp-json\/wp\/v2\/pages"}],"about":[{"href":"https:\/\/blogsaverroes.juntadeandalucia.es\/iesganivet\/wp-json\/wp\/v2\/types\/page"}],"author":[{"embeddable":true,"href":"https:\/\/blogsaverroes.juntadeandalucia.es\/iesganivet\/wp-json\/wp\/v2\/users\/1"}],"replies":[{"embeddable":true,"href":"https:\/\/blogsaverroes.juntadeandalucia.es\/iesganivet\/wp-json\/wp\/v2\/comments?post=42"}],"version-history":[{"count":6,"href":"https:\/\/blogsaverroes.juntadeandalucia.es\/iesganivet\/wp-json\/wp\/v2\/pages\/42\/revisions"}],"predecessor-version":[{"id":2396,"href":"https:\/\/blogsaverroes.juntadeandalucia.es\/iesganivet\/wp-json\/wp\/v2\/pages\/42\/revisions\/2396"}],"wp:attachment":[{"href":"https:\/\/blogsaverroes.juntadeandalucia.es\/iesganivet\/wp-json\/wp\/v2\/media?parent=42"}],"curies":[{"name":"wp","href":"https:\/\/api.w.org\/{rel}","templated":true}]}}