{"id":44,"date":"2015-03-13T08:42:15","date_gmt":"2015-03-13T08:42:15","guid":{"rendered":"http:\/\/blogsaverroes.juntadeandalucia.es\/pre\/ceip\/?page_id=44"},"modified":"2022-02-24T00:24:20","modified_gmt":"2022-02-23T23:24:20","slug":"planes-y-proyectos","status":"publish","type":"page","link":"https:\/\/blogsaverroes.juntadeandalucia.es\/iesganivet\/planes-y-proyectos\/","title":{"rendered":"Planes, Programas y Proyectos"},"content":{"rendered":"<p><img loading=\"lazy\" decoding=\"async\" class=\"alignnone size-medium wp-image-1667\" src=\"http:\/\/blogsaverroes.juntadeandalucia.es\/iesangelganivet\/files\/2015\/03\/planes-300x150.png\" alt=\"planes\" width=\"300\" height=\"150\" srcset=\"https:\/\/blogsaverroes.juntadeandalucia.es\/iesganivet\/files\/2015\/03\/planes-300x150.png 300w, https:\/\/blogsaverroes.juntadeandalucia.es\/iesganivet\/files\/2015\/03\/planes.png 640w\" sizes=\"(max-width: 300px) 100vw, 300px\" \/><\/p>\n<p>El centro participa de manera permanente en los Planes, Proyectos y Programas que se detallan a continuaci\u00f3n.<\/p>\n<p>En estos casos, por el car\u00e1cter permanente que tienen, siempre y en todos los cursos escolares, realizamos las funciones y actividades que el programa exige.<\/p>\n<p>&nbsp;<\/p>\n<table dir=\"ltr\" border=\"1\" cellspacing=\"0\" cellpadding=\"0\">\n<colgroup>\n<col width=\"333\">\n<col width=\"169\"><\/colgroup>\n<tbody>\n<tr>\n<td data-sheets-value=\"{&quot;1&quot;:2,&quot;2&quot;:&quot;Plan de Salud Laboral y P.R.L. COVID&quot;}\">Plan de Salud Laboral y&nbsp;<a href=\"https:\/\/www.juntadeandalucia.es\/educacion\/portals\/web\/ced\/plan-de-prevencion-de-riesgos-laborales\" target=\"_blank\" rel=\"noopener noreferrer\">P.R.L<\/a>. COVID<\/td>\n<td data-sheets-value=\"{&quot;1&quot;:2,&quot;2&quot;:&quot;Nuria Crisol&quot;}\">Nicol\u00e1s Garc\u00eda<\/td>\n<\/tr>\n<tr>\n<td data-sheets-value=\"{&quot;1&quot;:2,&quot;2&quot;:&quot;Programa de centro Pluriling\u00fce - Franc\u00e9s e Ingl\u00e9s&quot;}\">Programa de centro&nbsp;<a href=\"https:\/\/sites.google.com\/site\/plurigan2\/\" target=\"_blank\" rel=\"noopener noreferrer\">Pluriling\u00fce<\/a>&nbsp;&#8211; Franc\u00e9s e Ingl\u00e9s<\/td>\n<td data-sheets-value=\"{&quot;1&quot;:2,&quot;2&quot;:&quot;Mar\u00eda Jos\u00e9 Romera&quot;}\">Mar\u00eda Jos\u00e9 Romera<\/td>\n<\/tr>\n<tr>\n<td data-sheets-value=\"{&quot;1&quot;:2,&quot;2&quot;:&quot;Plan de igualdad de g\u00e9nero en educaci\u00f3n&quot;}\">Plan de<a href=\"https:\/\/www.juntadeandalucia.es\/educacion\/portals\/web\/igualdad\/inicio\" target=\"_blank\" rel=\"noopener noreferrer\">&nbsp;Igualdad de G\u00e9nero<\/a>&nbsp;en educaci\u00f3n<\/td>\n<td data-sheets-value=\"{&quot;1&quot;:2,&quot;2&quot;:&quot;Javier Garc\u00eda&quot;}\">Javier Garc\u00eda<\/td>\n<\/tr>\n<tr>\n<td data-sheets-value=\"{&quot;1&quot;:2,&quot;2&quot;:&quot;Plan Actuaci\u00f3n Digital&quot;}\">Plan de&nbsp;<a href=\"https:\/\/www.juntadeandalucia.es\/educacion\/portals\/web\/transformacion-digital-educativa\" target=\"_blank\" rel=\"noopener noreferrer\">Transformaci\u00f3n Digital<\/a><\/td>\n<td data-sheets-value=\"{&quot;1&quot;:2,&quot;2&quot;:&quot;Francisca Fdez&quot;}\">Isabel Porras<\/td>\n<\/tr>\n<\/tbody>\n<\/table>\n<p>&nbsp;<\/p>\n<p>Adem\u00e1s de esos programas existen otros que se ponen al servicio de la comunidad educativa, pero tienen la diferencia de que deben solicitarse y ser aprobados antes de ponerlos en marcha.<\/p>\n<p>Para el curso 2021\/2022, el centro tiene aprobados como&nbsp;<a href=\"https:\/\/www.juntadeandalucia.es\/educacion\/portals\/web\/ced\/planesyprogramas\/programas-innovacion-educativa\" target=\"_blank\" rel=\"noopener noreferrer\"><strong>PROGRAMAS PARA LA INNOVACI\u00d3N EDUCATIVA<\/strong><\/a>&nbsp;los siguientes:<\/p>\n<table dir=\"ltr\" style=\"width: 69.3852%\" border=\"1\" cellspacing=\"0\" cellpadding=\"0\">\n<colgroup>\n<col width=\"333\">\n<col width=\"169\"><\/colgroup>\n<tbody>\n<tr>\n<td style=\"width: 66.004%\" data-sheets-value=\"{&quot;1&quot;:2,&quot;2&quot;:&quot;1.- \u00c1MBITO EDUACI\u00d3N AMBIENTAL&quot;}\">1.- \u00c1MBITO EDUACI\u00d3N AMBIENTAL<\/td>\n<td style=\"width: 47.5149%\">&nbsp;<\/td>\n<\/tr>\n<tr>\n<td style=\"width: 66.004%\" data-sheets-value=\"{&quot;1&quot;:2,&quot;2&quot;:&quot;Aldea&quot;}\"><a href=\"http:\/\/www.juntadeandalucia.es\/medioambiente\/site\/portalweb\/menuitem.220de8226575045b25f09a105510e1ca\/?vgnextoid=dabed756d6359310VgnVCM1000001325e50aRCRD&amp;vgnextchannel=f34be156217d4310VgnVCM2000000624e50aRCRD\" target=\"_blank\" rel=\"noopener noreferrer\">Aldea<\/a><\/td>\n<td style=\"width: 47.5149%\" data-sheets-value=\"{&quot;1&quot;:2,&quot;2&quot;:&quot;Bel\u00e9n Mart\u00edn&quot;}\">Victoria G\u00f3mez<\/td>\n<\/tr>\n<tr>\n<td style=\"width: 66.004%\" data-sheets-value=\"{&quot;1&quot;:2,&quot;2&quot;:&quot;2.- \u00c1MBITO COMUNICACI\u00d3N LINGUISTICA&quot;}\">2.- \u00c1MBITO COMUNICACI\u00d3N LINGUISTICA<\/td>\n<td style=\"width: 47.5149%\">&nbsp;<\/td>\n<\/tr>\n<tr>\n<td style=\"width: 66.004%\" data-sheets-value=\"{&quot;1&quot;:2,&quot;2&quot;:&quot;Comunica&quot;}\"><a href=\"http:\/\/www.juntadeandalucia.es\/educacion\/webportal\/web\/lecturas-y-bibliotecas-escolares\/comunica\" target=\"_blank\" rel=\"noopener noreferrer\">Comunica<\/a><\/td>\n<td style=\"width: 47.5149%\" data-sheets-value=\"{&quot;1&quot;:2,&quot;2&quot;:&quot;Ana Cristina&quot;}\">No aprobado<\/td>\n<\/tr>\n<tr>\n<td style=\"width: 66.004%\" data-sheets-value=\"{&quot;1&quot;:2,&quot;2&quot;:&quot;3.- \u00c1MBITO CULTURA EMPRENDEDORA&quot;}\">3.- \u00c1MBITO CULTURA EMPRENDEDORA<\/td>\n<td style=\"width: 47.5149%\">&nbsp;<\/td>\n<\/tr>\n<tr>\n<td style=\"width: 66.004%\" data-sheets-value=\"{&quot;1&quot;:2,&quot;2&quot;:&quot;Innicia&quot;}\"><a href=\"https:\/\/www.juntadeandalucia.es\/educacion\/portals\/web\/innicia\" target=\"_blank\" rel=\"noopener noreferrer\">Innicia<\/a><\/td>\n<td style=\"width: 47.5149%\" data-sheets-value=\"{&quot;1&quot;:2,&quot;2&quot;:&quot;Jes\u00fas Benitez&quot;}\">Alejandro P\u00e9rez<\/td>\n<\/tr>\n<tr>\n<td style=\"width: 66.004%\" data-sheets-value=\"{&quot;1&quot;:2,&quot;2&quot;:&quot;4.- \u00c1MBITO PROMOCION DE VIDA SALUDABLE&quot;}\">4.- \u00c1MBITO PROMOCION DE VIDA SALUDABLE<\/td>\n<td style=\"width: 47.5149%\">&nbsp;<\/td>\n<\/tr>\n<tr>\n<td style=\"width: 66.004%\" data-sheets-value=\"{&quot;1&quot;:2,&quot;2&quot;:&quot;Forma Joven-Proeducar&quot;}\"><a href=\"http:\/\/www.juntadeandalucia.es\/educacion\/webportal\/web\/vida-saludable\/programas\/forma-joven\" target=\"_blank\" rel=\"noopener noreferrer\">Forma Joven-Proeducar<\/a><\/td>\n<td style=\"width: 47.5149%\" data-sheets-value=\"{&quot;1&quot;:2,&quot;2&quot;:&quot;Rafaela Hidalgo&quot;}\">Regina Fern\u00e1ndez<\/td>\n<\/tr>\n<tr>\n<td style=\"width: 66.004%\" data-sheets-value=\"{&quot;1&quot;:2,&quot;2&quot;:&quot;5.- \u00c1MBITO PROGRAMAS CULTURALES&quot;}\">5.- \u00c1MBITO PROGRAMAS CULTURALES<\/td>\n<td style=\"width: 47.5149%\">&nbsp;<\/td>\n<\/tr>\n<tr>\n<td style=\"width: 66.004%\" data-sheets-value=\"{&quot;1&quot;:2,&quot;2&quot;:&quot;Escuela Djaque&quot;}\"><a href=\"https:\/\/www.juntadeandalucia.es\/educacion\/portals\/web\/ced\/planesyprogramas\/detalle\/-\/contenidos\/detalle\/contenido-programas-culturales-auladjaque\" target=\"_blank\" rel=\"noopener noreferrer\">Aula Djaque<\/a><\/td>\n<td style=\"width: 47.5149%\" data-sheets-value=\"{&quot;1&quot;:2,&quot;2&quot;:&quot;Rafael Cazorla&quot;}\">Rafael Cazorla<\/td>\n<\/tr>\n<\/tbody>\n<\/table>\n<p>&nbsp;<\/p>\n<p>Tambi\u00e9n participamos y trabajamos en otros que consideramos necesarios y beneficiosos para nuestro alumnado:<\/p>\n<table dir=\"ltr\" border=\"1\" cellspacing=\"0\" cellpadding=\"0\">\n<colgroup>\n<col width=\"333\">\n<col width=\"169\"><\/colgroup>\n<tbody>\n<tr>\n<td data-sheets-value=\"{&quot;1&quot;:2,&quot;2&quot;:&quot;Escuelas Espacios de Paz&quot;}\">Escuelas&nbsp;<a href=\"https:\/\/www.juntadeandalucia.es\/educacion\/portals\/web\/convivencia-escolar\/inicio\" target=\"_blank\" rel=\"noopener noreferrer\">Espacios de Paz<\/a><\/td>\n<td data-sheets-value=\"{&quot;1&quot;:2,&quot;2&quot;:&quot;Jos\u00e9 Manuel Rojo&quot;}\">Jos\u00e9 Manuel Rojo<\/td>\n<\/tr>\n<tr>\n<td data-sheets-value=\"{&quot;1&quot;:2,&quot;2&quot;:&quot;Master del Profesorado&quot;}\"><a href=\"https:\/\/masteres.ugr.es\/profesorado\/\" target=\"_blank\" rel=\"noopener noreferrer\">Master<\/a>&nbsp;del Profesorado<\/td>\n<td data-sheets-value=\"{&quot;1&quot;:2,&quot;2&quot;:&quot;Sebasti\u00e1n Molina&quot;}\">Sebasti\u00e1n Molina<\/td>\n<\/tr>\n<tr>\n<td data-sheets-value=\"{&quot;1&quot;:2,&quot;2&quot;:&quot;Biblioteca Escolar&quot;}\"><a href=\"http:\/\/www.juntadeandalucia.es\/educacion\/webportal\/web\/lecturas-y-bibliotecas-escolares\" target=\"_blank\" rel=\"noopener noreferrer\">Biblioteca<\/a>&nbsp;Escolar<\/td>\n<td data-sheets-value=\"{&quot;1&quot;:2,&quot;2&quot;:&quot;Francisca Fdez&quot;}\">Antonio Morillas<\/td>\n<\/tr>\n<tr>\n<td data-sheets-value=\"{&quot;1&quot;:2,&quot;2&quot;:&quot;Google&quot;}\"><a href=\"https:\/\/edu.google.com\/intl\/es-419_ALL\/products\/gsuite-for-education\/?gclid=CjwKCAiA7939BRBMEiwA-hX5Jz40rDztWTGCtc90QOEaGYQlEz47ZMoygXiCXyqy-SuHNsRYbxCN2RoCyCEQAvD_BwE\" target=\"_blank\" rel=\"noopener noreferrer\">Google<\/a>&nbsp;para Educaci\u00f3n<\/td>\n<td data-sheets-value=\"{&quot;1&quot;:2,&quot;2&quot;:&quot;Isabel Porras&quot;}\">Isabel Porras<\/td>\n<\/tr>\n<tr>\n<td data-sheets-value=\"{&quot;1&quot;:2,&quot;2&quot;:&quot;Proyecto Star&quot;}\">Proyecto&nbsp;<a href=\"http:\/\/www.movilidadgranada.com\/STARS.php\" target=\"_blank\" rel=\"noopener noreferrer\">Star<\/a><\/td>\n<td data-sheets-value=\"{&quot;1&quot;:2,&quot;2&quot;:&quot;Leandro Serrano&quot;}\">Leandro Serrano<\/td>\n<\/tr>\n<tr>\n<td data-sheets-value=\"{&quot;1&quot;:2,&quot;2&quot;:&quot;Escuelas Deportivas&quot;}\">Escuelas&nbsp;<a href=\"https:\/\/www.juntadeandalucia.es\/temas\/cultura-ocio\/deporte\/deporte-escolar.html\" target=\"_blank\" rel=\"noopener noreferrer\">Deportivas<\/a><\/td>\n<td data-sheets-value=\"{&quot;1&quot;:2,&quot;2&quot;:&quot;Leandro Serrano&quot;}\">Javier Jim\u00e9nez<\/td>\n<\/tr>\n<tr>\n<td data-sheets-value=\"{&quot;1&quot;:2,&quot;2&quot;:&quot;Proyecto Director&quot;}\">Proyecto&nbsp;<a href=\"https:\/\/www.policia.es\/org_central\/seguridad_ciudadana\/unidad_central_part_ciudada\/art_ciudadana_poli_escuel.html\" target=\"_blank\" rel=\"noopener noreferrer\">Director<\/a><\/td>\n<td data-sheets-value=\"{&quot;1&quot;:2,&quot;2&quot;:&quot;Vicedirecci\u00f3n&quot;}\">Vicedirecci\u00f3n<\/td>\n<\/tr>\n<tr>\n<td data-sheets-value=\"{&quot;1&quot;:2,&quot;2&quot;:&quot;Picasso Moob&quot;}\">Movilidades individuales Picasso&nbsp;<a href=\"https:\/\/blogsaverroes.juntadeandalucia.es\/plurilinguismodelegaciongranada\/programa-picassomob\/\" target=\"_blank\" rel=\"noopener noreferrer\">Moob<\/a><\/td>\n<td data-sheets-value=\"{&quot;1&quot;:2,&quot;2&quot;:&quot;Mar\u00eda Jos\u00e9 Romera&quot;}\">Mar\u00eda Jos\u00e9 Romera<\/td>\n<\/tr>\n<tr>\n<td data-sheets-value=\"{&quot;1&quot;:2,&quot;2&quot;:&quot;Erasmus+(FP) Grado medio&quot;}\"><a href=\"http:\/\/sepie.es\/\" target=\"_blank\" rel=\"noopener noreferrer\">Erasmus+<\/a>: ESO y FP<\/td>\n<td data-sheets-value=\"{&quot;1&quot;:2,&quot;2&quot;:&quot;Equipo Directivo&quot;}\">Mar\u00eda Valverde<\/td>\n<\/tr>\n<\/tbody>\n<\/table>\n","protected":false},"excerpt":{"rendered":"<p>El centro participa de manera permanente en los Planes, Proyectos y Programas que se detallan a continuaci\u00f3n. En estos casos, por el car\u00e1cter permanente que tienen, siempre y en todos los cursos escolares, realizamos&#46;&#46;&#46;<\/p>\n","protected":false},"author":1,"featured_media":0,"parent":0,"menu_order":0,"comment_status":"closed","ping_status":"closed","template":"","meta":{"ngg_post_thumbnail":0,"footnotes":"","_mc_calendar":[]},"aioseo_notices":[],"_links":{"self":[{"href":"https:\/\/blogsaverroes.juntadeandalucia.es\/iesganivet\/wp-json\/wp\/v2\/pages\/44"}],"collection":[{"href":"https:\/\/blogsaverroes.juntadeandalucia.es\/iesganivet\/wp-json\/wp\/v2\/pages"}],"about":[{"href":"https:\/\/blogsaverroes.juntadeandalucia.es\/iesganivet\/wp-json\/wp\/v2\/types\/page"}],"author":[{"embeddable":true,"href":"https:\/\/blogsaverroes.juntadeandalucia.es\/iesganivet\/wp-json\/wp\/v2\/users\/1"}],"replies":[{"embeddable":true,"href":"https:\/\/blogsaverroes.juntadeandalucia.es\/iesganivet\/wp-json\/wp\/v2\/comments?post=44"}],"version-history":[{"count":6,"href":"https:\/\/blogsaverroes.juntadeandalucia.es\/iesganivet\/wp-json\/wp\/v2\/pages\/44\/revisions"}],"predecessor-version":[{"id":2394,"href":"https:\/\/blogsaverroes.juntadeandalucia.es\/iesganivet\/wp-json\/wp\/v2\/pages\/44\/revisions\/2394"}],"wp:attachment":[{"href":"https:\/\/blogsaverroes.juntadeandalucia.es\/iesganivet\/wp-json\/wp\/v2\/media?parent=44"}],"curies":[{"name":"wp","href":"https:\/\/api.w.org\/{rel}","templated":true}]}}