{"id":49,"date":"2015-03-13T08:47:05","date_gmt":"2015-03-13T08:47:05","guid":{"rendered":"http:\/\/blogsaverroes.juntadeandalucia.es\/pre\/ceip\/?page_id=49"},"modified":"2022-02-24T00:21:24","modified_gmt":"2022-02-23T23:21:24","slug":"proyecto-educativo","status":"publish","type":"page","link":"https:\/\/blogsaverroes.juntadeandalucia.es\/iesganivet\/proyecto-educativo\/","title":{"rendered":"Plan del Centro"},"content":{"rendered":"<p><img loading=\"lazy\" decoding=\"async\" class=\"alignnone size-medium wp-image-1662\" src=\"http:\/\/blogsaverroes.juntadeandalucia.es\/iesangelganivet\/files\/2015\/03\/proyecto-300x266.png\" alt=\"proyecto\" width=\"300\" height=\"266\" srcset=\"https:\/\/blogsaverroes.juntadeandalucia.es\/iesganivet\/files\/2015\/03\/proyecto-300x266.png 300w, https:\/\/blogsaverroes.juntadeandalucia.es\/iesganivet\/files\/2015\/03\/proyecto.png 640w\" sizes=\"(max-width: 300px) 100vw, 300px\" \/><\/p>\n<p dir=\"ltr\" data-font-name=\"g_font_p0_1\" data-canvas-width=\"279.31200832414635\">&nbsp;El&nbsp;<strong>Plan de Centro<\/strong>&nbsp;es el documento de planificaci\u00f3n del centro y tiene un caracter plurianual. Lo componen b\u00e1sicamente tres documentos con caracter\u00edsticas propias aunque en este curso 2021\/2022 nuevamente tambi\u00e9n forman parte de \u00e9l otros documentos importantes.<\/p>\n<p dir=\"ltr\" data-font-name=\"g_font_p0_1\" data-canvas-width=\"279.31200832414635\"><strong><a href=\"https:\/\/drive.google.com\/file\/d\/1vcyuH2mSfJ-ZwFRwsBjECzNFjQmDVegm\/view?usp=sharing\" target=\"_blank\" rel=\"noopener noreferrer\">PROYECTO EDUCATIVO<\/a>,<\/strong>&nbsp;constituye nuestras se\u00f1as de identidad.&nbsp;Expresa la educaci\u00f3n que deseamos desarrollar, contemplando los valores, los objetivos y las prioridades de actuaci\u00f3n, no limit\u00e1ndose s\u00f3lo a los aspectos curriculares, sino tambi\u00e9n a aquellos otros que, desde un punto de vista cultural, hacen de nuestro Centro un elemento dinamizador de la zona donde est\u00e1 ubicado.<\/p>\n<p><strong><a href=\"https:\/\/drive.google.com\/file\/d\/1wKrxKZd-CGwXtuoOHJ1mLJ69o0o4WmLD\/view?usp=sharing\" target=\"_blank\" rel=\"noopener noreferrer\">REGLAMENTO DE ORGANIZACI\u00d3N Y FUNCIONAMIENTO (ROF)<\/a>,<\/strong>&nbsp;recoge las normas organizativas y funcionales que facilitan la consecuci\u00f3n del clima adecuado para alcanzar los objetivos que nos hemos propuesto y que permiten mantener un ambiente de respeto, confianza y colaboraci\u00f3n entre todos los sectores de la comunidad educativo.<\/p>\n<p>&nbsp;<strong><a href=\"https:\/\/drive.google.com\/file\/d\/1oUfTVocHCkCkXPBCcnzFrfCmkMChGkpe\/view?usp=sharing\" target=\"_blank\" rel=\"noopener noreferrer\">PROYECTO DE GESTI\u00d3N<\/a>,&nbsp;<\/strong>que regula los aspectos m\u00e1s econ\u00f3micos que debe gestionar el centro.<\/p>\n<p>&nbsp;<\/p>\n<p>Y en este curso forma parte tambi\u00e9n del Plan del Centro los siguientes documentos:<\/p>\n<p><a href=\"https:\/\/drive.google.com\/file\/d\/17CUJQ2b7MQ74GKr3gp4tWSm8T1hcZYLW\/view?usp=sharing\" target=\"_blank\" rel=\"noopener noreferrer\">PROTOCOLO COVID<\/a><\/p>\n<p><a href=\"https:\/\/drive.google.com\/file\/d\/15JkJO6U-4Ma0F9n6Dmoa8IPFXZQKHbdI\/view?usp=sharing\" target=\"_blank\" rel=\"noopener noreferrer\">PLAN DE ACTUACI\u00d3N DIGITAL<\/a><\/p>\n","protected":false},"excerpt":{"rendered":"<p>&nbsp;El&nbsp;Plan de Centro&nbsp;es el documento de planificaci\u00f3n del centro y tiene un caracter plurianual. Lo componen b\u00e1sicamente tres documentos con caracter\u00edsticas propias aunque en este curso 2021\/2022 nuevamente tambi\u00e9n forman parte de \u00e9l otros&#46;&#46;&#46;<\/p>\n","protected":false},"author":1,"featured_media":0,"parent":0,"menu_order":0,"comment_status":"closed","ping_status":"open","template":"","meta":{"ngg_post_thumbnail":0,"footnotes":"","_mc_calendar":[]},"aioseo_notices":[],"_links":{"self":[{"href":"https:\/\/blogsaverroes.juntadeandalucia.es\/iesganivet\/wp-json\/wp\/v2\/pages\/49"}],"collection":[{"href":"https:\/\/blogsaverroes.juntadeandalucia.es\/iesganivet\/wp-json\/wp\/v2\/pages"}],"about":[{"href":"https:\/\/blogsaverroes.juntadeandalucia.es\/iesganivet\/wp-json\/wp\/v2\/types\/page"}],"author":[{"embeddable":true,"href":"https:\/\/blogsaverroes.juntadeandalucia.es\/iesganivet\/wp-json\/wp\/v2\/users\/1"}],"replies":[{"embeddable":true,"href":"https:\/\/blogsaverroes.juntadeandalucia.es\/iesganivet\/wp-json\/wp\/v2\/comments?post=49"}],"version-history":[{"count":6,"href":"https:\/\/blogsaverroes.juntadeandalucia.es\/iesganivet\/wp-json\/wp\/v2\/pages\/49\/revisions"}],"predecessor-version":[{"id":2392,"href":"https:\/\/blogsaverroes.juntadeandalucia.es\/iesganivet\/wp-json\/wp\/v2\/pages\/49\/revisions\/2392"}],"wp:attachment":[{"href":"https:\/\/blogsaverroes.juntadeandalucia.es\/iesganivet\/wp-json\/wp\/v2\/media?parent=49"}],"curies":[{"name":"wp","href":"https:\/\/api.w.org\/{rel}","templated":true}]}}