{"id":77,"date":"2015-03-16T06:54:56","date_gmt":"2015-03-16T06:54:56","guid":{"rendered":"http:\/\/blogsaverroes.juntadeandalucia.es\/pre\/ceip\/?page_id=77"},"modified":"2022-02-24T00:28:18","modified_gmt":"2022-02-23T23:28:18","slug":"secretaria","status":"publish","type":"page","link":"https:\/\/blogsaverroes.juntadeandalucia.es\/iesganivet\/secretaria\/","title":{"rendered":"Secretar\u00eda"},"content":{"rendered":"<p>Horario de 9:00 a 13:00 horas<\/p>\n<p>&nbsp;<\/p>\n<p>Cada vez m\u00e1s estamos intentando poder comunicarnos sin necesidad de que os person\u00e9is en el centro y reduciendo el papel que utilizamos.<\/p>\n<p>La mayor\u00eda de las solicitudes ya se cumplimentan&nbsp;obligatoriamente&nbsp;en la&nbsp;<a href=\"https:\/\/www.juntadeandalucia.es\/educacion\/secretariavirtual\/\" target=\"_blank\" rel=\"noopener noreferrer\">Secretar\u00eda Virtual de la Consejer\u00eda de Educaci\u00f3n<\/a>.<\/p>\n<p>Muchas de las comunicaciones es posible hacerlas a trav\u00e9s de&nbsp;<a href=\"https:\/\/www.juntadeandalucia.es\/educacion\/portalseneca\/web\/pasen\/inicio\" target=\"_blank\" rel=\"noopener noreferrer\">iPasen<\/a>.<\/p>\n<p>Si fuera necesario hacer otros tr\u00e1mites, os sugerimos ponerse en contacto con nosotros a trav\u00e9s de:<\/p>\n<p>&nbsp;&nbsp;&nbsp;<\/p>\n<p><strong>IES \u00c1NGEL GANIVET<\/strong><\/p>\n<p>C\/ Santa B\u00e1rbara, 15<\/p>\n<p>18001&nbsp;&nbsp; GRANADA<\/p>\n<p>&nbsp;<\/p>\n<p><strong>CONSERJER\u00cdA<\/strong>:&nbsp;958 89 33 53<\/p>\n<p>&nbsp;<strong>ADMINISTRACI\u00d3N:<\/strong>&nbsp;958 89 33 59<\/p>\n<p><strong>E-mail Secretar\u00eda<\/strong>:&nbsp;&nbsp;<a href=\"mailto:administracion.info@iesganivet.es\">administracion.info@iesganivet.es<\/a><\/p>\n<p>Horario de atenci\u00f3n al p\u00fablico en Secretar\u00eda:&nbsp;<strong>de 9 a 13 horas<\/strong><\/p>\n<p>&nbsp;<\/p>\n","protected":false},"excerpt":{"rendered":"<p>Horario de 9:00 a 13:00 horas &nbsp; Cada vez m\u00e1s estamos intentando poder comunicarnos sin necesidad de que os person\u00e9is en el centro y reduciendo el papel que utilizamos. La mayor\u00eda de las solicitudes&#46;&#46;&#46;<\/p>\n","protected":false},"author":1,"featured_media":0,"parent":0,"menu_order":0,"comment_status":"closed","ping_status":"open","template":"","meta":{"ngg_post_thumbnail":0,"footnotes":"","_mc_calendar":[]},"aioseo_notices":[],"_links":{"self":[{"href":"https:\/\/blogsaverroes.juntadeandalucia.es\/iesganivet\/wp-json\/wp\/v2\/pages\/77"}],"collection":[{"href":"https:\/\/blogsaverroes.juntadeandalucia.es\/iesganivet\/wp-json\/wp\/v2\/pages"}],"about":[{"href":"https:\/\/blogsaverroes.juntadeandalucia.es\/iesganivet\/wp-json\/wp\/v2\/types\/page"}],"author":[{"embeddable":true,"href":"https:\/\/blogsaverroes.juntadeandalucia.es\/iesganivet\/wp-json\/wp\/v2\/users\/1"}],"replies":[{"embeddable":true,"href":"https:\/\/blogsaverroes.juntadeandalucia.es\/iesganivet\/wp-json\/wp\/v2\/comments?post=77"}],"version-history":[{"count":5,"href":"https:\/\/blogsaverroes.juntadeandalucia.es\/iesganivet\/wp-json\/wp\/v2\/pages\/77\/revisions"}],"predecessor-version":[{"id":2398,"href":"https:\/\/blogsaverroes.juntadeandalucia.es\/iesganivet\/wp-json\/wp\/v2\/pages\/77\/revisions\/2398"}],"wp:attachment":[{"href":"https:\/\/blogsaverroes.juntadeandalucia.es\/iesganivet\/wp-json\/wp\/v2\/media?parent=77"}],"curies":[{"name":"wp","href":"https:\/\/api.w.org\/{rel}","templated":true}]}}