{"id":10140,"date":"2023-03-15T16:24:24","date_gmt":"2023-03-15T15:24:24","guid":{"rendered":"https:\/\/blogsaverroes.juntadeandalucia.es\/iesgaviota\/?page_id=10140"},"modified":"2026-04-20T09:35:26","modified_gmt":"2026-04-20T07:35:26","slug":"escolarizacion-2","status":"publish","type":"page","link":"https:\/\/blogsaverroes.juntadeandalucia.es\/iesgaviota\/escolarizacion-2\/","title":{"rendered":"ESCOLARIZACI\u00d3N 26\/27"},"content":{"rendered":"<p>&nbsp;<\/p>\n<p style=\"text-align: center\"><strong>IMPORTANTE<\/strong>&nbsp;<\/p>\n<p><strong>&nbsp;Se ha publicado en el tabl\u00f3n de anuncios del centro la Relaci\u00f3n baremada de alumnos y alumnas solicitantes y la Relaci\u00f3n alfab\u00e9tica de solicitudes recibidas<\/strong>.<\/p>\n<p>&nbsp;<\/p>\n<p>&nbsp;<\/p>\n<p>Del 1 al 31 de marzo est\u00e1 abierto el periodo de escolarizaci\u00f3n para Secundaria y Bachillerato.<\/p>\n<p>El alumnado del CEIP Mare Nostrum, CEIP Pedro Mena y CEIP Fuentesantilla, centros adscritos al 100%, no tendr\u00e1n que presentar solicitud, ya que tienen reservada su plaza.<\/p>\n<p>El alumnado del CEIP Abdera y CEIP Buenavista, centros de adscripci\u00f3n m\u00faltiple, deber\u00e1n presentar la solicitud en nuestro centro, si desean cursar estudios en el IES Gaviota.<\/p>\n<p>El resto de centros no son adscritos, pero el alumnado puede solicitar nuestro centro. No pierden el derecho de su centro adscrito, salvo que sea admitido en nuestro centro, que s\u00ed lo perder\u00e1.<\/p>\n<p>Puedes hacer el tr\u00e1mite a trav\u00e9s de la secretaria virtual en el siguiente enlace: &nbsp;&nbsp; &nbsp;&nbsp; <a title=\"Escolarizaci\u00f3n\" href=\"https:\/\/www.juntadeandalucia.es\/educacion\/secretariavirtual\/accesoTramite\/543\/\">Escolarizaci\u00f3n<\/a><\/p>\n","protected":false},"excerpt":{"rendered":"<p>&nbsp; IMPORTANTE&nbsp; &nbsp;Se ha publicado en el tabl\u00f3n de anuncios del centro la Relaci\u00f3n baremada de alumnos y alumnas solicitantes y la Relaci\u00f3n alfab\u00e9tica de solicitudes recibidas. &nbsp; &nbsp; Del 1 al 31 de&#46;&#46;&#46;<\/p>\n","protected":false},"author":3385,"featured_media":0,"parent":0,"menu_order":0,"comment_status":"closed","ping_status":"closed","template":"","meta":{"ngg_post_thumbnail":0,"footnotes":"","_mc_calendar":[]},"aioseo_notices":[],"_links":{"self":[{"href":"https:\/\/blogsaverroes.juntadeandalucia.es\/iesgaviota\/wp-json\/wp\/v2\/pages\/10140"}],"collection":[{"href":"https:\/\/blogsaverroes.juntadeandalucia.es\/iesgaviota\/wp-json\/wp\/v2\/pages"}],"about":[{"href":"https:\/\/blogsaverroes.juntadeandalucia.es\/iesgaviota\/wp-json\/wp\/v2\/types\/page"}],"author":[{"embeddable":true,"href":"https:\/\/blogsaverroes.juntadeandalucia.es\/iesgaviota\/wp-json\/wp\/v2\/users\/3385"}],"replies":[{"embeddable":true,"href":"https:\/\/blogsaverroes.juntadeandalucia.es\/iesgaviota\/wp-json\/wp\/v2\/comments?post=10140"}],"version-history":[{"count":14,"href":"https:\/\/blogsaverroes.juntadeandalucia.es\/iesgaviota\/wp-json\/wp\/v2\/pages\/10140\/revisions"}],"predecessor-version":[{"id":11889,"href":"https:\/\/blogsaverroes.juntadeandalucia.es\/iesgaviota\/wp-json\/wp\/v2\/pages\/10140\/revisions\/11889"}],"wp:attachment":[{"href":"https:\/\/blogsaverroes.juntadeandalucia.es\/iesgaviota\/wp-json\/wp\/v2\/media?parent=10140"}],"curies":[{"name":"wp","href":"https:\/\/api.w.org\/{rel}","templated":true}]}}