{"id":11399,"date":"2025-09-26T18:44:29","date_gmt":"2025-09-26T16:44:29","guid":{"rendered":"https:\/\/blogsaverroes.juntadeandalucia.es\/iesgaviota\/?page_id=11399"},"modified":"2025-09-26T18:44:29","modified_gmt":"2025-09-26T16:44:29","slug":"biblioteca","status":"publish","type":"page","link":"https:\/\/blogsaverroes.juntadeandalucia.es\/iesgaviota\/biblioteca\/","title":{"rendered":"Biblioteca"},"content":{"rendered":"<p><a href=\"https:\/\/blogsaverroes.juntadeandalucia.es\/iesgaviota\/files\/2025\/09\/cartel3.png\"><img loading=\"lazy\" decoding=\"async\" class=\"aligncenter size-full wp-image-11401\" src=\"https:\/\/blogsaverroes.juntadeandalucia.es\/iesgaviota\/files\/2025\/09\/cartel3.png\" alt=\"\" width=\"2245\" height=\"1587\" srcset=\"https:\/\/blogsaverroes.juntadeandalucia.es\/iesgaviota\/files\/2025\/09\/cartel3.png 1600w, https:\/\/blogsaverroes.juntadeandalucia.es\/iesgaviota\/files\/2025\/09\/cartel3-300x212.png 300w, https:\/\/blogsaverroes.juntadeandalucia.es\/iesgaviota\/files\/2025\/09\/cartel3-1024x724.png 1024w, https:\/\/blogsaverroes.juntadeandalucia.es\/iesgaviota\/files\/2025\/09\/cartel3-768x543.png 768w, https:\/\/blogsaverroes.juntadeandalucia.es\/iesgaviota\/files\/2025\/09\/cartel3-1536x1086.png 1536w, https:\/\/blogsaverroes.juntadeandalucia.es\/iesgaviota\/files\/2025\/09\/cartel3-2048x1448.png 2048w\" sizes=\"(max-width: 2245px) 100vw, 2245px\" \/><\/a><\/p>\n<p>Nuestro centro cuenta con una biblioteca escolar al servicio de toda la comunidad educativa. En ella puedes encontrar todo tipo de lecturas, desde c\u00f3mics, hasta novelas. Adem\u00e1s, es un lugar ideal para estudiar, relajarse y encontrar la pasi\u00f3n por la lectura. \u00a1Ahm! \u00a1Y no olvides que tambi\u00e9n tenemos un CLUB DE LECTURA!<\/p>\n<p>&nbsp;<\/p>\n<p style=\"text-align: center\">HORARIO<\/p>\n<p style=\"text-align: center\">Todos los recreos del curso.<\/p>\n<p>\u00bfQuieres pedir un libro para la biblioteca? \u00a1Rellena este formulario! <a href=\"https:\/\/docs.google.com\/forms\/d\/e\/1FAIpQLSc6LRxksn0EhZ1Ba9UTMqWdbYmj0Pzv_bUm0AOGYi9nyPuKDw\/viewform?usp=header\">FORMULARIO<\/a><\/p>\n","protected":false},"excerpt":{"rendered":"<p>Nuestro centro cuenta con una biblioteca escolar al servicio de toda la comunidad educativa. En ella puedes encontrar todo tipo de lecturas, desde c\u00f3mics, hasta novelas. Adem\u00e1s, es un lugar ideal para estudiar, relajarse&#46;&#46;&#46;<\/p>\n","protected":false},"author":3385,"featured_media":0,"parent":0,"menu_order":0,"comment_status":"closed","ping_status":"closed","template":"","meta":{"ngg_post_thumbnail":0,"footnotes":"","_mc_calendar":[]},"aioseo_notices":[],"_links":{"self":[{"href":"https:\/\/blogsaverroes.juntadeandalucia.es\/iesgaviota\/wp-json\/wp\/v2\/pages\/11399"}],"collection":[{"href":"https:\/\/blogsaverroes.juntadeandalucia.es\/iesgaviota\/wp-json\/wp\/v2\/pages"}],"about":[{"href":"https:\/\/blogsaverroes.juntadeandalucia.es\/iesgaviota\/wp-json\/wp\/v2\/types\/page"}],"author":[{"embeddable":true,"href":"https:\/\/blogsaverroes.juntadeandalucia.es\/iesgaviota\/wp-json\/wp\/v2\/users\/3385"}],"replies":[{"embeddable":true,"href":"https:\/\/blogsaverroes.juntadeandalucia.es\/iesgaviota\/wp-json\/wp\/v2\/comments?post=11399"}],"version-history":[{"count":1,"href":"https:\/\/blogsaverroes.juntadeandalucia.es\/iesgaviota\/wp-json\/wp\/v2\/pages\/11399\/revisions"}],"predecessor-version":[{"id":11402,"href":"https:\/\/blogsaverroes.juntadeandalucia.es\/iesgaviota\/wp-json\/wp\/v2\/pages\/11399\/revisions\/11402"}],"wp:attachment":[{"href":"https:\/\/blogsaverroes.juntadeandalucia.es\/iesgaviota\/wp-json\/wp\/v2\/media?parent=11399"}],"curies":[{"name":"wp","href":"https:\/\/api.w.org\/{rel}","templated":true}]}}