{"id":35,"date":"2015-03-13T08:21:43","date_gmt":"2015-03-13T07:21:43","guid":{"rendered":"http:\/\/blogsaverroes.juntadeandalucia.es\/pre\/ceip\/?page_id=35"},"modified":"2025-09-26T18:03:58","modified_gmt":"2025-09-26T16:03:58","slug":"el-centro-2","status":"publish","type":"page","link":"https:\/\/blogsaverroes.juntadeandalucia.es\/iesgaviota\/el-instituto\/el-centro-2\/","title":{"rendered":"Datos del centro"},"content":{"rendered":"<h4><span style=\"color: #ffffff;font-family: helvetica,arial,sans-serif;font-size: 18pt;background-color: #3366ff\"><strong>&nbsp;Situaci\u00f3n&nbsp;<\/strong><\/span><\/h4>\n<p>&nbsp;<\/p>\n<p><iframe loading=\"lazy\" src=\"https:\/\/www.google.com\/maps\/d\/embed?mid=10a0LSNhkEFY3h0_mhAshE-jd-NhjhRo&amp;ehbc=2E312F\" width=\"640\" height=\"480\"><\/iframe>&nbsp;<\/p>\n<h4><span style=\"font-size: 18pt;background-color: #3366ff;color: #ffffff;font-family: helvetica,arial,sans-serif\"><strong>&nbsp;Datos de contacto&nbsp;<\/strong><\/span><\/h4>\n<h3><span style=\"font-family: helvetica,arial,sans-serif\"><strong><span style=\"font-size: 14pt\">Instituto de Educaci\u00f3n Secundaria Gaviota<\/span><\/strong><\/span><\/h3>\n<h3><span style=\"font-family: helvetica,arial,sans-serif;font-size: 12pt\">Calle Estero, 4<\/span><\/h3>\n<h3><span style=\"font-family: helvetica,arial,sans-serif;font-size: 12pt\">04770&nbsp;Adra-Almer\u00eda (ESPA\u00d1A)<\/span><\/h3>\n<p>&nbsp;<\/p>\n<p><span style=\"font-size: 14pt\"><strong>TEL\u00c9FONOS<\/strong><\/span><\/p>\n<h3><span style=\"font-family: helvetica,arial,sans-serif;font-size: 12pt\">Tel\u00e9fono (+34)&nbsp;&nbsp;950 579 614<\/span><\/h3>\n<h3><span style=\"font-family: helvetica,arial,sans-serif;font-size: 12pt\"> Fax (+34)&nbsp;<strong>&nbsp;<\/strong>950 579 616<\/span><\/h3>\n<p>&nbsp;<\/p>\n<h3><span style=\"font-family: helvetica,arial,sans-serif;font-size: 14pt\"> <strong>E-MAIL<\/strong><\/span><\/h3>\n<h3><span style=\"font-size: 12pt;font-family: helvetica, arial, sans-serif\">04000134.edu@juntadeandalucia.es<\/span><\/h3>\n<p>&nbsp;<\/p>\n<p><span style=\"font-family: helvetica,arial,sans-serif;font-size: 14pt\"><strong>WEB<\/strong><\/span><\/p>\n<p><span style=\"font-family: helvetica,arial,sans-serif;font-size: 12pt\">https:\/\/blogsaverroes.juntadeandalucia.es\/iesgaviota<\/span><\/p>\n<p><span style=\"font-size: 18pt;background-color: #3366ff;color: #ffffff\"><strong>&nbsp;<span style=\"background-color: #3366ff\">Horarios&nbsp;<\/span><\/strong><\/span><\/p>\n<p><span style=\"font-size: 12pt\">Jornada lectiva&nbsp; 8:15-14:45 h<\/span><\/p>\n<p><span style=\"font-size: 12pt\">Recreo&nbsp; 11:15-11:45 h<\/span><\/p>\n<p><span style=\"font-size: 12pt\">Tutor\u00eda padres\/madres: Martes 16:00-17:00 h<\/span><\/p>\n<h4><span style=\"font-size: 18pt;color: #ffffff;background-color: #3366ff;font-family: helvetica,arial,sans-serif\"><strong>&nbsp; CICLOS FORMATIVOS &nbsp;<\/strong><\/span><\/h4>\n<p><span style=\"color: #ffffff;font-family: helvetica,arial,sans-serif;font-size: 14pt;background-color: #808080\"><strong>&nbsp;&nbsp;GRADO SUPERIOR&nbsp;<\/strong><\/span><\/p>\n<p><span style=\"font-size: 12pt\"> \u25ba&nbsp;Educaci\u00f3n infantil&nbsp; <a href=\"https:\/\/blogsaverroes.juntadeandalucia.es\/iesgaviota\/c-f-g-s-educacion-infantil\/\" target=\"_blank\" rel=\"noopener noreferrer\">+ info<\/a><\/span><br \/>\n<span style=\"font-size: 12pt\"> \u25ba Integraci\u00f3n social&nbsp; <a href=\"https:\/\/blogsaverroes.juntadeandalucia.es\/iesgaviota\/c-f-g-s-integracion-social\/\" target=\"_blank\" rel=\"noopener noreferrer\">+info<\/a><br \/>\n<\/span><\/p>\n<p><span style=\"color: #ffffff;font-family: helvetica,arial,sans-serif;font-size: 14pt;background-color: #808080\"><strong>&nbsp;&nbsp;GRADO&nbsp;MEDIO&nbsp;<\/strong><\/span><br \/>\n<span style=\"font-size: 12pt\"> \u25ba&nbsp;Atenci\u00f3n a personas en situaci\u00f3n de dependencia&nbsp; <a href=\"https:\/\/blogsaverroes.juntadeandalucia.es\/iesgaviota\/c-f-g-m-atencion-a-personas-en-situacion-de-dependencia\/\" target=\"_blank\" rel=\"noopener noreferrer\">+info<\/a><\/span><br \/>\n<span style=\"font-size: 12pt\"><br \/>\n<\/span><\/p>\n<p><span style=\"font-size: 18pt;color: #ffffff;background-color: #3366ff;font-family: helvetica,arial,sans-serif\"><strong>&nbsp;&nbsp;BACHILLERATOS&nbsp;&nbsp;<\/strong><\/span><br \/>\n\u25ba&nbsp;<span style=\"font-size: 12pt\">Ciencias<\/span>&nbsp;&nbsp;<a href=\"https:\/\/blogsaverroes.juntadeandalucia.es\/iesgaviota\/bachillerato-de-ciencias-y-tecnologia\/\" target=\"_blank\" rel=\"noopener noreferrer\">+info<\/a><br \/>\n<span style=\"font-size: 12pt\"> \u25ba Humanidades y ciencias sociales&nbsp; <a href=\"https:\/\/blogsaverroes.juntadeandalucia.es\/iesgaviota\/bachillerato-de-humanidades-y-ciencias-sociales\/\" target=\"_blank\" rel=\"noopener noreferrer\">+info<\/a><br \/>\n<\/span><\/p>\n<p><span style=\"font-size: 18pt;color: #ffffff;background-color: #3366ff;font-family: helvetica,arial,sans-serif\"><strong>&nbsp;&nbsp;E.S.O.&nbsp;&nbsp;<\/strong><\/span><br \/>\n<span style=\"font-size: 12pt\"> \u25ba&nbsp;Ense\u00f1anza secundaria obligatoria de&nbsp;1\u00ba&nbsp;a 4\u00ba&nbsp; <a href=\"https:\/\/blogsaverroes.juntadeandalucia.es\/iesgaviota\/e-s-o\/\" target=\"_blank\" rel=\"noopener noreferrer\">+info<\/a><br \/>\n<\/span><\/p>\n<h4>&nbsp;<\/h4>\n","protected":false},"excerpt":{"rendered":"<p>&nbsp;Situaci\u00f3n&nbsp; &nbsp; &nbsp; &nbsp;Datos de contacto&nbsp; Instituto de Educaci\u00f3n Secundaria Gaviota Calle Estero, 4 04770&nbsp;Adra-Almer\u00eda (ESPA\u00d1A) &nbsp; TEL\u00c9FONOS Tel\u00e9fono (+34)&nbsp;&nbsp;950 579 614 Fax (+34)&nbsp;&nbsp;950 579 616 &nbsp; E-MAIL 04000134.edu@juntadeandalucia.es &nbsp; WEB https:\/\/blogsaverroes.juntadeandalucia.es\/iesgaviota &nbsp;Horarios&nbsp; Jornada&#46;&#46;&#46;<\/p>\n","protected":false},"author":1,"featured_media":0,"parent":6239,"menu_order":0,"comment_status":"closed","ping_status":"closed","template":"","meta":{"ngg_post_thumbnail":0,"footnotes":"","_mc_calendar":[]},"aioseo_notices":[],"_links":{"self":[{"href":"https:\/\/blogsaverroes.juntadeandalucia.es\/iesgaviota\/wp-json\/wp\/v2\/pages\/35"}],"collection":[{"href":"https:\/\/blogsaverroes.juntadeandalucia.es\/iesgaviota\/wp-json\/wp\/v2\/pages"}],"about":[{"href":"https:\/\/blogsaverroes.juntadeandalucia.es\/iesgaviota\/wp-json\/wp\/v2\/types\/page"}],"author":[{"embeddable":true,"href":"https:\/\/blogsaverroes.juntadeandalucia.es\/iesgaviota\/wp-json\/wp\/v2\/users\/1"}],"replies":[{"embeddable":true,"href":"https:\/\/blogsaverroes.juntadeandalucia.es\/iesgaviota\/wp-json\/wp\/v2\/comments?post=35"}],"version-history":[{"count":88,"href":"https:\/\/blogsaverroes.juntadeandalucia.es\/iesgaviota\/wp-json\/wp\/v2\/pages\/35\/revisions"}],"predecessor-version":[{"id":11398,"href":"https:\/\/blogsaverroes.juntadeandalucia.es\/iesgaviota\/wp-json\/wp\/v2\/pages\/35\/revisions\/11398"}],"up":[{"embeddable":true,"href":"https:\/\/blogsaverroes.juntadeandalucia.es\/iesgaviota\/wp-json\/wp\/v2\/pages\/6239"}],"wp:attachment":[{"href":"https:\/\/blogsaverroes.juntadeandalucia.es\/iesgaviota\/wp-json\/wp\/v2\/media?parent=35"}],"curies":[{"name":"wp","href":"https:\/\/api.w.org\/{rel}","templated":true}]}}