{"id":4157,"date":"2016-05-02T15:03:34","date_gmt":"2016-05-02T13:03:34","guid":{"rendered":"http:\/\/blogsaverroes.juntadeandalucia.es\/iesgaviota\/?page_id=4157"},"modified":"2025-09-29T09:56:22","modified_gmt":"2025-09-29T07:56:22","slug":"tutorias","status":"publish","type":"page","link":"https:\/\/blogsaverroes.juntadeandalucia.es\/iesgaviota\/tutorias\/","title":{"rendered":"TUTOR\u00cdAS"},"content":{"rendered":"<p><span style=\"color: #ffffff;font-size: 18pt;background-color: #3366ff\"><strong>&nbsp; HORARIO TUTOR\u00cdAS &nbsp;<\/strong><\/span><\/p>\n<p>Martes de 16:00 a 17:00 horas (con cita previa).&nbsp;<\/p>\n<p><span style=\"font-size: 18pt;background-color: #808080\"><strong><span style=\"background-color: #3366ff\">&nbsp;&nbsp;<\/span><span style=\"color: #ffffff\"><span style=\"background-color: #3366ff\">TUTOR\u00cdAS 2025-2026&nbsp;&nbsp;<\/span><\/span> <\/strong><\/span><\/p>\n<p><strong><span style=\"color: #ffffff;font-size: 14pt;background-color: #808080\">&nbsp; 1\u00ba E.S.O. &nbsp;<\/span><\/strong><\/p>\n<p><strong>1\u00ba ESO-A<\/strong>&nbsp; D\u00aa. PATRICIA VEGA JIM\u00c9NEZ<\/p>\n<p><strong>1\u00ba ESO-B<\/strong>&nbsp; D\u00aa. ESTELA GUTI\u00c9RREZ MOCH\u00d3N<\/p>\n<p><strong>1\u00ba ESO-C<\/strong>&nbsp; D. JES\u00daS \u00c1VILA SERRANO<\/p>\n<p><strong>1\u00ba ESO-D<\/strong>&nbsp; D. ADRI\u00c1N NOGUER MANZANO<\/p>\n<p><strong><span style=\"color: #ffffff;font-size: 14pt;background-color: #808080\">&nbsp; 2\u00ba E.S.O. &nbsp;<\/span><\/strong><\/p>\n<p><strong>2\u00ba ESO-A<\/strong> D\u00aa ALBA DE LA COBA GONZ\u00c1LEZ<\/p>\n<p><strong>2\u00ba ESO-B<\/strong> D\u00aa CONSUELO ISABEL CARAVACA GUERRERO<\/p>\n<p><strong>2\u00ba ESO-C<\/strong>&nbsp; D\u00aa. MARIA DEL CARMEN GARC\u00cdA BARNES<\/p>\n<p><strong>2\u00ba ESO-D<\/strong> D\u00aa. <span style=\"font-weight: 400\">ELO\u00cdSA BARRANCO RUIZ<\/span><\/p>\n<p><span style=\"color: #ffffff;font-size: 14pt;background-color: #808080\"><b>&nbsp; 3\u00ba E.S.O.&nbsp;&nbsp;<\/b><\/span><\/p>\n<p><strong>3\u00ba ESO-A<\/strong>&nbsp; D. JAVIER OJEDA BAENA<span style=\"font-weight: 400\"><br \/>\n<\/span><\/p>\n<p><strong>3\u00ba ESO-B<\/strong>&nbsp; D\u00aa. <span style=\"font-weight: 400\">ISABEL MART\u00cdN L\u00d3PEZ<\/span><\/p>\n<p><strong>3\u00ba ESO-C<\/strong>&nbsp; D\u00aa. MARIA JOS\u00c9 L\u00d3PEZ MOLIONA<\/p>\n<p><strong>3\u00ba ESO-D<\/strong>&nbsp; D. \u00c1NGEL G. MOLINA CUBEROS<\/p>\n<p><span style=\"color: #ffffff;font-size: 14pt;background-color: #808080\"><b>&nbsp; 4\u00ba E.S.O.&nbsp;&nbsp;<\/b><\/span><\/p>\n<p><strong>4\u00ba ESO-A<\/strong>&nbsp; D\u00aa JULIA MINGORANCE MELLADO<\/p>\n<p><strong>4\u00ba ESO-B<\/strong> D\u00aa. IRENE DEL AMO<\/p>\n<p><strong>4\u00ba ESO-C<\/strong>&nbsp; D\u00aa MARIA BRAVO PERIAGO<\/p>\n<p><strong>4\u00ba ESO-D<\/strong> D. <span style=\"font-weight: 400\">C\u00c9SAR CRUZ PARRA<\/span><\/p>\n<p>&nbsp;<\/p>\n<p><span style=\"color: #ffffff;font-size: 14pt;background-color: #808080\"><b>&nbsp; 1\u00ba&nbsp;BACHILLERATO &nbsp;<\/b><\/span><\/p>\n<p><strong>1\u00ba Bachillerato-A<\/strong>&nbsp; D\u00aa.&nbsp;TRINIDAD GONZ\u00c1LEZ LIROLA<\/p>\n<p><strong>1\u00ba Bachillerato-B<\/strong>&nbsp; D. ANTONIO JES\u00daS MORILLO CARPINTERO<\/p>\n<p><strong>1\u00ba Bachillerato-C<\/strong>&nbsp; D\u00aa. ISABEL MAR\u00cdA CEBRI\u00c1N ESCOBOSA<\/p>\n<p><span style=\"font-weight: 400\">&nbsp;<\/span><\/p>\n<p><span style=\"color: #ffffff;font-size: 14pt;background-color: #808080\"><b>&nbsp; 2\u00ba&nbsp;BACHILLERATO&nbsp;&nbsp;<\/b><\/span><\/p>\n<p><strong>2\u00ba Bachillerato-A<\/strong> D. JES\u00daS HIDALGO MORA<\/p>\n<p><strong>2\u00ba Bachillerato-B<\/strong>&nbsp; D\u00aa. ISABEL MAR\u00cdA RUBIO GUERRERO<\/p>\n<p><strong>2\u00ba Bachillerato-C&nbsp;&nbsp;<\/strong>D. HERN\u00c1N CORT\u00c9S RODR\u00cdGUEZ<\/p>\n<p><span style=\"color: #ffffff;font-size: 14pt;background-color: #808080\"><b>&nbsp; CICLOS FORMATIVOS&nbsp;&nbsp;<\/b><\/span><\/p>\n<p>&nbsp;<\/p>\n<p><strong>1\u00ba CFGM-Atenci\u00f3n a Personas en Situaci\u00f3n de Dependencia<\/strong>&nbsp; D\u00aa. MAR\u00cdA TERESA MART\u00cdN GAMARRA<span style=\"font-weight: 400\"><br \/>\n<\/span><\/p>\n<p><strong>2\u00ba CFSM-Atenci\u00f3n a Personas en Situaci\u00f3n de Dependencia<\/strong>&nbsp; D\u00aa. ISABEL DEL CASTILLO \u00c1LVAREZ<span style=\"font-weight: 400\"><br \/>\n<\/span><\/p>\n<p>&nbsp;<\/p>\n<p><strong>1\u00ba CFGS-Educaci\u00f3n Infantil (GRUPO A)<\/strong>&nbsp; D\u00aa. LAURA ISABEL S\u00c1NCHEZ PLANES<\/p>\n<p><span style=\"font-weight: 400\"><strong>1\u00ba CFGS-Educaci\u00f3n Infantil&nbsp; (GRUPO B)&nbsp; <\/strong>D. CARLOS S\u00c1NCHEZ HERENCIA<br \/>\n<\/span><\/p>\n<p><strong>2\u00ba CFSG-Educaci\u00f3n Infantil A <\/strong>D\u00aa. ANA GARC\u00cdA DE LA FUENTE&nbsp;<span style=\"font-weight: 400\"><br \/>\n<\/span><\/p>\n<p><strong>2\u00ba CFSG-Educaci\u00f3n Infantil B&nbsp; <\/strong>D\u00aa. EVA CORREA FR\u00cdAS<\/p>\n<p><strong>1\u00ba CFSG-Integraci\u00f3n Social<\/strong>&nbsp; D\u00aa. BEL\u00c9N UROZ ALCARAZ<\/p>\n<p><strong>2\u00ba CFGS-Integraci\u00f3n Social<\/strong>&nbsp; D. ALEJANDRO MORENO GARZ\u00d3N<\/p>\n<p>&nbsp;<\/p>\n<p>&nbsp;<\/p>\n<p>&nbsp;<\/p>\n<p>&nbsp;<\/p>\n<p>&nbsp;<\/p>\n","protected":false},"excerpt":{"rendered":"<p>&nbsp; HORARIO TUTOR\u00cdAS &nbsp; Martes de 16:00 a 17:00 horas (con cita previa).&nbsp; &nbsp;&nbsp;TUTOR\u00cdAS 2025-2026&nbsp;&nbsp; &nbsp; 1\u00ba E.S.O. &nbsp; 1\u00ba ESO-A&nbsp; D\u00aa. PATRICIA VEGA JIM\u00c9NEZ 1\u00ba ESO-B&nbsp; D\u00aa. ESTELA GUTI\u00c9RREZ MOCH\u00d3N 1\u00ba ESO-C&nbsp; D.&#46;&#46;&#46;<\/p>\n","protected":false},"author":3385,"featured_media":0,"parent":0,"menu_order":0,"comment_status":"closed","ping_status":"closed","template":"","meta":{"ngg_post_thumbnail":0,"footnotes":"","_mc_calendar":[]},"aioseo_notices":[],"_links":{"self":[{"href":"https:\/\/blogsaverroes.juntadeandalucia.es\/iesgaviota\/wp-json\/wp\/v2\/pages\/4157"}],"collection":[{"href":"https:\/\/blogsaverroes.juntadeandalucia.es\/iesgaviota\/wp-json\/wp\/v2\/pages"}],"about":[{"href":"https:\/\/blogsaverroes.juntadeandalucia.es\/iesgaviota\/wp-json\/wp\/v2\/types\/page"}],"author":[{"embeddable":true,"href":"https:\/\/blogsaverroes.juntadeandalucia.es\/iesgaviota\/wp-json\/wp\/v2\/users\/3385"}],"replies":[{"embeddable":true,"href":"https:\/\/blogsaverroes.juntadeandalucia.es\/iesgaviota\/wp-json\/wp\/v2\/comments?post=4157"}],"version-history":[{"count":56,"href":"https:\/\/blogsaverroes.juntadeandalucia.es\/iesgaviota\/wp-json\/wp\/v2\/pages\/4157\/revisions"}],"predecessor-version":[{"id":11410,"href":"https:\/\/blogsaverroes.juntadeandalucia.es\/iesgaviota\/wp-json\/wp\/v2\/pages\/4157\/revisions\/11410"}],"wp:attachment":[{"href":"https:\/\/blogsaverroes.juntadeandalucia.es\/iesgaviota\/wp-json\/wp\/v2\/media?parent=4157"}],"curies":[{"name":"wp","href":"https:\/\/api.w.org\/{rel}","templated":true}]}}