{"id":42,"date":"2015-03-13T08:40:47","date_gmt":"2015-03-13T07:40:47","guid":{"rendered":"http:\/\/blogsaverroes.juntadeandalucia.es\/pre\/ceip\/?page_id=42"},"modified":"2025-09-16T11:00:19","modified_gmt":"2025-09-16T09:00:19","slug":"equipo-directivo","status":"publish","type":"page","link":"https:\/\/blogsaverroes.juntadeandalucia.es\/iesgaviota\/el-instituto\/equipo-directivo\/","title":{"rendered":"Equipo directivo"},"content":{"rendered":"<p>&nbsp;<\/p>\n<p><strong>Director: <\/strong>D. Antonio Montes Sabio<\/p>\n<p><strong>Vicedirectora<\/strong>: D\u00aa. Mar\u00eda Rosa Fajardo Puerta<\/p>\n<p><strong>Jefe de estudios: <\/strong>D. Jos\u00e9 Francisco Rodr\u00edguez Lupi\u00e1\u00f1ez<\/p>\n<p><strong>Jefes de estudios adjuntos:<\/strong><\/p>\n<p>D. Manuel Buend\u00eda Mart\u00ednez<\/p>\n<p>D\u00aa Jennifer Parra Pel\u00e1ez<\/p>\n<p><strong>Secretario: <\/strong>D. Antonio Torres Garc\u00eda<\/p>\n","protected":false},"excerpt":{"rendered":"<p>&nbsp; Director: D. Antonio Montes Sabio Vicedirectora: D\u00aa. Mar\u00eda Rosa Fajardo Puerta Jefe de estudios: D. Jos\u00e9 Francisco Rodr\u00edguez Lupi\u00e1\u00f1ez Jefes de estudios adjuntos: D. Manuel Buend\u00eda Mart\u00ednez D\u00aa Jennifer Parra Pel\u00e1ez Secretario: D.&#46;&#46;&#46;<\/p>\n","protected":false},"author":1,"featured_media":0,"parent":6239,"menu_order":0,"comment_status":"closed","ping_status":"closed","template":"","meta":{"ngg_post_thumbnail":0,"footnotes":"","_mc_calendar":[]},"aioseo_notices":[],"_links":{"self":[{"href":"https:\/\/blogsaverroes.juntadeandalucia.es\/iesgaviota\/wp-json\/wp\/v2\/pages\/42"}],"collection":[{"href":"https:\/\/blogsaverroes.juntadeandalucia.es\/iesgaviota\/wp-json\/wp\/v2\/pages"}],"about":[{"href":"https:\/\/blogsaverroes.juntadeandalucia.es\/iesgaviota\/wp-json\/wp\/v2\/types\/page"}],"author":[{"embeddable":true,"href":"https:\/\/blogsaverroes.juntadeandalucia.es\/iesgaviota\/wp-json\/wp\/v2\/users\/1"}],"replies":[{"embeddable":true,"href":"https:\/\/blogsaverroes.juntadeandalucia.es\/iesgaviota\/wp-json\/wp\/v2\/comments?post=42"}],"version-history":[{"count":10,"href":"https:\/\/blogsaverroes.juntadeandalucia.es\/iesgaviota\/wp-json\/wp\/v2\/pages\/42\/revisions"}],"predecessor-version":[{"id":11390,"href":"https:\/\/blogsaverroes.juntadeandalucia.es\/iesgaviota\/wp-json\/wp\/v2\/pages\/42\/revisions\/11390"}],"up":[{"embeddable":true,"href":"https:\/\/blogsaverroes.juntadeandalucia.es\/iesgaviota\/wp-json\/wp\/v2\/pages\/6239"}],"wp:attachment":[{"href":"https:\/\/blogsaverroes.juntadeandalucia.es\/iesgaviota\/wp-json\/wp\/v2\/media?parent=42"}],"curies":[{"name":"wp","href":"https:\/\/api.w.org\/{rel}","templated":true}]}}