{"id":4416,"date":"2016-11-18T12:29:14","date_gmt":"2016-11-18T11:29:14","guid":{"rendered":"http:\/\/blogsaverroes.juntadeandalucia.es\/iesgaviota\/?page_id=4416"},"modified":"2018-01-24T10:05:31","modified_gmt":"2018-01-24T09:05:31","slug":"innicia","status":"publish","type":"page","link":"https:\/\/blogsaverroes.juntadeandalucia.es\/iesgaviota\/planesproyectos\/innicia\/","title":{"rendered":"Innicia"},"content":{"rendered":"<p>La incorporaci\u00f3n de las actuaciones que desarrollan el Plan para el Fomento de la Cultura Emprendedora en el Sistema Educativo P\u00fablico de Andaluc\u00eda, aprobado en el Decreto 219\/2011 de 28 de junio, permitir\u00e1 hacer llegar a la realidad de los centros educativos de los distintos niveles este nuevo enfoque impulsando su integraci\u00f3n como valor fundamental.<\/p>\n<p>Educando para emprender (cultura_emprendedora.png)Este Plan tiene como finalidad la promoci\u00f3n de los valores de la cultura emprendedora, especialmente en la innovaci\u00f3n, la creatividad, la responsabilidad y el emprendimiento, cumpliendo con las propuestas sobre el fomento de las competencias educativas relacionadas con la capacidad emprendedora.<\/p>\n<p>En el Plan para el Fomento de la Cultura Emprendedora en el Sistema Educativo P\u00fablico de Andaluc\u00eda se establece un despliegue de elementos metodol\u00f3gicos que permiten la definici\u00f3n de Objetivos Generales, L\u00edneas estrat\u00e9gicas y Objetivos Espec\u00edficos as\u00ed como la determinaci\u00f3n de Perfiles emprendedores en Niveles Educativos, Colectivos destinatarios y Responsables. Para la consecuci\u00f3n de las acciones concretas estas se agrupan por L\u00edneas estrat\u00e9gicas y Objetivos espec\u00edficos, desarroll\u00e1ndolas mediante diversas actuaciones, programas o actividades.<\/p>\n<p>La aprobaci\u00f3n del mencionado Plan ha permitido mayor soporte institucional a trav\u00e9s de la consideraci\u00f3n como Plan Educativo, y no como acciones o programas aislados, una mayor coordinaci\u00f3n entre instituciones dependientes de la Junta de Andaluc\u00eda y la conexi\u00f3n con un panel de agentes e instituciones que promueven el emprendimiento en Andaluc\u00eda para dar mayor coherencia a la informaci\u00f3n que se traslada al sistema, multiplicar los resultados y evitar duplicidades innecesarias, ofrecer un reconocimiento a las mejores pr\u00e1cticas y docentes.<\/p>\n","protected":false},"excerpt":{"rendered":"<p>La incorporaci\u00f3n de las actuaciones que desarrollan el Plan para el Fomento de la Cultura Emprendedora en el Sistema Educativo P\u00fablico de Andaluc\u00eda, aprobado en el Decreto 219\/2011 de 28 de junio, permitir\u00e1 hacer&#46;&#46;&#46;<\/p>\n","protected":false},"author":3385,"featured_media":0,"parent":6221,"menu_order":0,"comment_status":"closed","ping_status":"closed","template":"","meta":{"ngg_post_thumbnail":0,"footnotes":"","_mc_calendar":[]},"aioseo_notices":[],"_links":{"self":[{"href":"https:\/\/blogsaverroes.juntadeandalucia.es\/iesgaviota\/wp-json\/wp\/v2\/pages\/4416"}],"collection":[{"href":"https:\/\/blogsaverroes.juntadeandalucia.es\/iesgaviota\/wp-json\/wp\/v2\/pages"}],"about":[{"href":"https:\/\/blogsaverroes.juntadeandalucia.es\/iesgaviota\/wp-json\/wp\/v2\/types\/page"}],"author":[{"embeddable":true,"href":"https:\/\/blogsaverroes.juntadeandalucia.es\/iesgaviota\/wp-json\/wp\/v2\/users\/3385"}],"replies":[{"embeddable":true,"href":"https:\/\/blogsaverroes.juntadeandalucia.es\/iesgaviota\/wp-json\/wp\/v2\/comments?post=4416"}],"version-history":[{"count":6,"href":"https:\/\/blogsaverroes.juntadeandalucia.es\/iesgaviota\/wp-json\/wp\/v2\/pages\/4416\/revisions"}],"predecessor-version":[{"id":6225,"href":"https:\/\/blogsaverroes.juntadeandalucia.es\/iesgaviota\/wp-json\/wp\/v2\/pages\/4416\/revisions\/6225"}],"up":[{"embeddable":true,"href":"https:\/\/blogsaverroes.juntadeandalucia.es\/iesgaviota\/wp-json\/wp\/v2\/pages\/6221"}],"wp:attachment":[{"href":"https:\/\/blogsaverroes.juntadeandalucia.es\/iesgaviota\/wp-json\/wp\/v2\/media?parent=4416"}],"curies":[{"name":"wp","href":"https:\/\/api.w.org\/{rel}","templated":true}]}}