{"id":4420,"date":"2016-11-18T12:30:19","date_gmt":"2016-11-18T11:30:19","guid":{"rendered":"http:\/\/blogsaverroes.juntadeandalucia.es\/iesgaviota\/?page_id=4420"},"modified":"2021-02-05T12:42:54","modified_gmt":"2021-02-05T11:42:54","slug":"escuela-espacio-de-paz","status":"publish","type":"page","link":"https:\/\/blogsaverroes.juntadeandalucia.es\/iesgaviota\/planesproyectos\/escuela-espacio-de-paz\/","title":{"rendered":"Red Andaluza Escuela &#8216;Espacio de Paz&#8217;"},"content":{"rendered":"<div class=\"kvgmc6g5 cxmmr5t8 oygrvhab hcukyx3x c1et5uql ii04i59q\">\n<div dir=\"auto\">\n<table style=\"border-collapse: collapse; width: 100%; height: 21px;\">\n<tbody>\n<tr style=\"height: 21px;\">\n<td style=\"width: 100%; height: 21px; text-align: center;\"><span style=\"font-family: 'arial black', sans-serif; font-size: 18pt; background-color: #ccffff;\"><strong>&nbsp;D\u00cdA ESCOLAR DE LA NO VIOLENCIA Y LA PAZ (30 de enero de 2021)&nbsp;<\/strong><\/span><\/td>\n<\/tr>\n<\/tbody>\n<\/table>\n<p><span style=\"font-family: arial, helvetica, sans-serif;\">Hoy se conmemora el D\u00eda Escolar de la No Violencia y la Paz. Para celebrar este d\u00eda , el alumnado del IES Gaviota ha participado en una serie de actividades con el fin de fomentar entre nuestros\/as alumnos\/as la solidaridad, la tolerancia, la educaci\u00f3n en valores y el respeto a los Derechos Humanos.<\/span><\/p>\n<\/div>\n<\/div>\n<div class=\"o9v6fnle cxmmr5t8 oygrvhab hcukyx3x c1et5uql ii04i59q\">\n<div dir=\"auto\"><span style=\"font-family: arial, helvetica, sans-serif;\">Entre las actividades realizadas, destaca la utilizaci\u00f3n del rap y del hip hop para transmitir mensajes de educaci\u00f3n en y para la tolerancia. Gracias a Mar\u00eda Lirola, la coordinadora del Plan de Convivencia Espacio de Paz, por coordinar la actividad, as\u00ed como al profesor de M\u00fasica (Antonio Montalb\u00e1n) y Orientaci\u00f3n (Encarni Torres) por implementar y contribuir a la organizaci\u00f3n. #RetoPorLaPaz<\/span><\/div>\n<\/div>\n<div dir=\"auto\">&nbsp;<\/div>\n<div dir=\"auto\" style=\"text-align: center;\"><span style=\"text-decoration: underline; color: #0000ff;\"><span style=\"font-family: 'arial black', sans-serif; font-size: 14pt;\"><strong>HIP-HOP POR LA PAZ GRUPAL (1\u00baESO y 2\u00baESO)<\/strong><\/span><\/span><\/div>\n<div dir=\"auto\" style=\"text-align: center;\"><video controls=\"controls\" width=\"750\" height=\"375\"><source src=\"https:\/\/blogsaverroes.juntadeandalucia.es\/iesgaviota\/files\/2021\/02\/HIP-HOP-POR-LA-PAZ-GRUPAL.mp4\" type=\"video\/mp4\"\/><\/video><\/div>\n<div dir=\"auto\" style=\"text-align: center;\">&nbsp;<\/div>\n<div dir=\"auto\" style=\"text-align: center;\"><span style=\"text-decoration: underline; color: #0000ff;\"><span style=\"font-family: 'arial black', sans-serif; font-size: 14pt;\"><strong>HIP-HOP POR LA PAZ INDIVIDUAL (David Olvera Aguilar, 1\u00ba ESO D)<\/strong><\/span><\/span><\/div>\n<div dir=\"auto\" style=\"text-align: center;\"><video controls=\"controls\" width=\"750\" height=\"375\"><source src=\"https:\/\/blogsaverroes.juntadeandalucia.es\/iesgaviota\/files\/2021\/02\/HIP-HOP-INDIVIDUAL.mp4\" type=\"video\/mp4\"\/><\/video><\/div>\n<div dir=\"auto\">&nbsp;<\/div>\n","protected":false},"excerpt":{"rendered":"<p>&nbsp;D\u00cdA ESCOLAR DE LA NO VIOLENCIA Y LA PAZ (30 de enero de 2021)&nbsp; Hoy se conmemora el D\u00eda Escolar de la No Violencia y la Paz. Para celebrar este d\u00eda , el alumnado&#46;&#46;&#46;<\/p>\n","protected":false},"author":3385,"featured_media":0,"parent":6221,"menu_order":0,"comment_status":"open","ping_status":"closed","template":"","meta":{"ngg_post_thumbnail":0,"footnotes":"","_mc_calendar":[]},"aioseo_notices":[],"_links":{"self":[{"href":"https:\/\/blogsaverroes.juntadeandalucia.es\/iesgaviota\/wp-json\/wp\/v2\/pages\/4420"}],"collection":[{"href":"https:\/\/blogsaverroes.juntadeandalucia.es\/iesgaviota\/wp-json\/wp\/v2\/pages"}],"about":[{"href":"https:\/\/blogsaverroes.juntadeandalucia.es\/iesgaviota\/wp-json\/wp\/v2\/types\/page"}],"author":[{"embeddable":true,"href":"https:\/\/blogsaverroes.juntadeandalucia.es\/iesgaviota\/wp-json\/wp\/v2\/users\/3385"}],"replies":[{"embeddable":true,"href":"https:\/\/blogsaverroes.juntadeandalucia.es\/iesgaviota\/wp-json\/wp\/v2\/comments?post=4420"}],"version-history":[{"count":9,"href":"https:\/\/blogsaverroes.juntadeandalucia.es\/iesgaviota\/wp-json\/wp\/v2\/pages\/4420\/revisions"}],"predecessor-version":[{"id":9176,"href":"https:\/\/blogsaverroes.juntadeandalucia.es\/iesgaviota\/wp-json\/wp\/v2\/pages\/4420\/revisions\/9176"}],"up":[{"embeddable":true,"href":"https:\/\/blogsaverroes.juntadeandalucia.es\/iesgaviota\/wp-json\/wp\/v2\/pages\/6221"}],"wp:attachment":[{"href":"https:\/\/blogsaverroes.juntadeandalucia.es\/iesgaviota\/wp-json\/wp\/v2\/media?parent=4420"}],"curies":[{"name":"wp","href":"https:\/\/api.w.org\/{rel}","templated":true}]}}