{"id":4422,"date":"2016-11-18T12:30:50","date_gmt":"2016-11-18T11:30:50","guid":{"rendered":"http:\/\/blogsaverroes.juntadeandalucia.es\/iesgaviota\/?page_id=4422"},"modified":"2018-01-30T12:34:08","modified_gmt":"2018-01-30T11:34:08","slug":"forma-joven","status":"publish","type":"page","link":"https:\/\/blogsaverroes.juntadeandalucia.es\/iesgaviota\/planesproyectos\/forma-joven\/","title":{"rendered":"Forma joven en \u00e1mbito educativo"},"content":{"rendered":"<p><a href=\"http:\/\/blogsaverroes.juntadeandalucia.es\/iesgaviota\/files\/2016\/11\/formajoven_posit_reduc.png\"><img loading=\"lazy\" decoding=\"async\" src=\"http:\/\/blogsaverroes.juntadeandalucia.es\/iesgaviota\/files\/2016\/11\/formajoven_posit_reduc.png\" alt=\"formajoven_posit_reduc\" width=\"163\" height=\"200\" class=\"aligncenter size-full wp-image-4741\" srcset=\"https:\/\/blogsaverroes.juntadeandalucia.es\/iesgaviota\/files\/2016\/11\/formajoven_posit_reduc.png 163w, https:\/\/blogsaverroes.juntadeandalucia.es\/iesgaviota\/files\/2016\/11\/formajoven_posit_reduc-20x24.png 20w, https:\/\/blogsaverroes.juntadeandalucia.es\/iesgaviota\/files\/2016\/11\/formajoven_posit_reduc-29x36.png 29w, https:\/\/blogsaverroes.juntadeandalucia.es\/iesgaviota\/files\/2016\/11\/formajoven_posit_reduc-39x48.png 39w\" sizes=\"(max-width: 163px) 100vw, 163px\" \/><\/a><br \/>\n\u00bfQu\u00e9 es la Red Forma Joven?<br \/>\nForma Joven en el ambito educativo &#8211; cambiando para mejorar<br \/>\nEs una red de profesionales con implicaci\u00f3n en Forma Joven, estrategia de promoci\u00f3n de salud que consiste en acercar a los espacios frecuentados por adolescentes y j\u00f3venes, asesor\u00edas de informaci\u00f3n y formaci\u00f3n atendidas por un equipo de profesionales de diferentes sectores, para ayudarles a decidir en la elecci\u00f3n de las respuestas mas saludables.<\/p>\n","protected":false},"excerpt":{"rendered":"<p>\u00bfQu\u00e9 es la Red Forma Joven? Forma Joven en el ambito educativo &#8211; cambiando para mejorar Es una red de profesionales con implicaci\u00f3n en Forma Joven, estrategia de promoci\u00f3n de salud que consiste en&#46;&#46;&#46;<\/p>\n","protected":false},"author":3385,"featured_media":0,"parent":6221,"menu_order":0,"comment_status":"closed","ping_status":"closed","template":"","meta":{"ngg_post_thumbnail":0,"footnotes":"","_mc_calendar":[]},"aioseo_notices":[],"_links":{"self":[{"href":"https:\/\/blogsaverroes.juntadeandalucia.es\/iesgaviota\/wp-json\/wp\/v2\/pages\/4422"}],"collection":[{"href":"https:\/\/blogsaverroes.juntadeandalucia.es\/iesgaviota\/wp-json\/wp\/v2\/pages"}],"about":[{"href":"https:\/\/blogsaverroes.juntadeandalucia.es\/iesgaviota\/wp-json\/wp\/v2\/types\/page"}],"author":[{"embeddable":true,"href":"https:\/\/blogsaverroes.juntadeandalucia.es\/iesgaviota\/wp-json\/wp\/v2\/users\/3385"}],"replies":[{"embeddable":true,"href":"https:\/\/blogsaverroes.juntadeandalucia.es\/iesgaviota\/wp-json\/wp\/v2\/comments?post=4422"}],"version-history":[{"count":7,"href":"https:\/\/blogsaverroes.juntadeandalucia.es\/iesgaviota\/wp-json\/wp\/v2\/pages\/4422\/revisions"}],"predecessor-version":[{"id":6252,"href":"https:\/\/blogsaverroes.juntadeandalucia.es\/iesgaviota\/wp-json\/wp\/v2\/pages\/4422\/revisions\/6252"}],"up":[{"embeddable":true,"href":"https:\/\/blogsaverroes.juntadeandalucia.es\/iesgaviota\/wp-json\/wp\/v2\/pages\/6221"}],"wp:attachment":[{"href":"https:\/\/blogsaverroes.juntadeandalucia.es\/iesgaviota\/wp-json\/wp\/v2\/media?parent=4422"}],"curies":[{"name":"wp","href":"https:\/\/api.w.org\/{rel}","templated":true}]}}