{"id":4426,"date":"2016-11-18T12:32:45","date_gmt":"2016-11-18T11:32:45","guid":{"rendered":"http:\/\/blogsaverroes.juntadeandalucia.es\/iesgaviota\/?page_id=4426"},"modified":"2020-01-31T10:13:07","modified_gmt":"2020-01-31T09:13:07","slug":"p-r-o-a","status":"publish","type":"page","link":"https:\/\/blogsaverroes.juntadeandalucia.es\/iesgaviota\/planesproyectos\/p-r-o-a\/","title":{"rendered":"Programa de Refuerzo, Orientaci\u00f3n y Apoyo (PROA)"},"content":{"rendered":"<div class=\"grid_12 alpha omega\">\n<p><strong>Programa de refuerzo, orientaci\u00f3n y apoyo: 1\u00ba ESO<br \/>\n<\/strong><\/p>\n<p>Grupo A: martes y jueves (16:30-18:30h)<\/p>\n<p>Grupo B: lunes y jueves (16:30-18:30h)<\/p>\n<p>&nbsp;<\/p>\n<p><strong>Descripci\u00f3n:<\/strong> Conjunto de actuaciones dirigidas a mejorar el grado de adquisici\u00f3n de las competencias b\u00e1sicas por parte del alumnado con necesidades espec\u00edficas de apoyo educativo por precisar acciones de car\u00e1cter compensatorio, conseguir un nivel adecuado de uso del espa\u00f1ol como lengua vehicular en el caso del alumnado extranjero y complementar las acciones encaminadas a la mejora del \u00e9xito escolar que se desarrollan en centros docentes p\u00fablicos de Andaluc\u00eda que escolarizan a un n\u00famero significativo de alumnado perteneciente a entornos culturales y sociales que llevan consigo una clara desventaja desde el punto de vista educativo.<\/p>\n<p>Relaci\u00f3n de actuaciones.<\/p>\n<p>-Plan de apoyo y refuerzo en centros de educaci\u00f3n secundaria.<\/p>\n<\/div>\n","protected":false},"excerpt":{"rendered":"<p>Programa de refuerzo, orientaci\u00f3n y apoyo: 1\u00ba ESO Grupo A: martes y jueves (16:30-18:30h) Grupo B: lunes y jueves (16:30-18:30h) &nbsp; Descripci\u00f3n: Conjunto de actuaciones dirigidas a mejorar el grado de adquisici\u00f3n de las&#46;&#46;&#46;<\/p>\n","protected":false},"author":3385,"featured_media":0,"parent":6221,"menu_order":0,"comment_status":"closed","ping_status":"closed","template":"","meta":{"ngg_post_thumbnail":0,"footnotes":"","_mc_calendar":[]},"aioseo_notices":[],"_links":{"self":[{"href":"https:\/\/blogsaverroes.juntadeandalucia.es\/iesgaviota\/wp-json\/wp\/v2\/pages\/4426"}],"collection":[{"href":"https:\/\/blogsaverroes.juntadeandalucia.es\/iesgaviota\/wp-json\/wp\/v2\/pages"}],"about":[{"href":"https:\/\/blogsaverroes.juntadeandalucia.es\/iesgaviota\/wp-json\/wp\/v2\/types\/page"}],"author":[{"embeddable":true,"href":"https:\/\/blogsaverroes.juntadeandalucia.es\/iesgaviota\/wp-json\/wp\/v2\/users\/3385"}],"replies":[{"embeddable":true,"href":"https:\/\/blogsaverroes.juntadeandalucia.es\/iesgaviota\/wp-json\/wp\/v2\/comments?post=4426"}],"version-history":[{"count":17,"href":"https:\/\/blogsaverroes.juntadeandalucia.es\/iesgaviota\/wp-json\/wp\/v2\/pages\/4426\/revisions"}],"predecessor-version":[{"id":8377,"href":"https:\/\/blogsaverroes.juntadeandalucia.es\/iesgaviota\/wp-json\/wp\/v2\/pages\/4426\/revisions\/8377"}],"up":[{"embeddable":true,"href":"https:\/\/blogsaverroes.juntadeandalucia.es\/iesgaviota\/wp-json\/wp\/v2\/pages\/6221"}],"wp:attachment":[{"href":"https:\/\/blogsaverroes.juntadeandalucia.es\/iesgaviota\/wp-json\/wp\/v2\/media?parent=4426"}],"curies":[{"name":"wp","href":"https:\/\/api.w.org\/{rel}","templated":true}]}}