{"id":4451,"date":"2016-11-18T12:47:14","date_gmt":"2016-11-18T11:47:14","guid":{"rendered":"http:\/\/blogsaverroes.juntadeandalucia.es\/iesgaviota\/?page_id=4451"},"modified":"2026-03-05T14:01:31","modified_gmt":"2026-03-05T13:01:31","slug":"dibujo-y-artes-plasticas","status":"publish","type":"page","link":"https:\/\/blogsaverroes.juntadeandalucia.es\/iesgaviota\/departamentos\/dibujo-y-artes-plasticas\/","title":{"rendered":"Dibujo y Artes Pl\u00e1sticas"},"content":{"rendered":"<p><span style=\"background-color: #3366ff\"><strong><span style=\"color: #ffffff\">&nbsp;DEPARTAMENTO DE DIBUJO Y ARTES PL\u00c1STICAS&nbsp;<\/span><\/strong><\/span><\/p>\n<p>Nuestro compa\u00f1ero F\u00e9lix Jim\u00e9nez nos invita a ver sus clases y su trabajo con el alumnado a trav\u00e9s de su <a href=\"https:\/\/www.youtube.com\/@felisardodabilbi2921\/featured\">canal de Youtube:<\/a><\/p>\n<p>&nbsp;<\/p>\n<p style=\"text-align: center\">\u00abRAIZ DE DOS\u00bb COMENZANDO UN NUEVO PROYECTO&#8230;<br \/>\nRelacionar un tronco encontrado en la playa, con un planteamiento puramente geom\u00e9trico&#8230;<\/p>\n<p style=\"text-align: center\">Dedicados a los alumnos de tr\u00e1nsito del curso 24+25 \/ 25 &#8211; 26<\/p>\n<div style=\"width: 848px;\" class=\"wp-video\"><!--[if lt IE 9]><script>document.createElement('video');<\/script><![endif]-->\n<video class=\"wp-video-shortcode\" id=\"video-4451-1\" width=\"848\" height=\"478\" preload=\"metadata\" controls=\"controls\"><source type=\"video\/mp4\" src=\"https:\/\/blogsaverroes.juntadeandalucia.es\/iesgaviota\/files\/2025\/05\/VID-20250521-WA0008.mp4?_=1\" \/><a href=\"https:\/\/blogsaverroes.juntadeandalucia.es\/iesgaviota\/files\/2025\/05\/VID-20250521-WA0008.mp4\">https:\/\/blogsaverroes.juntadeandalucia.es\/iesgaviota\/files\/2025\/05\/VID-20250521-WA0008.mp4<\/a><\/video><\/div>\n<p>&nbsp;<\/p>\n<p><iframe loading=\"lazy\" src=\"https:\/\/www.youtube.com\/embed\/ixHPBaA5h_U?si=gG0vAZT_E7J34jDJ\" width=\"560\" height=\"315\" frameborder=\"0\"><\/iframe><\/p>\n<p>&nbsp;<\/p>\n<p><iframe loading=\"lazy\" src=\"https:\/\/www.youtube.com\/embed\/QYA46KhEB1M?si=iudhWS8cPO27VF6B\" width=\"560\" height=\"315\" frameborder=\"0\"><\/iframe><\/p>\n<p>&nbsp;<\/p>\n<p><iframe loading=\"lazy\" src=\"https:\/\/www.youtube.com\/embed\/19y7yc4PRQs?si=UEN6WVkuUkdoe_af\" width=\"560\" height=\"315\" frameborder=\"0\"><\/iframe><\/p>\n<p>&nbsp;<\/p>\n<p><iframe loading=\"lazy\" src=\"https:\/\/www.youtube.com\/embed\/E-tzQOftsZk?si=rcn0jd8uUu7aPeWm\" width=\"560\" height=\"315\" frameborder=\"0\"><\/iframe>&nbsp;<\/p>\n<p>&nbsp;<\/p>\n<p><iframe loading=\"lazy\" src=\"https:\/\/www.youtube.com\/embed\/OElwJQLy1g0?si=6p1OUPhjCdoGyZHg\" width=\"560\" height=\"315\" frameborder=\"0\"><\/iframe><\/p>\n<p>&nbsp;<\/p>\n<p><iframe loading=\"lazy\" src=\"https:\/\/www.youtube.com\/embed\/gxHFtpjiEno?si=XKdKBIT3P0AiixVh\" width=\"560\" height=\"315\" frameborder=\"0\"><\/iframe><\/p>\n<p>&nbsp;<\/p>\n<p><iframe loading=\"lazy\" src=\"https:\/\/www.youtube.com\/embed\/p6Jw3YA5xNE?si=oGBk4JXjlNtdG8Bi\" width=\"560\" height=\"315\" frameborder=\"0\"><\/iframe><\/p>\n<p>&nbsp;<\/p>\n<p><iframe loading=\"lazy\" src=\"https:\/\/www.youtube.com\/embed\/w-zMO68ff38?si=AcKmJuX_kacQnZF_\" width=\"560\" height=\"315\" frameborder=\"0\"><\/iframe><\/p>\n<p><iframe loading=\"lazy\" src=\"https:\/\/www.youtube.com\/embed\/w-zMO68ff38?si=MBkXdYu1zc8QLFHy\" width=\"560\" height=\"315\" frameborder=\"0\"><\/iframe><\/p>\n<p>&nbsp;<\/p>\n<p><iframe loading=\"lazy\" src=\"https:\/\/www.youtube.com\/embed\/EwbP4QJ2rKw?si=9ISEM0n4eb9kcOum\" width=\"560\" height=\"315\" frameborder=\"0\"><\/iframe>&nbsp;&nbsp;<\/p>\n<p>&nbsp;<\/p>\n<p><iframe loading=\"lazy\" src=\"https:\/\/www.youtube.com\/embed\/pvPUbHlh2yw?si=kSLrIe0Fq4FyXT4B\" width=\"560\" height=\"315\" frameborder=\"0\"><\/iframe><\/p>\n<p><iframe loading=\"lazy\" src=\"https:\/\/www.youtube.com\/embed\/QGvRjCV8PMw?si=7SihTxsqY39DiPNE\" width=\"560\" height=\"315\" frameborder=\"0\"><\/iframe>&nbsp;<\/p>\n<p><iframe loading=\"lazy\" src=\"https:\/\/www.youtube.com\/embed\/4T7NZB6Xacc?si=z66A7z391bpPGccZ\" width=\"560\" height=\"315\" frameborder=\"0\"><\/iframe>&nbsp;<\/p>\n<p><iframe loading=\"lazy\" src=\"https:\/\/www.youtube.com\/embed\/Va_yIT7Mi6c?si=jYi0zPihA-JiaBj8\" width=\"560\" height=\"315\" frameborder=\"0\"><\/iframe>&nbsp;<\/p>\n<p><iframe loading=\"lazy\" src=\"https:\/\/www.youtube.com\/embed\/YCwTRHKGy4g?si=jpWmAbhKo0udsLAJ\" width=\"560\" height=\"315\" frameborder=\"0\"><\/iframe>&nbsp;<\/p>\n<p>&nbsp;<\/p>\n<p><iframe loading=\"lazy\" src=\"https:\/\/www.youtube.com\/embed\/J2jOPQbIT_o?si=3nJL7LAH0TwIGd5T\" width=\"560\" height=\"315\" frameborder=\"0\"><\/iframe>&nbsp;<\/p>\n<p><iframe loading=\"lazy\" src=\"https:\/\/www.youtube.com\/embed\/W4tp8HqQWu8?si=N4ssiKv8TpWcYsYI\" width=\"560\" height=\"315\" frameborder=\"0\"><\/iframe><\/p>\n<p>&nbsp;<\/p>\n<p><iframe loading=\"lazy\" src=\"https:\/\/www.youtube.com\/embed\/KikhzMcbiJo?si=VOIO1pJcf8cV3TtC\" width=\"560\" height=\"315\" frameborder=\"0\"><\/iframe><\/p>\n<p><iframe loading=\"lazy\" src=\"https:\/\/www.youtube.com\/embed\/b-RHB29uVRs?si=s0VaYJUoGITgay0P\" width=\"560\" height=\"315\" frameborder=\"0\"><\/iframe><\/p>\n<p><iframe loading=\"lazy\" src=\"https:\/\/www.youtube.com\/embed\/WCXxVzUxmdc?si=x9pPTbOdM3QXQhwH\" width=\"560\" height=\"315\" frameborder=\"0\"><\/iframe>&nbsp;<\/p>\n<p>&nbsp;<\/p>\n<p><iframe loading=\"lazy\" src=\"https:\/\/www.youtube.com\/embed\/6_PfEMI3mRk?si=RswCSR5S1qSBQb1M\" width=\"560\" height=\"315\" frameborder=\"0\"><\/iframe><\/p>\n<p><iframe loading=\"lazy\" src=\"https:\/\/www.youtube.com\/embed\/ILVoV99r1tg?si=QL52X8t6ad0eF7hU\" width=\"560\" height=\"315\" frameborder=\"0\"><\/iframe><\/p>\n<p><iframe loading=\"lazy\" src=\"https:\/\/www.youtube.com\/embed\/B2peSXrKh2U?si=H_Fbpc7mvyhixzCa\" width=\"560\" height=\"315\" frameborder=\"0\"><\/iframe>&nbsp;<\/p>\n<p><iframe loading=\"lazy\" src=\"https:\/\/www.youtube.com\/embed\/cFPryBbnD4w?si=cgIx96U86GbY9vRu\" width=\"560\" height=\"315\" frameborder=\"0\"><\/iframe>&nbsp;<\/p>\n<p>&nbsp;<\/p>\n<p><iframe loading=\"lazy\" src=\"https:\/\/www.youtube.com\/embed\/0SIuU2c_HTI?si=GgG-mcF0m_CET-7e\" width=\"560\" height=\"315\" frameborder=\"0\"><\/iframe>&nbsp;<\/p>\n<p>&nbsp;<\/p>\n<p><iframe loading=\"lazy\" src=\"https:\/\/www.youtube.com\/embed\/o8IddOQHYCo?si=MmPnniMq3cqbHQpX\" width=\"560\" height=\"315\" frameborder=\"0\"><\/iframe>&nbsp;<\/p>\n<p><iframe loading=\"lazy\" src=\"https:\/\/www.youtube.com\/embed\/2weUXqqraVc?si=NqQYpwTBSRdDweHC\" width=\"560\" height=\"315\" frameborder=\"0\"><\/iframe>&nbsp;<\/p>\n<p><iframe loading=\"lazy\" src=\"https:\/\/www.youtube.com\/embed\/9t3F2tguVCQ?si=91CYxa5o8zLFGSlx\" width=\"560\" height=\"315\" frameborder=\"0\"><\/iframe>&nbsp;<\/p>\n<p>&nbsp;<\/p>\n<p><iframe loading=\"lazy\" src=\"https:\/\/www.youtube.com\/embed\/6vX5tmBT7dE?si=uHgNDvOnQQTbtDlZ\" width=\"560\" height=\"315\" frameborder=\"0\"><\/iframe>&nbsp;<\/p>\n<p>&nbsp;<\/p>\n<p><iframe loading=\"lazy\" src=\"https:\/\/www.youtube.com\/embed\/xkLgVcjBF0k?si=Q8fhnZpFXJ7hF7-N\" width=\"560\" height=\"315\" frameborder=\"0\"><\/iframe>&nbsp;<\/p>\n<p><iframe loading=\"lazy\" src=\"https:\/\/www.youtube.com\/embed\/vFqdt_8KFLM?si=LeDgSCYf-fyFVvat\" width=\"560\" height=\"315\" frameborder=\"0\"><\/iframe>&nbsp;<\/p>\n<p><strong>Enlaces recomendados:<\/strong><\/p>\n<p><a href=\"http:\/\/www.educacionplastica.net\/\" target=\"_blank\" rel=\"noopener noreferrer\">http:\/\/www.educacionplastica.net\/<\/a><\/p>\n<p><a href=\"http:\/\/www.laslaminas.es\/\" target=\"_blank\" rel=\"noopener noreferrer\">http:\/\/www.laslaminas.es\/<\/a><\/p>\n<p><img loading=\"lazy\" decoding=\"async\" class=\"aligncenter size-medium wp-image-2018\" src=\"http:\/\/blogsaverroes.juntadeandalucia.es\/iesgaviota\/files\/2015\/03\/dibujo-300x200.jpg\" alt=\"dibujo\" width=\"300\" height=\"200\" srcset=\"https:\/\/blogsaverroes.juntadeandalucia.es\/iesgaviota\/files\/2015\/03\/dibujo-300x200.jpg 300w, https:\/\/blogsaverroes.juntadeandalucia.es\/iesgaviota\/files\/2015\/03\/dibujo.jpg 640w\" sizes=\"(max-width: 300px) 100vw, 300px\" \/><\/p>\n<p><strong><span style=\"font-family: sans-serif\"><span style=\"font-size: medium\">Dibujo Art\u00edstico.<\/span><\/span><\/strong><\/p>\n<p><span style=\"font-family: sans-serif\"><span style=\"font-size: medium\">Partiendo de las destrezas y conocimientos previos adquiridos de forma general en la asignatura de Educaci\u00f3n Pl\u00e1stica, Visual y Audiovisual de la ESO, en Bachillerato se profundizar en las destrezas y conceptos del Dibujo como herramienta del pensamiento que participa en el proceso creativo, comunicativo, pl\u00e1stico y visual, contribuyendo a adquirir las competencias necesarias para la formaci\u00f3n permanente del individuo.<\/span><\/span><\/p>\n<p><span style=\"font-family: sans-serif\"><span style=\"font-size: medium\"><strong>Dibujo T\u00e9cnico.<\/strong><\/span><\/span><\/p>\n<p><span style=\"font-family: sans-serif\"><span style=\"font-size: medium\">Entre las finalidades del Dibujo T\u00e9cnico figura de manera espec\u00edfica dotar al estudiante de las competencias necesarias para poder comunicarse gr\u00e1ficamente con objetividad en un mundo cada vez m\u00e1s complejo, que requiere del dise\u00f1o y fabricaci\u00f3n de productos que resuelvan las necesidades presentes y futuras. Esta funci\u00f3n comunicativa, gracias al acuerdo de una serie de convenciones a escala nacional, comunitaria e internacional, nos permite transmitir, interpretar y comprender ideas o proyectos de manera fiable, objetiva e inequ\u00edvoca.<\/span><\/span><\/p>\n<h4><a href=\"http:\/\/agrega.juntadeandalucia.es\/visualizador-1\/Visualizar\/Visualizar.do?identificador=es-an_2011071213_9172433&amp;secuencia=true&amp;idioma=es\" target=\"_blank\" rel=\"noopener noreferrer\">Dibujo, visualidad y conocimiento: Elementos comunes de la unidad<\/a><\/h4>\n<p>La historia inicial que vas a encontrarte en esta primera unidad comienza hace mucho, mucho tiempo. Hay frases que han pasado a la historia por lo que han significado y por los acontecimientos a los que est\u00e1n ligadas. Tal vez te suenen estas dos : la primera \u00ab\u00a1\u00a1 Mira pap\u00e1, bueyes en el techo !\u00bb; la segunda, \u00abUn peque\u00f1o paso para un hombre pero un gran salto para la humanidad\u00bb y una tercera y \u00faltima tal vez menos conocida, \u00abDespu\u00e9s de Altamira todo me parece decadente\u00bb.<\/p>\n<h4><a href=\"http:\/\/agrega.juntadeandalucia.es\/visualizar\/es\/es-an_2011070113_9133317\/true\" target=\"_blank\" rel=\"noopener noreferrer\">Elementos y trazados fundamentales: los materiales y t\u00e9cnicas b\u00e1sicas, paralelismo y perpendicularidad<\/a><\/h4>\n<p>El Dibujo T\u00e9cnico es un lenguaje objetivo y universal, su principal funci\u00f3n es la de exponer de forma clara una idea para que pueda ser comprendida sin dificultad por distintos observadores, esto requiere el uso de unas t\u00e9cnicas gr\u00e1ficas espec\u00edficas.<\/p>\n","protected":false},"excerpt":{"rendered":"<p>&nbsp;DEPARTAMENTO DE DIBUJO Y ARTES PL\u00c1STICAS&nbsp; Nuestro compa\u00f1ero F\u00e9lix Jim\u00e9nez nos invita a ver sus clases y su trabajo con el alumnado a trav\u00e9s de su canal de Youtube: &nbsp; \u00abRAIZ DE DOS\u00bb COMENZANDO&#46;&#46;&#46;<\/p>\n","protected":false},"author":3385,"featured_media":0,"parent":6235,"menu_order":0,"comment_status":"open","ping_status":"closed","template":"","meta":{"ngg_post_thumbnail":0,"footnotes":"","_mc_calendar":[]},"aioseo_notices":[],"_links":{"self":[{"href":"https:\/\/blogsaverroes.juntadeandalucia.es\/iesgaviota\/wp-json\/wp\/v2\/pages\/4451"}],"collection":[{"href":"https:\/\/blogsaverroes.juntadeandalucia.es\/iesgaviota\/wp-json\/wp\/v2\/pages"}],"about":[{"href":"https:\/\/blogsaverroes.juntadeandalucia.es\/iesgaviota\/wp-json\/wp\/v2\/types\/page"}],"author":[{"embeddable":true,"href":"https:\/\/blogsaverroes.juntadeandalucia.es\/iesgaviota\/wp-json\/wp\/v2\/users\/3385"}],"replies":[{"embeddable":true,"href":"https:\/\/blogsaverroes.juntadeandalucia.es\/iesgaviota\/wp-json\/wp\/v2\/comments?post=4451"}],"version-history":[{"count":31,"href":"https:\/\/blogsaverroes.juntadeandalucia.es\/iesgaviota\/wp-json\/wp\/v2\/pages\/4451\/revisions"}],"predecessor-version":[{"id":11760,"href":"https:\/\/blogsaverroes.juntadeandalucia.es\/iesgaviota\/wp-json\/wp\/v2\/pages\/4451\/revisions\/11760"}],"up":[{"embeddable":true,"href":"https:\/\/blogsaverroes.juntadeandalucia.es\/iesgaviota\/wp-json\/wp\/v2\/pages\/6235"}],"wp:attachment":[{"href":"https:\/\/blogsaverroes.juntadeandalucia.es\/iesgaviota\/wp-json\/wp\/v2\/media?parent=4451"}],"curies":[{"name":"wp","href":"https:\/\/api.w.org\/{rel}","templated":true}]}}