{"id":4467,"date":"2016-11-18T12:51:59","date_gmt":"2016-11-18T11:51:59","guid":{"rendered":"http:\/\/blogsaverroes.juntadeandalucia.es\/iesgaviota\/?page_id=4467"},"modified":"2018-01-30T12:05:20","modified_gmt":"2018-01-30T11:05:20","slug":"informatica-3","status":"publish","type":"page","link":"https:\/\/blogsaverroes.juntadeandalucia.es\/iesgaviota\/departamentos\/informatica-3\/","title":{"rendered":"Inform\u00e1tica"},"content":{"rendered":"<p>\u00a1P\u00e1gina en construcci\u00f3n! Estamos trabajando para crear una p\u00e1gina mejor y m\u00e1s \u00fatil para todo el mundo.<\/p>\n","protected":false},"excerpt":{"rendered":"<p>\u00a1P\u00e1gina en construcci\u00f3n! Estamos trabajando para crear una p\u00e1gina mejor y m\u00e1s \u00fatil para todo el mundo.<\/p>\n","protected":false},"author":3385,"featured_media":0,"parent":6235,"menu_order":0,"comment_status":"open","ping_status":"closed","template":"","meta":{"ngg_post_thumbnail":0,"footnotes":"","_mc_calendar":[]},"aioseo_notices":[],"_links":{"self":[{"href":"https:\/\/blogsaverroes.juntadeandalucia.es\/iesgaviota\/wp-json\/wp\/v2\/pages\/4467"}],"collection":[{"href":"https:\/\/blogsaverroes.juntadeandalucia.es\/iesgaviota\/wp-json\/wp\/v2\/pages"}],"about":[{"href":"https:\/\/blogsaverroes.juntadeandalucia.es\/iesgaviota\/wp-json\/wp\/v2\/types\/page"}],"author":[{"embeddable":true,"href":"https:\/\/blogsaverroes.juntadeandalucia.es\/iesgaviota\/wp-json\/wp\/v2\/users\/3385"}],"replies":[{"embeddable":true,"href":"https:\/\/blogsaverroes.juntadeandalucia.es\/iesgaviota\/wp-json\/wp\/v2\/comments?post=4467"}],"version-history":[{"count":2,"href":"https:\/\/blogsaverroes.juntadeandalucia.es\/iesgaviota\/wp-json\/wp\/v2\/pages\/4467\/revisions"}],"predecessor-version":[{"id":4727,"href":"https:\/\/blogsaverroes.juntadeandalucia.es\/iesgaviota\/wp-json\/wp\/v2\/pages\/4467\/revisions\/4727"}],"up":[{"embeddable":true,"href":"https:\/\/blogsaverroes.juntadeandalucia.es\/iesgaviota\/wp-json\/wp\/v2\/pages\/6235"}],"wp:attachment":[{"href":"https:\/\/blogsaverroes.juntadeandalucia.es\/iesgaviota\/wp-json\/wp\/v2\/media?parent=4467"}],"curies":[{"name":"wp","href":"https:\/\/api.w.org\/{rel}","templated":true}]}}