{"id":4473,"date":"2016-11-18T13:03:37","date_gmt":"2016-11-18T12:03:37","guid":{"rendered":"http:\/\/blogsaverroes.juntadeandalucia.es\/iesgaviota\/?page_id=4473"},"modified":"2021-01-15T12:24:25","modified_gmt":"2021-01-15T11:24:25","slug":"matematicas","status":"publish","type":"page","link":"https:\/\/blogsaverroes.juntadeandalucia.es\/iesgaviota\/departamentos\/matematicas\/","title":{"rendered":"Matem\u00e1ticas"},"content":{"rendered":"<p><img loading=\"lazy\" decoding=\"async\" class=\"aligncenter size-medium wp-image-2135\" src=\"http:\/\/blogsaverroes.juntadeandalucia.es\/iesgaviota\/files\/2015\/03\/matematicas-300x210.jpg\" alt=\"matematicas\" width=\"300\" height=\"210\" srcset=\"https:\/\/blogsaverroes.juntadeandalucia.es\/iesgaviota\/files\/2015\/03\/matematicas-300x210.jpg 300w, https:\/\/blogsaverroes.juntadeandalucia.es\/iesgaviota\/files\/2015\/03\/matematicas.jpg 640w\" sizes=\"(max-width: 300px) 100vw, 300px\" \/><\/p>\n<p><strong><span style=\"font-family: sans-serif;\"><span style=\"font-size: medium;\">Matem\u00e1ticas<\/span><\/span><\/strong><\/p>\n<p><span style=\"font-family: sans-serif;\"><span style=\"font-size: medium;\">Las matem\u00e1ticas constituyen una forma de mirar e interpretar el mundo que nos rodea, reflejan la capacidad creativa, expresan con precisi\u00f3n conceptos y argumentos, favorecen la capacidad para aprender a aprender y contienen elementos de gran belleza; sin olvidar adem\u00e1s el car\u00e1cter instrumental que las matem\u00e1ticas tienen como base fundamental para la adquisici\u00f3n de nuevos conocimientos en otras disciplinas, especialmente en el proceso cient\u00edfico y tecnol\u00f3gico y como fuerza conductora en el desarrollo de la cultura y las civilizaciones.<\/span><\/span><\/p>\n<h4><a href=\"http:\/\/agrega.juntadeandalucia.es\/visualizar\/es\/es-an_2010110313_9101154\/true\" target=\"_blank\" rel=\"noopener noreferrer\">Sociedad y medio ambiente. Un espacio compartido: Estudio estad\u00edstico<\/a><\/h4>\n<p>Cuando vemos en televisi\u00f3n <b>noticias relacionadas con el medio ambiente<\/b>, o cuando las leemos en los peri\u00f3dicos o en las revistas, casi siempre vienen acompa\u00f1adas de <b>gr\u00e1ficos <\/b>extra\u00f1os&#8230;<strong> De cifras<\/strong><\/p>\n<h4><a href=\"http:\/\/agrega.juntadeandalucia.es\/visualizar\/es\/es-an_2010070613_9112123\/true\" target=\"_blank\" rel=\"noopener noreferrer\">Cifras y letras: H\u00e1gase el n\u00famero<\/a><\/h4>\n<p><a href=\"http:\/\/agrega.juntadeandalucia.es\/visualizar\/es\/es-an_2010070613_9112123\/true\" target=\"_blank\" rel=\"noopener noreferrer\"><img loading=\"lazy\" decoding=\"async\" class=\" size-medium wp-image-2140 alignleft\" src=\"http:\/\/blogsaverroes.juntadeandalucia.es\/iesgaviota\/files\/2015\/03\/matematicas02-241x300.jpg\" alt=\"matematicas02\" width=\"241\" height=\"300\" srcset=\"https:\/\/blogsaverroes.juntadeandalucia.es\/iesgaviota\/files\/2015\/03\/matematicas02-241x300.jpg 241w, https:\/\/blogsaverroes.juntadeandalucia.es\/iesgaviota\/files\/2015\/03\/matematicas02.jpg 361w\" sizes=\"(max-width: 241px) 100vw, 241px\" \/><\/a><\/p>\n<p>La realidad en la que vivimos est\u00e1 regida por n\u00fameros: nos despiertan, nos marcan l\u00edmites, nos indican d\u00f3nde ir, cu\u00e1ndo marcharnos, c\u00f3mo cocinar, nos comparan y valoran,&#8230;<\/p>\n<p>Aunque hoy en d\u00eda esta afirmaci\u00f3n la asumamos sin problemas, la situaci\u00f3n era muy diferente en el mundo antiguo. La noci\u00f3n de n\u00famero nace como una idea casi metaf\u00edsica, y a medida que el hombre va evolucionando los n\u00fameros se van desarrollando para ayudar a responder a los retos de cada momento.<\/p>\n<p>Pit\u00e1goras fue el primer matem\u00e1tico en explorar el mundo de los n\u00fameros. Para \u00e9l, <em>\u00abtodo es n\u00famero\u00bb<\/em>, ya que consideraba que filosof\u00eda, naturaleza y matem\u00e1ticas estaban muy entrelazadas.<\/p>\n<p>Con el transcurso del tiempo, los n\u00fameros naturales se ampliaron con los negativos, con el cero, con los n\u00fameros racionales, los irracionales&#8230; hasta constituir una estructura b\u00e1sica s\u00f3lida en la que se basa la matem\u00e1tica actual.<\/p>\n<p><a href=\"http:\/\/www.juntadeandalucia.es\/educacion\/portalaverroes\/contenidosdigitales\/contenido\/recursos-digitales-para-el-aprendizaje-de-las-matematicas\" target=\"_blank\" rel=\"noopener noreferrer\">M\u00e1s recursos en Portal Averroes<\/a><\/p>\n","protected":false},"excerpt":{"rendered":"<p>Matem\u00e1ticas Las matem\u00e1ticas constituyen una forma de mirar e interpretar el mundo que nos rodea, reflejan la capacidad creativa, expresan con precisi\u00f3n conceptos y argumentos, favorecen la capacidad para aprender a aprender y contienen&#46;&#46;&#46;<\/p>\n","protected":false},"author":3385,"featured_media":0,"parent":6235,"menu_order":0,"comment_status":"open","ping_status":"closed","template":"","meta":{"ngg_post_thumbnail":0,"footnotes":"","_mc_calendar":[]},"aioseo_notices":[],"_links":{"self":[{"href":"https:\/\/blogsaverroes.juntadeandalucia.es\/iesgaviota\/wp-json\/wp\/v2\/pages\/4473"}],"collection":[{"href":"https:\/\/blogsaverroes.juntadeandalucia.es\/iesgaviota\/wp-json\/wp\/v2\/pages"}],"about":[{"href":"https:\/\/blogsaverroes.juntadeandalucia.es\/iesgaviota\/wp-json\/wp\/v2\/types\/page"}],"author":[{"embeddable":true,"href":"https:\/\/blogsaverroes.juntadeandalucia.es\/iesgaviota\/wp-json\/wp\/v2\/users\/3385"}],"replies":[{"embeddable":true,"href":"https:\/\/blogsaverroes.juntadeandalucia.es\/iesgaviota\/wp-json\/wp\/v2\/comments?post=4473"}],"version-history":[{"count":4,"href":"https:\/\/blogsaverroes.juntadeandalucia.es\/iesgaviota\/wp-json\/wp\/v2\/pages\/4473\/revisions"}],"predecessor-version":[{"id":9152,"href":"https:\/\/blogsaverroes.juntadeandalucia.es\/iesgaviota\/wp-json\/wp\/v2\/pages\/4473\/revisions\/9152"}],"up":[{"embeddable":true,"href":"https:\/\/blogsaverroes.juntadeandalucia.es\/iesgaviota\/wp-json\/wp\/v2\/pages\/6235"}],"wp:attachment":[{"href":"https:\/\/blogsaverroes.juntadeandalucia.es\/iesgaviota\/wp-json\/wp\/v2\/media?parent=4473"}],"curies":[{"name":"wp","href":"https:\/\/api.w.org\/{rel}","templated":true}]}}