{"id":4477,"date":"2016-11-18T13:05:08","date_gmt":"2016-11-18T12:05:08","guid":{"rendered":"http:\/\/blogsaverroes.juntadeandalucia.es\/iesgaviota\/?page_id=4477"},"modified":"2021-01-15T12:26:33","modified_gmt":"2021-01-15T11:26:33","slug":"orientacion-3","status":"publish","type":"page","link":"https:\/\/blogsaverroes.juntadeandalucia.es\/iesgaviota\/departamentos\/orientacion-3\/","title":{"rendered":"Orientaci\u00f3n"},"content":{"rendered":"<h2 style=\"text-align: center;\"><span style=\"color: #0000ff;\">ORIENTACI\u00d3N<\/span><\/h2>\n<h4>Orientaci\u00f3n educativa<\/h4>\n<p>La orientaci\u00f3n contribuye al desarrollo de las facetas personal, acad\u00e9mica y profesional de los alumnos y alumnas. Es un proceso en el que deben involucrarse las familias y para el cual pueden acudir a los tutores y al asesoramiento y apoyo de los orientadores de los centros educativos. Entre sus objetivos principales se encuentran los siguientes:<\/p>\n<ul>\n<li>Resolver problemas de la vida acad\u00e9mica, como dificultades durante el proceso de aprendizaje, ausencia de motivaci\u00f3n, etc.<\/li>\n<li>Tomar decisiones sobre itinerarios de estudio e incorporaci\u00f3n al mundo laboral.<\/li>\n<li>Convivencia y educaci\u00f3n en valores.<\/li>\n<\/ul>\n<h4><a href=\"http:\/\/agrega.juntadeandalucia.es\/visualizar\/es\/es-an_2015061514_9093750\/false\" target=\"_blank\" rel=\"noopener noreferrer\">Gu\u00eda de Tutor\u00eda en Secundaria<\/a><\/h4>\n<p><a href=\"http:\/\/agrega.juntadeandalucia.es\/visualizar\/es\/es-an_2015061514_9093750\/false\" target=\"_blank\" rel=\"noopener noreferrer\"><img loading=\"lazy\" decoding=\"async\" class=\" size-medium wp-image-2158 alignleft\" src=\"http:\/\/blogsaverroes.juntadeandalucia.es\/iesgaviota\/files\/2015\/03\/orientacion1-300x147.jpg\" alt=\"orientacion\" width=\"300\" height=\"147\"\/><\/a><\/p>\n<div align=\"justify\">\n<p class=\"Estilo2\">Esta Gu\u00eda contiene toda la informaci\u00f3n y recursos necesarios para ejercer la tutor\u00eda en la Educaci\u00f3n Secundaria Obligatoria. No es un Programa de Acci\u00f3n Tutorial, sino que lo complementa al recoger las actuaciones que a lo largo del curso escolar tendr\u00e1 que realizar el tutor o tutora de un grupo.<\/p>\n<p class=\"Estilo2\">Se presenta un cronograma de las tareas y actuaciones organizadas de forma sistem\u00e1tica por \u00e1mbitos con los recursos necesarios para realizarlas. Est\u00e1 organizada por meses y cada tarea o actuaci\u00f3n est\u00e1 descrita en una ficha (objetivo, procedimiento y recursos). Adem\u00e1s, incluye unas tablas resumen de los tipos de tareas y actuaciones para cada mes del a\u00f1o acad\u00e9mico.<\/p>\n<\/div>\n<h4><a href=\"http:\/\/agrega.juntadeandalucia.es\/visualizador-1\/Visualizar\/Visualizar.do?identificador=es-an_2011111013_9090610&amp;secuencia=true&amp;idioma=es\" target=\"_blank\" rel=\"noopener noreferrer\">\u00a1Aumenta tu motivaci\u00f3n!<\/a><\/h4>\n<p><a href=\"http:\/\/agrega.juntadeandalucia.es\/visualizador-1\/Visualizar\/Visualizar.do?identificador=es-an_2011111013_9090610&amp;secuencia=true&amp;idioma=es\" target=\"_blank\" rel=\"noopener noreferrer\"><img loading=\"lazy\" decoding=\"async\" class=\" size-full wp-image-2160 alignleft\" src=\"http:\/\/blogsaverroes.juntadeandalucia.es\/iesgaviota\/files\/2015\/03\/orientacion02.jpg\" alt=\"orientacion02\" width=\"240\" height=\"169\"\/><\/a><\/p>\n<p><strong>\u00bfCu\u00e1l es tu meta final<\/strong>?: Si no tienes claro hasta d\u00f3nde puedes o quieres llegar en los estudios comienza por tener una visi\u00f3n general de todo el Sistema Educativo. Despu\u00e9s podr\u00e1s ir consultando en Tutor\u00eda y en Orientaci\u00f3n todo lo que necesites.<\/p>\n<p>&nbsp;<\/p>\n","protected":false},"excerpt":{"rendered":"<p>ORIENTACI\u00d3N Orientaci\u00f3n educativa La orientaci\u00f3n contribuye al desarrollo de las facetas personal, acad\u00e9mica y profesional de los alumnos y alumnas. Es un proceso en el que deben involucrarse las familias y para el cual&#46;&#46;&#46;<\/p>\n","protected":false},"author":3385,"featured_media":0,"parent":6235,"menu_order":0,"comment_status":"open","ping_status":"closed","template":"","meta":{"ngg_post_thumbnail":0,"footnotes":"","_mc_calendar":[]},"aioseo_notices":[],"_links":{"self":[{"href":"https:\/\/blogsaverroes.juntadeandalucia.es\/iesgaviota\/wp-json\/wp\/v2\/pages\/4477"}],"collection":[{"href":"https:\/\/blogsaverroes.juntadeandalucia.es\/iesgaviota\/wp-json\/wp\/v2\/pages"}],"about":[{"href":"https:\/\/blogsaverroes.juntadeandalucia.es\/iesgaviota\/wp-json\/wp\/v2\/types\/page"}],"author":[{"embeddable":true,"href":"https:\/\/blogsaverroes.juntadeandalucia.es\/iesgaviota\/wp-json\/wp\/v2\/users\/3385"}],"replies":[{"embeddable":true,"href":"https:\/\/blogsaverroes.juntadeandalucia.es\/iesgaviota\/wp-json\/wp\/v2\/comments?post=4477"}],"version-history":[{"count":6,"href":"https:\/\/blogsaverroes.juntadeandalucia.es\/iesgaviota\/wp-json\/wp\/v2\/pages\/4477\/revisions"}],"predecessor-version":[{"id":9154,"href":"https:\/\/blogsaverroes.juntadeandalucia.es\/iesgaviota\/wp-json\/wp\/v2\/pages\/4477\/revisions\/9154"}],"up":[{"embeddable":true,"href":"https:\/\/blogsaverroes.juntadeandalucia.es\/iesgaviota\/wp-json\/wp\/v2\/pages\/6235"}],"wp:attachment":[{"href":"https:\/\/blogsaverroes.juntadeandalucia.es\/iesgaviota\/wp-json\/wp\/v2\/media?parent=4477"}],"curies":[{"name":"wp","href":"https:\/\/api.w.org\/{rel}","templated":true}]}}