{"id":4812,"date":"2017-02-10T13:02:11","date_gmt":"2017-02-10T12:02:11","guid":{"rendered":"http:\/\/blogsaverroes.juntadeandalucia.es\/iesgaviota\/?page_id=4812"},"modified":"2021-02-05T13:34:27","modified_gmt":"2021-02-05T12:34:27","slug":"erasmus","status":"publish","type":"page","link":"https:\/\/blogsaverroes.juntadeandalucia.es\/iesgaviota\/planesproyectos\/erasmus\/","title":{"rendered":"Proyecto Erasmus+"},"content":{"rendered":"<h3 style=\"text-align: left;\"><a href=\"http:\/\/blogsaverroes.juntadeandalucia.es\/iesgaviota\/files\/2017\/02\/Erasmus-.png\"><img loading=\"lazy\" decoding=\"async\" class=\" size-full wp-image-4817 alignleft\" src=\"http:\/\/blogsaverroes.juntadeandalucia.es\/iesgaviota\/files\/2017\/02\/Erasmus-.png\" alt=\"Erasmus+\" width=\"320\" height=\"70\" srcset=\"https:\/\/blogsaverroes.juntadeandalucia.es\/iesgaviota\/files\/2017\/02\/Erasmus-.png 320w, https:\/\/blogsaverroes.juntadeandalucia.es\/iesgaviota\/files\/2017\/02\/Erasmus--300x66.png 300w, https:\/\/blogsaverroes.juntadeandalucia.es\/iesgaviota\/files\/2017\/02\/Erasmus--24x5.png 24w, https:\/\/blogsaverroes.juntadeandalucia.es\/iesgaviota\/files\/2017\/02\/Erasmus--36x8.png 36w, https:\/\/blogsaverroes.juntadeandalucia.es\/iesgaviota\/files\/2017\/02\/Erasmus--48x11.png 48w\" sizes=\"(max-width: 320px) 100vw, 320px\" \/><\/a><\/h3>\n<h3><strong>\u00bfQu\u00e9 es el programa Erasmus+?<\/strong><\/h3>\n<p>El programa Erasmus+ tiene como objetivo atender a las necesidades de ense\u00f1anza y aprendizaje de todos los participantes en educaci\u00f3n secundaria obligatoria, educaci\u00f3n superior formal y en formaci\u00f3n profesional de grado medio y superior.<\/p>\n<p>Este programa se centra en el aprendizaje formal e informal a trav\u00e9s de la internacionalizaci\u00f3n de las instituciones con el objetivo de mejorar las capacidades educativas y formativas de las personas y as\u00ed mejorar las competencias personales, sociales y profesionales de los estudiantes y una mayor cualificaci\u00f3n del profesorado.<\/p>\n<p>En materia educativa abarca todos los niveles: escolar, formaci\u00f3n profesional, ense\u00f1anza superior y formaci\u00f3n de personas adultas.<\/p>\n<h3><span style=\"background-color: #3366ff; color: #ffffff;\"><strong>\u00bfQu\u00e9 proyectos Erasmus+ ofrece nuestro Centro?<\/strong><\/span><\/h3>\n<ul>\n<li><strong>Movilidades internacionales<\/strong> para realizar la&nbsp;formaci\u00f3n en centros de trabajo al alumnado de Formaci\u00f3n Profesional<\/li>\n<li>Socios de <strong>Acogida<\/strong> en el Proyecto KA1 Nr.9229288326 Lernaufenthalte in der beruflichen Aus-und Weiterbildung<\/li>\n<li><strong>Greener Together, Greener For Our Planet (Erasmus+ KA<\/strong>229): <a href=\"https:\/\/greenertogetherplanet.blogspot.com\/p\/welcome.html\" target=\"_blank\" rel=\"noopener noreferrer\">+info<\/a><\/li>\n<\/ul>\n","protected":false},"excerpt":{"rendered":"<p>\u00bfQu\u00e9 es el programa Erasmus+? El programa Erasmus+ tiene como objetivo atender a las necesidades de ense\u00f1anza y aprendizaje de todos los participantes en educaci\u00f3n secundaria obligatoria, educaci\u00f3n superior formal y en formaci\u00f3n profesional&#46;&#46;&#46;<\/p>\n","protected":false},"author":3385,"featured_media":0,"parent":6221,"menu_order":0,"comment_status":"closed","ping_status":"closed","template":"","meta":{"ngg_post_thumbnail":0,"footnotes":"","_mc_calendar":[]},"aioseo_notices":[],"_links":{"self":[{"href":"https:\/\/blogsaverroes.juntadeandalucia.es\/iesgaviota\/wp-json\/wp\/v2\/pages\/4812"}],"collection":[{"href":"https:\/\/blogsaverroes.juntadeandalucia.es\/iesgaviota\/wp-json\/wp\/v2\/pages"}],"about":[{"href":"https:\/\/blogsaverroes.juntadeandalucia.es\/iesgaviota\/wp-json\/wp\/v2\/types\/page"}],"author":[{"embeddable":true,"href":"https:\/\/blogsaverroes.juntadeandalucia.es\/iesgaviota\/wp-json\/wp\/v2\/users\/3385"}],"replies":[{"embeddable":true,"href":"https:\/\/blogsaverroes.juntadeandalucia.es\/iesgaviota\/wp-json\/wp\/v2\/comments?post=4812"}],"version-history":[{"count":12,"href":"https:\/\/blogsaverroes.juntadeandalucia.es\/iesgaviota\/wp-json\/wp\/v2\/pages\/4812\/revisions"}],"predecessor-version":[{"id":9183,"href":"https:\/\/blogsaverroes.juntadeandalucia.es\/iesgaviota\/wp-json\/wp\/v2\/pages\/4812\/revisions\/9183"}],"up":[{"embeddable":true,"href":"https:\/\/blogsaverroes.juntadeandalucia.es\/iesgaviota\/wp-json\/wp\/v2\/pages\/6221"}],"wp:attachment":[{"href":"https:\/\/blogsaverroes.juntadeandalucia.es\/iesgaviota\/wp-json\/wp\/v2\/media?parent=4812"}],"curies":[{"name":"wp","href":"https:\/\/api.w.org\/{rel}","templated":true}]}}