{"id":49,"date":"2015-03-13T08:47:05","date_gmt":"2015-03-13T07:47:05","guid":{"rendered":"http:\/\/blogsaverroes.juntadeandalucia.es\/pre\/ceip\/?page_id=49"},"modified":"2025-12-16T12:16:39","modified_gmt":"2025-12-16T11:16:39","slug":"proyecto-educativo","status":"publish","type":"page","link":"https:\/\/blogsaverroes.juntadeandalucia.es\/iesgaviota\/el-instituto\/proyecto-educativo\/","title":{"rendered":"Plan de Centro"},"content":{"rendered":"<p><span style=\"background-color: #0000ff;color: #ffffff;font-size: 18pt\"><strong><span style=\"background-color: #3366ff\">&nbsp; PLAN DE CENTRO<\/span><\/strong><\/span><\/p>\n<p><img decoding=\"async\" src=\"bot\u00f3n-proyecto-educativo_EDU20211111\" alt=\"\"\/><\/p>\n<p>Un centro se define en gran medida por su <strong>Proyecto Educativo<\/strong>. En \u00e9l se plasma el modelo educativo y la concreci\u00f3n de la normativa que un centro realiza respecto a las ense\u00f1anzas que imparte.<\/p>\n<p>Que la web de un centro informe de su Proyecto Educativo es una apuesta clara por la <strong>transparencia<\/strong>.<\/p>\n<p>&nbsp;<\/p>\n<p>&nbsp;<\/p>\n<ul>\n<li><a href=\"https:\/\/blogsaverroes.juntadeandalucia.es\/iesgaviota\/files\/2024\/12\/PROYECTO-DE-GESTION-IES-GAVIOTA_ref_GES20231115.pdf\">PROYECTO DE GESTI\u00d3N IES GAVIOTA<\/a><\/li>\n<li><a href=\"https:\/\/blogsaverroes.juntadeandalucia.es\/iesgaviota\/files\/2024\/12\/PROYECTO-EDUCATIVO-GAVIOTA_refEDU20241115.pdf\">PROYECTO EDUCATIVO GAVIOTA<\/a><\/li>\n<li><a href=\"https:\/\/blogsaverroes.juntadeandalucia.es\/iesgaviota\/files\/2024\/12\/ROF-IES-GAVIOTA_ref_ROF20241115.pdf\">ROF IES GAVIOTA<\/a><\/li>\n<li><a href=\"https:\/\/drive.google.com\/drive\/folders\/1ML9cN21EExC8IhWE4J2NHZBv8-_xL2Wq\">PROGRAMACIONES<\/a><\/li>\n<li><a href=\"https:\/\/blogsaverroes.juntadeandalucia.es\/iesgaviota\/files\/2025\/01\/Informe_del_Plan_de_Actuacion_Digital.pdf\">PLAN DE ACTUACI\u00d3N DIGITAL<\/a><\/li>\n<\/ul>\n<p>&nbsp;<\/p>\n<p>&nbsp;<\/p>\n<p>&nbsp;<\/p>\n<p>&nbsp;<\/p>\n<p>&nbsp;<\/p>\n<p>&nbsp;<\/p>\n","protected":false},"excerpt":{"rendered":"<p>&nbsp; PLAN DE CENTRO Un centro se define en gran medida por su Proyecto Educativo. En \u00e9l se plasma el modelo educativo y la concreci\u00f3n de la normativa que un centro realiza respecto a&#46;&#46;&#46;<\/p>\n","protected":false},"author":1,"featured_media":0,"parent":6239,"menu_order":0,"comment_status":"closed","ping_status":"closed","template":"","meta":{"ngg_post_thumbnail":0,"footnotes":"","_mc_calendar":[]},"aioseo_notices":[],"_links":{"self":[{"href":"https:\/\/blogsaverroes.juntadeandalucia.es\/iesgaviota\/wp-json\/wp\/v2\/pages\/49"}],"collection":[{"href":"https:\/\/blogsaverroes.juntadeandalucia.es\/iesgaviota\/wp-json\/wp\/v2\/pages"}],"about":[{"href":"https:\/\/blogsaverroes.juntadeandalucia.es\/iesgaviota\/wp-json\/wp\/v2\/types\/page"}],"author":[{"embeddable":true,"href":"https:\/\/blogsaverroes.juntadeandalucia.es\/iesgaviota\/wp-json\/wp\/v2\/users\/1"}],"replies":[{"embeddable":true,"href":"https:\/\/blogsaverroes.juntadeandalucia.es\/iesgaviota\/wp-json\/wp\/v2\/comments?post=49"}],"version-history":[{"count":79,"href":"https:\/\/blogsaverroes.juntadeandalucia.es\/iesgaviota\/wp-json\/wp\/v2\/pages\/49\/revisions"}],"predecessor-version":[{"id":11622,"href":"https:\/\/blogsaverroes.juntadeandalucia.es\/iesgaviota\/wp-json\/wp\/v2\/pages\/49\/revisions\/11622"}],"up":[{"embeddable":true,"href":"https:\/\/blogsaverroes.juntadeandalucia.es\/iesgaviota\/wp-json\/wp\/v2\/pages\/6239"}],"wp:attachment":[{"href":"https:\/\/blogsaverroes.juntadeandalucia.es\/iesgaviota\/wp-json\/wp\/v2\/media?parent=49"}],"curies":[{"name":"wp","href":"https:\/\/api.w.org\/{rel}","templated":true}]}}