{"id":5911,"date":"2017-06-15T10:17:37","date_gmt":"2017-06-15T08:17:37","guid":{"rendered":"http:\/\/blogsaverroes.juntadeandalucia.es\/iesgaviota\/?page_id=5911"},"modified":"2025-10-14T10:18:20","modified_gmt":"2025-10-14T08:18:20","slug":"oferta-educativa","status":"publish","type":"page","link":"https:\/\/blogsaverroes.juntadeandalucia.es\/iesgaviota\/oferta-educativa\/","title":{"rendered":"ENSE\u00d1ANZAS"},"content":{"rendered":"<p>&nbsp;<\/p>\n<p>&nbsp;<\/p>\n<h4><strong><span style=\"background-color: #3366ff\">&nbsp;<\/span><span style=\"background-color: #3366ff;color: #ffffff\"> CICLOS FORMATIVOS &nbsp;<\/span><\/strong><\/h4>\n<p><span style=\"background-color: #808080;color: #ffffff\"><strong>&nbsp;&nbsp;GRADO SUPERIOR &nbsp;<\/strong><\/span><br \/>\n\u25ba&nbsp;Educaci\u00f3n infantil&nbsp; <a href=\"https:\/\/blogsaverroes.juntadeandalucia.es\/iesgaviota\/c-f-g-s-educacion-infantil\/\" target=\"_blank\" rel=\"noopener noreferrer\">+ info<\/a><br \/>\n\u25ba Integraci\u00f3n social&nbsp; <a href=\"https:\/\/blogsaverroes.juntadeandalucia.es\/iesgaviota\/c-f-g-s-integracion-social\/\" target=\"_blank\" rel=\"noopener noreferrer\">+info<\/a><\/p>\n<p><span style=\"background-color: #808080;color: #ffffff\"><strong>&nbsp;&nbsp;GRADO&nbsp;MEDIO&nbsp;<\/strong><\/span><br \/>\n\u25ba&nbsp;Atenci\u00f3n a personas en situaci\u00f3n de dependencia&nbsp; <a href=\"https:\/\/blogsaverroes.juntadeandalucia.es\/iesgaviota\/c-f-g-m-atencion-a-personas-en-situacion-de-dependencia\/\" target=\"_blank\" rel=\"noopener noreferrer\">+info<\/a><\/p>\n<p><span style=\"background-color: #3366ff;color: #ffffff\"><strong>&nbsp;&nbsp;BACHILLERATOS&nbsp;&nbsp;<\/strong><\/span><br \/>\n\u25ba&nbsp;Ciencias&nbsp;&nbsp;<a href=\"https:\/\/blogsaverroes.juntadeandalucia.es\/iesgaviota\/bachillerato-de-ciencias-y-tecnologia\/\" target=\"_blank\" rel=\"noopener noreferrer\">+info<\/a><br \/>\n\u25ba Humanidades y ciencias sociales&nbsp; <a href=\"https:\/\/blogsaverroes.juntadeandalucia.es\/iesgaviota\/bachillerato-de-humanidades-y-ciencias-sociales\/\" target=\"_blank\" rel=\"noopener noreferrer\">+info<\/a><\/p>\n<p><span style=\"background-color: #3366ff;color: #ffffff\"><strong>&nbsp;&nbsp;E.S.O.&nbsp;&nbsp;<\/strong><\/span><br \/>\n\u25ba&nbsp;Ense\u00f1anza secundaria obligatoria de&nbsp;1\u00ba&nbsp;a 4\u00ba&nbsp; <a href=\"https:\/\/blogsaverroes.juntadeandalucia.es\/iesgaviota\/e-s-o\/\" target=\"_blank\" rel=\"noopener noreferrer\">+info<\/a><\/p>\n<p><span style=\"background-color: #3366ff;color: #ffffff\"><strong>&nbsp;&nbsp;otras ense\u00f1anzas&nbsp;&nbsp;<\/strong><\/span><\/p>\n<p><span style=\"font-family: helvetica, arial, sans-serif\">\u25ba Pruebas Libres obtenci\u00f3n T\u00cdTULO T\u00c9CNICO SUPERIOR EN EDUCACI\u00d3N INFANTIL. <a href=\"https:\/\/blogsaverroes.juntadeandalucia.es\/iesgaviota\/pruebas-libres-titulo-superior-educacion-infantil\/\">+ info<\/a><\/span><\/p>\n<p><span style=\"font-family: helvetica, arial, sans-serif\">\u25ba Pruebas Libres obtenci\u00f3n T\u00cdTULO T\u00c9CNICO SUPERIOR EN INTEGRACI\u00d3N SOCIAL. <a href=\"https:\/\/blogsaverroes.juntadeandalucia.es\/iesgaviota\/pruebas-libres-titulo-tecnico-superior-integracion-social\/\">+ info<\/a><\/span><\/p>\n<p><span style=\"font-family: helvetica, arial, sans-serif\">\u25ba Pruebas de Acceso a la Universidad (SELECTIVIDAD, sede bianual). <a href=\"https:\/\/blogsaverroes.juntadeandalucia.es\/iesgaviota\/pevau\/\">+ info<\/a><\/span><\/p>\n<p><span style=\"font-family: helvetica, arial, sans-serif\">\u25ba Centro Examinador Registrado TRINITY COLLEGE LONDON. <a href=\"https:\/\/blogsaverroes.juntadeandalucia.es\/iesgaviota\/trinity-college-london-centro-examinador-registrado\/\">+ info<\/a><\/span><\/p>\n<h4 style=\"text-align: left\">&nbsp;<\/h4>\n<p>&nbsp;<\/p>\n<p>&nbsp;<\/p>\n<h4>&nbsp;<\/h4>\n","protected":false},"excerpt":{"rendered":"<p>&nbsp; &nbsp; &nbsp; CICLOS FORMATIVOS &nbsp; &nbsp;&nbsp;GRADO SUPERIOR &nbsp; \u25ba&nbsp;Educaci\u00f3n infantil&nbsp; + info \u25ba Integraci\u00f3n social&nbsp; +info &nbsp;&nbsp;GRADO&nbsp;MEDIO&nbsp; \u25ba&nbsp;Atenci\u00f3n a personas en situaci\u00f3n de dependencia&nbsp; +info &nbsp;&nbsp;BACHILLERATOS&nbsp;&nbsp; \u25ba&nbsp;Ciencias&nbsp;&nbsp;+info \u25ba Humanidades y ciencias sociales&nbsp; +info&#46;&#46;&#46;<\/p>\n","protected":false},"author":3385,"featured_media":0,"parent":0,"menu_order":0,"comment_status":"closed","ping_status":"closed","template":"","meta":{"ngg_post_thumbnail":0,"footnotes":"","_mc_calendar":[]},"aioseo_notices":[],"_links":{"self":[{"href":"https:\/\/blogsaverroes.juntadeandalucia.es\/iesgaviota\/wp-json\/wp\/v2\/pages\/5911"}],"collection":[{"href":"https:\/\/blogsaverroes.juntadeandalucia.es\/iesgaviota\/wp-json\/wp\/v2\/pages"}],"about":[{"href":"https:\/\/blogsaverroes.juntadeandalucia.es\/iesgaviota\/wp-json\/wp\/v2\/types\/page"}],"author":[{"embeddable":true,"href":"https:\/\/blogsaverroes.juntadeandalucia.es\/iesgaviota\/wp-json\/wp\/v2\/users\/3385"}],"replies":[{"embeddable":true,"href":"https:\/\/blogsaverroes.juntadeandalucia.es\/iesgaviota\/wp-json\/wp\/v2\/comments?post=5911"}],"version-history":[{"count":30,"href":"https:\/\/blogsaverroes.juntadeandalucia.es\/iesgaviota\/wp-json\/wp\/v2\/pages\/5911\/revisions"}],"predecessor-version":[{"id":11433,"href":"https:\/\/blogsaverroes.juntadeandalucia.es\/iesgaviota\/wp-json\/wp\/v2\/pages\/5911\/revisions\/11433"}],"wp:attachment":[{"href":"https:\/\/blogsaverroes.juntadeandalucia.es\/iesgaviota\/wp-json\/wp\/v2\/media?parent=5911"}],"curies":[{"name":"wp","href":"https:\/\/api.w.org\/{rel}","templated":true}]}}