{"id":6052,"date":"2017-10-31T09:00:21","date_gmt":"2017-10-31T08:00:21","guid":{"rendered":"http:\/\/blogsaverroes.juntadeandalucia.es\/iesgaviota\/?page_id=6052"},"modified":"2018-01-30T12:47:42","modified_gmt":"2018-01-30T11:47:42","slug":"proyecto-erasmus-k1","status":"publish","type":"page","link":"https:\/\/blogsaverroes.juntadeandalucia.es\/iesgaviota\/planesproyectos\/erasmus\/proyecto-erasmus-k1\/","title":{"rendered":"proyecto Erasmus + K1"},"content":{"rendered":"<div dir=\"auto\"><span style=\"font-family: verdana,geneva,sans-serif;\"><span style=\"font-size: 12pt;\">El proyecto Erasmus + K1, es un proyecto a nivel europeo de intercambio de alumnado de ciclos formativos de formaci\u00f3n profesional para hacer pr\u00e1cticas en otros pa\u00edses de la Uni\u00f3n Europea. <\/span><span style=\"font-size: 12pt;\">Gracias a este proyecto vendr\u00e1n 10 chicas, para realizar las pr\u00e1cticas del ciclo formativo de grado superior de educaci\u00f3n infantil en Adra en diferentes escuelas infantiles de la localidad, durante 7 semanas (8 enero &#8211; 21 febrero), desde principios de Enero a finales de Febrero.<\/span><\/span><\/div>\n<div dir=\"auto\">&nbsp;<\/div>\n<div dir=\"auto\"><span style=\"font-family: verdana,geneva,sans-serif; font-size: 12pt;\">El instituto del que proceden se llama&nbsp;Gisbert von Romberg de la ciudad alemana de Dortmund, y durante sus pr\u00e1cticas van a realizar un conocimiento de la educaci\u00f3n infantil para 0-3 a\u00f1os en nuestro pa\u00eds, asi como un aprendizaje de los aspectos m\u00e1s relevantes de nuestra cultura.<br \/>\n<\/span><\/div>\n<div dir=\"auto\"><span style=\"font-family: verdana,geneva,sans-serif; font-size: 12pt;\">&nbsp;<\/span><\/div>\n<div dir=\"auto\"><span style=\"font-family: verdana,geneva,sans-serif; font-size: 12pt;\"><strong>Buscamos familias de acogida<\/strong> durante ese tiempo, para que puedan practicar espa\u00f1ol y aprender de nuestra cultura. A la familia de acogida se le da una subvenci\u00f3n por tener a cada alumno de 300 euros al mes, es decir, ser\u00edan 600 euros para las familias para la manutenci\u00f3n de las chicas que acogen durante toda su estancia. <strong>Tel\u00e9fono contacto: 950 579 614<\/strong><\/span><\/div>\n<div dir=\"auto\"><span style=\"font-size: 12pt;\">&nbsp;<\/span><\/div>\n<div dir=\"auto\"><span style=\"font-family: verdana,geneva,sans-serif; font-size: 12pt;\">Agradecemos a toda la comunidad educativa de Adra su colaboraci\u00f3n desde el IES Gaviota y a la poblaci\u00f3n abderitana en general.<\/span><\/div>\n","protected":false},"excerpt":{"rendered":"<p>El proyecto Erasmus + K1, es un proyecto a nivel europeo de intercambio de alumnado de ciclos formativos de formaci\u00f3n profesional para hacer pr\u00e1cticas en otros pa\u00edses de la Uni\u00f3n Europea. Gracias a este&#46;&#46;&#46;<\/p>\n","protected":false},"author":3385,"featured_media":0,"parent":4812,"menu_order":0,"comment_status":"closed","ping_status":"closed","template":"","meta":{"ngg_post_thumbnail":0,"footnotes":"","_mc_calendar":[]},"aioseo_notices":[],"_links":{"self":[{"href":"https:\/\/blogsaverroes.juntadeandalucia.es\/iesgaviota\/wp-json\/wp\/v2\/pages\/6052"}],"collection":[{"href":"https:\/\/blogsaverroes.juntadeandalucia.es\/iesgaviota\/wp-json\/wp\/v2\/pages"}],"about":[{"href":"https:\/\/blogsaverroes.juntadeandalucia.es\/iesgaviota\/wp-json\/wp\/v2\/types\/page"}],"author":[{"embeddable":true,"href":"https:\/\/blogsaverroes.juntadeandalucia.es\/iesgaviota\/wp-json\/wp\/v2\/users\/3385"}],"replies":[{"embeddable":true,"href":"https:\/\/blogsaverroes.juntadeandalucia.es\/iesgaviota\/wp-json\/wp\/v2\/comments?post=6052"}],"version-history":[{"count":8,"href":"https:\/\/blogsaverroes.juntadeandalucia.es\/iesgaviota\/wp-json\/wp\/v2\/pages\/6052\/revisions"}],"predecessor-version":[{"id":6107,"href":"https:\/\/blogsaverroes.juntadeandalucia.es\/iesgaviota\/wp-json\/wp\/v2\/pages\/6052\/revisions\/6107"}],"up":[{"embeddable":true,"href":"https:\/\/blogsaverroes.juntadeandalucia.es\/iesgaviota\/wp-json\/wp\/v2\/pages\/4812"}],"wp:attachment":[{"href":"https:\/\/blogsaverroes.juntadeandalucia.es\/iesgaviota\/wp-json\/wp\/v2\/media?parent=6052"}],"curies":[{"name":"wp","href":"https:\/\/api.w.org\/{rel}","templated":true}]}}