{"id":6223,"date":"2018-01-24T10:01:52","date_gmt":"2018-01-24T09:01:52","guid":{"rendered":"http:\/\/blogsaverroes.juntadeandalucia.es\/iesgaviota\/?page_id=6223"},"modified":"2019-03-06T22:04:31","modified_gmt":"2019-03-06T21:04:31","slug":"comunica","status":"publish","type":"page","link":"https:\/\/blogsaverroes.juntadeandalucia.es\/iesgaviota\/planesproyectos\/comunica\/","title":{"rendered":"ComunicA"},"content":{"rendered":"<p><strong>Representaci\u00f3n teatral: El cuento de Marvin<\/strong><\/p>\n<p><a href=\"https:\/\/blogsaverroes.juntadeandalucia.es\/iesgaviota\/files\/2019\/03\/IMG-20190306-WA0003-e1551905930528.jpg\"><img loading=\"lazy\" decoding=\"async\" class=\"aligncenter size-large wp-image-7390\" src=\"https:\/\/blogsaverroes.juntadeandalucia.es\/iesgaviota\/files\/2019\/03\/IMG-20190306-WA0003-1024x683.jpg\" alt=\"\" width=\"1024\" height=\"683\"\/><\/a><\/p>\n<p>El pasado 5 de marzo tuvo lugar la representaci\u00f3n de \u201cEl Cuento de Marvin\u201d, una obra teatral dirigida a p\u00fablico infantil representada por el alumnado del segundo curso del Ciclo Formativo de Grado Superior de Educaci\u00f3n Infantil bajo la coordinaci\u00f3n y direcci\u00f3n de las docentes del IES Gaviota Mari Carmen Mayor y Alicia Parrilla, responsables del m\u00f3dulo profesional \u201cExpresi\u00f3n y Comunicaci\u00f3n\u201d. Por su parte el alumnado del primero curso de esta titulaci\u00f3n colabor\u00f3 en el acompa\u00f1amiento de los y las menores asistentes que disfrutaron de esta propuesta esc\u00e9nica.<\/p>\n<p><a href=\"https:\/\/blogsaverroes.juntadeandalucia.es\/iesgaviota\/files\/2019\/03\/IMG-20190306-WA0019-e1551905993651.jpg\"><img loading=\"lazy\" decoding=\"async\" class=\"aligncenter size-large wp-image-7391\" src=\"https:\/\/blogsaverroes.juntadeandalucia.es\/iesgaviota\/files\/2019\/03\/IMG-20190306-WA0019-1024x683.jpg\" alt=\"\" width=\"1024\" height=\"683\"\/><\/a><\/p>\n<p>Ante la atenta mirada de ni\u00f1os y ni\u00f1as de los Colegios Mare Nostrum, Fuentenueva, Nueva Andaluc\u00eda, Abdera y San Fernando, el Centro Cultural de Adra acogi\u00f3 las dos sesiones de esta representaci\u00f3n que tuvo como hilo conductor la educaci\u00f3n en valores a trav\u00e9s de los los cuentos \u201cLa vaca que puso un huevo\u201d, \u201cLa preocupaci\u00f3n de Luc\u00eda\u201d, \u201cBequiquirib\u00e9\u201d y \u201cPor cuatro esquinitas de nada\u201d.<\/p>\n<p><a href=\"https:\/\/blogsaverroes.juntadeandalucia.es\/iesgaviota\/files\/2019\/03\/IMG-20190306-WA0009-1-e1551906019468.jpg\"><img loading=\"lazy\" decoding=\"async\" class=\"aligncenter size-large wp-image-7392\" src=\"https:\/\/blogsaverroes.juntadeandalucia.es\/iesgaviota\/files\/2019\/03\/IMG-20190306-WA0009-1-1024x682.jpg\" alt=\"\" width=\"1024\" height=\"682\"\/><\/a><a href=\"https:\/\/blogsaverroes.juntadeandalucia.es\/iesgaviota\/files\/2019\/03\/IMG-20190306-WA0018-e1551906052406.jpg\"><img loading=\"lazy\" decoding=\"async\" class=\"aligncenter size-large wp-image-7393\" src=\"https:\/\/blogsaverroes.juntadeandalucia.es\/iesgaviota\/files\/2019\/03\/IMG-20190306-WA0018-1024x682.jpg\" alt=\"\" width=\"1024\" height=\"682\"\/><\/a><a href=\"https:\/\/blogsaverroes.juntadeandalucia.es\/iesgaviota\/files\/2019\/03\/IMG-20190306-WA0009-1-e1551906019468.jpg\"><\/a><\/p>\n","protected":false},"excerpt":{"rendered":"<p>Representaci\u00f3n teatral: El cuento de Marvin El pasado 5 de marzo tuvo lugar la representaci\u00f3n de \u201cEl Cuento de Marvin\u201d, una obra teatral dirigida a p\u00fablico infantil representada por el alumnado del segundo curso&#46;&#46;&#46;<\/p>\n","protected":false},"author":3385,"featured_media":0,"parent":6221,"menu_order":0,"comment_status":"closed","ping_status":"closed","template":"","meta":{"ngg_post_thumbnail":0,"footnotes":"","_mc_calendar":[]},"aioseo_notices":[],"_links":{"self":[{"href":"https:\/\/blogsaverroes.juntadeandalucia.es\/iesgaviota\/wp-json\/wp\/v2\/pages\/6223"}],"collection":[{"href":"https:\/\/blogsaverroes.juntadeandalucia.es\/iesgaviota\/wp-json\/wp\/v2\/pages"}],"about":[{"href":"https:\/\/blogsaverroes.juntadeandalucia.es\/iesgaviota\/wp-json\/wp\/v2\/types\/page"}],"author":[{"embeddable":true,"href":"https:\/\/blogsaverroes.juntadeandalucia.es\/iesgaviota\/wp-json\/wp\/v2\/users\/3385"}],"replies":[{"embeddable":true,"href":"https:\/\/blogsaverroes.juntadeandalucia.es\/iesgaviota\/wp-json\/wp\/v2\/comments?post=6223"}],"version-history":[{"count":5,"href":"https:\/\/blogsaverroes.juntadeandalucia.es\/iesgaviota\/wp-json\/wp\/v2\/pages\/6223\/revisions"}],"predecessor-version":[{"id":7394,"href":"https:\/\/blogsaverroes.juntadeandalucia.es\/iesgaviota\/wp-json\/wp\/v2\/pages\/6223\/revisions\/7394"}],"up":[{"embeddable":true,"href":"https:\/\/blogsaverroes.juntadeandalucia.es\/iesgaviota\/wp-json\/wp\/v2\/pages\/6221"}],"wp:attachment":[{"href":"https:\/\/blogsaverroes.juntadeandalucia.es\/iesgaviota\/wp-json\/wp\/v2\/media?parent=6223"}],"curies":[{"name":"wp","href":"https:\/\/api.w.org\/{rel}","templated":true}]}}