{"id":6704,"date":"2017-01-27T12:35:15","date_gmt":"2017-01-27T11:35:15","guid":{"rendered":"https:\/\/blogsaverroes.juntadeandalucia.es\/iesgaviota\/?page_id=6704"},"modified":"2018-09-18T13:33:38","modified_gmt":"2018-09-18T11:33:38","slug":"historia","status":"publish","type":"page","link":"https:\/\/blogsaverroes.juntadeandalucia.es\/iesgaviota\/historia\/","title":{"rendered":"Historia"},"content":{"rendered":"<p><a href=\"https:\/\/blogsaverroes.juntadeandalucia.es\/iesgaviota\/files\/2018\/07\/foto-logotipo-IES-Gaviota-desde-1965-e1530787797361.jpg\"><img loading=\"lazy\" decoding=\"async\" class=\"aligncenter wp-image-6713\" src=\"https:\/\/blogsaverroes.juntadeandalucia.es\/iesgaviota\/files\/2018\/07\/foto-logotipo-IES-Gaviota-desde-1965-1024x1016.jpg\" alt=\"\" width=\"207\" height=\"205\"\/><\/a><\/p>\n<p>El IES. Gaviota de Adra es una instituci\u00f3n educativa&nbsp;que cuenta con una larga trayectoria, nuestros comienzos se remontan al d\u00eda<strong> 1 de octubre de 1965<\/strong> en el que se inicia el funcionamiento en Adra de la Secci\u00f3n Delegada mixta adscrita al Instituto Nacional de Ense\u00f1anza Media masculino de Almer\u00eda (el hoy llamado IES Nicol\u00e1s Salmer\u00f3n de la capital almeriense) seg\u00fan consta en la Orden de 16 de agosto de 1965 publicada en el BOE&nbsp; n\u00fam. 204 de 26 de agosto de 1965.<\/p>\n<p>Nuestra primera sede estuvo emplazada en la calle Academia 2, donde hoy se sit\u00faa el colegio p\u00fablico Pedro Mena, posteriormente sobre el mes de marzo del a\u00f1o 1981 se traslada dentro de la localidad de Adra a su actual ubicaci\u00f3n en calle Estero 4 en un inmejorable enclave junto al mar, desde donde sigue continuando con su labor docente y acad\u00e9mica con la misma ilusi\u00f3n, dedicaci\u00f3n y esfuerzo que en sus inicios.<\/p>\n<p>&nbsp;<\/p>\n<p>Para ver <strong>toda la informaci\u00f3n<\/strong> sobre nuestro 50\u00ba ANIVERSARIO haz clic <a href=\"https:\/\/blogsaverroes.juntadeandalucia.es\/iesgaviota\/category\/50-aniversario\/\">aqu\u00ed.<\/a><\/p>\n<p><a href=\"https:\/\/blogsaverroes.juntadeandalucia.es\/iesgaviota\/files\/2015\/03\/bot\u00f3n-fachada-ies-desde-1965.jpg\"><img loading=\"lazy\" decoding=\"async\" class=\"aligncenter size-full wp-image-6524\" src=\"https:\/\/blogsaverroes.juntadeandalucia.es\/iesgaviota\/files\/2015\/03\/bot\u00f3n-fachada-ies-desde-1965.jpg\" alt=\"\" width=\"530\" height=\"438\" srcset=\"https:\/\/blogsaverroes.juntadeandalucia.es\/iesgaviota\/files\/2015\/03\/bot\u00f3n-fachada-ies-desde-1965.jpg 530w, https:\/\/blogsaverroes.juntadeandalucia.es\/iesgaviota\/files\/2015\/03\/bot\u00f3n-fachada-ies-desde-1965-300x248.jpg 300w, https:\/\/blogsaverroes.juntadeandalucia.es\/iesgaviota\/files\/2015\/03\/bot\u00f3n-fachada-ies-desde-1965-24x20.jpg 24w, https:\/\/blogsaverroes.juntadeandalucia.es\/iesgaviota\/files\/2015\/03\/bot\u00f3n-fachada-ies-desde-1965-36x30.jpg 36w, https:\/\/blogsaverroes.juntadeandalucia.es\/iesgaviota\/files\/2015\/03\/bot\u00f3n-fachada-ies-desde-1965-48x40.jpg 48w\" sizes=\"(max-width: 530px) 100vw, 530px\" \/><\/a><\/p>\n","protected":false},"excerpt":{"rendered":"<p>El IES. Gaviota de Adra es una instituci\u00f3n educativa&nbsp;que cuenta con una larga trayectoria, nuestros comienzos se remontan al d\u00eda 1 de octubre de 1965 en el que se inicia el funcionamiento en Adra&#46;&#46;&#46;<\/p>\n","protected":false},"author":3385,"featured_media":0,"parent":0,"menu_order":0,"comment_status":"closed","ping_status":"closed","template":"","meta":{"ngg_post_thumbnail":0,"footnotes":"","_mc_calendar":[]},"aioseo_notices":[],"_links":{"self":[{"href":"https:\/\/blogsaverroes.juntadeandalucia.es\/iesgaviota\/wp-json\/wp\/v2\/pages\/6704"}],"collection":[{"href":"https:\/\/blogsaverroes.juntadeandalucia.es\/iesgaviota\/wp-json\/wp\/v2\/pages"}],"about":[{"href":"https:\/\/blogsaverroes.juntadeandalucia.es\/iesgaviota\/wp-json\/wp\/v2\/types\/page"}],"author":[{"embeddable":true,"href":"https:\/\/blogsaverroes.juntadeandalucia.es\/iesgaviota\/wp-json\/wp\/v2\/users\/3385"}],"replies":[{"embeddable":true,"href":"https:\/\/blogsaverroes.juntadeandalucia.es\/iesgaviota\/wp-json\/wp\/v2\/comments?post=6704"}],"version-history":[{"count":7,"href":"https:\/\/blogsaverroes.juntadeandalucia.es\/iesgaviota\/wp-json\/wp\/v2\/pages\/6704\/revisions"}],"predecessor-version":[{"id":6812,"href":"https:\/\/blogsaverroes.juntadeandalucia.es\/iesgaviota\/wp-json\/wp\/v2\/pages\/6704\/revisions\/6812"}],"wp:attachment":[{"href":"https:\/\/blogsaverroes.juntadeandalucia.es\/iesgaviota\/wp-json\/wp\/v2\/media?parent=6704"}],"curies":[{"name":"wp","href":"https:\/\/api.w.org\/{rel}","templated":true}]}}