{"id":8344,"date":"2020-01-29T13:17:30","date_gmt":"2020-01-29T12:17:30","guid":{"rendered":"https:\/\/blogsaverroes.juntadeandalucia.es\/iesgaviota\/?page_id=8344"},"modified":"2022-09-09T05:47:31","modified_gmt":"2022-09-09T03:47:31","slug":"programa-bilingue-ingles","status":"publish","type":"page","link":"https:\/\/blogsaverroes.juntadeandalucia.es\/iesgaviota\/planesproyectos\/programa-bilingue-ingles\/","title":{"rendered":"Programa Biling\u00fce Ingl\u00e9s"},"content":{"rendered":"<p style=\"text-align: center\"><a href=\"https:\/\/blogsaverroes.juntadeandalucia.es\/iesgaviota\/files\/2022\/04\/IES-GAVIOTA_Info-Sheet-for-Language-Assistants.pdf\"><span style=\"text-decoration: underline;font-family: 'arial black', sans-serif;background-color: #ccffcc\"><strong>INFORMATION SHEET FOR LANGUAGE ASSISTANTS (click here)<\/strong><\/span><\/a><\/p>\n<hr \/>\n<div id=\"m_-203787650443737693divRplyFwdMsg\" dir=\"ltr\" align=\"center\">\n<div align=\"center\">\n<p>&nbsp;<\/p>\n<p style=\"text-align: center\"><a href=\"https:\/\/ismaelgarciacarrillo.blogspot.com\/search\/label\/Gaviota%27s%20Got%20Talent\"><span style=\"font-family: 'arial black', sans-serif;background-color: #ffff99\"><strong><u>PROYECTO BILING\u00dcE 21-22: GAVIOTA&#8217;S GOT TALENT (click aqu\u00ed para m\u00e1s informaci\u00f3n)&nbsp;<\/u><\/strong><\/span><\/a><\/p>\n<p style=\"text-align: left\">El proyecto biling\u00fce \u201cGaviota\u2019s Got Talent\u201d es un proyecto interdisciplinar biling\u00fce que gira en torno al mundo del arte, el cine, la TV y el entretenimiento.&nbsp;<\/p>\n<p style=\"text-align: left\">Este proyecto ha permitido al alumnado biling\u00fce trabajar, de manera interdisciplinar y a trav\u00e9s de la metodolog\u00eda AICLE, diversos aspectos relacionados con el talento, el mundo del arte y del entretenimiento, incluyendo los siguientes:<\/p>\n<p style=\"text-align: left\">&#8211; <strong>Geograf\u00eda e Historia<\/strong>: presentaciones y v\u00eddeos sobre inventores y artistas con talento&nbsp;de diferentes \u00e9pocas (1\u00ba-4\u00ba ESO); imitaci\u00f3n de personajes hist\u00f3ricos con caracterizaci\u00f3n) (1\u00ba, 2\u00ba y 4\u00ba ESO); creaci\u00f3n de maquetas de ciudades inventadas con explicaci\u00f3n (demograf\u00eda, tasas de natalidad y mortalidad, etc.) y simulaci\u00f3n de programas de TV relacionados con los sectores econ\u00f3micos (3\u00ba ESO); realizaci\u00f3n de actividades relacionadas con la historia del cine junto con la auxiliar de conversaci\u00f3n (3\u00ba ESO), etc.<\/p>\n<p style=\"text-align: left\">&#8211; <strong>Biolog\u00eda y Geolog\u00eda<\/strong>: grabaci\u00f3n de documentales sobre animales, teatros de marionetas y creaci\u00f3n de maquetas de planetas inventados por el alumnado (1\u00ba ESO); grabaci\u00f3n de cortos y simulaci\u00f3n de programas de TV sobre salud, enfermedades y promoci\u00f3n de h\u00e1bitos saludables, creaci\u00f3n de inventos sostenibles y \u201ceco-friendly\u201d (3\u00ba ESO)<\/p>\n<p style=\"text-align: left\">&#8211; <strong>Educaci\u00f3n F\u00edsica<\/strong>: coreograf\u00edas con tem\u00e1tica diversa de car\u00e1cter transversal; teatro y danza con luz negra; elaboraci\u00f3n de recetas culinarias creativas; simulaci\u00f3n de programas deportivos.<\/p>\n<p style=\"text-align: left\">&#8211; <strong>M\u00f3dulos biling\u00fces del ciclo de Animaci\u00f3n Sociocultural y Tur\u00edstica: <\/strong>organizaci\u00f3n de actividad complementaria de estaciones de aprendizaje sobre inventores\/as c\u00e9lebres; elaboraci\u00f3n de la Escape Room online \u201cIn Search of the Lost Oscar\u201d.<\/p>\n<\/div>\n<div align=\"center\">&nbsp;<\/div>\n<div align=\"center\"><a href=\"http:\/\/ismaelgarciacarrillo.blogspot.com\/search\/label\/Bilingualism\"><span style=\"font-family: 'arial black', sans-serif;background-color: #ffff99\"><strong><u>PROYECTO BILING\u00dcE: JUEGOS OL\u00cdMPICOS IES GAVIOTA (click aqu\u00ed para m\u00e1s informaci\u00f3n)&nbsp;<\/u><\/strong><\/span><\/a><\/div>\n<\/div>\n<div>\n<div>\n<div>\n<p>El proyecto biling\u00fce \u00abJuegos Ol\u00edmpicos IES Gaviota , premiado con el tercer premio de buenas pr\u00e1cticas biling\u00fces otorgado por la Junta de Andaluc\u00eda en su edici\u00f3n \u00abJuegos Ol\u00edmpicos IES Gaviota 2019\u00bb, es un proyecto interdisciplinar que ya lleva dos ediciones (\u00abGaviota 2019 Olympic Games\u00bb y \u00abGaviota 2021 Olympic Games\u00bb).<\/p>\n<p>Este proyecto permitir\u00e1 al alumnado biling\u00fce trabajar, de manera interdisciplinar, diversos aspectos relacionados con los Juegos Ol\u00edmpicos, incluyendo los siguientes:<\/p>\n<p>&#8211;&nbsp;<b>Geograf\u00eda e Historia<\/b>: Juegos Ol\u00edmpicos Antiguos y Modernos, historia de los Juegos Ol\u00edmpicos, deportistas ol\u00edmpicos c\u00e9lebres, capitales de pa\u00edses que han albergado los Juegos Ol\u00edmpicos, sedes ol\u00edmpicas, etc.&nbsp;<\/p>\n<p>&#8211;&nbsp;<b>Biolog\u00eda y Geolog\u00eda<\/b>: contaminaci\u00f3n en sedes ol\u00edmpicas, deporte como h\u00e1bito saludable, dieta de atletas ol\u00edmpicos, pr\u00e1cticas saludables.&nbsp;<\/p>\n<p>&#8211;&nbsp;<b>Educaci\u00f3n F\u00edsica<\/b>: actividades de orientaci\u00f3n (c\u00f3digos QR), deportes ol\u00edmpicos.<\/p>\n<p>Adem\u00e1s, el alumnado tendr\u00e1 la oportunidad de participar en una \u201cEscape Room ol\u00edmpica biling\u00fce\u201d online organizada por el <b>Ciclo de Animaci\u00f3n Sociocultural y Tur\u00edstica&nbsp;<\/b>para poner en pr\u00e1ctica todo lo aprendido.<\/p>\n<p>Este proyecto no solo abarcar\u00e1 las materias biling\u00fces, sino que se trata de un proyecto integrado en el que tambi\u00e9n participa el alumnado de grupos no biling\u00fces y en el que colaborar\u00e1 el profesorado de materias ling\u00fc\u00edsticas y no ling\u00fc\u00edsticas.<\/p>\n<\/div>\n<\/div>\n<div align=\"center\"><span style=\"font-family: 'arial black', sans-serif;background-color: #ffff99\"><strong><u>PROYECTO ERASMUS+: \u00abGREENER TOGETHER, GREENER FOR OUR PLANET\u00bb<\/u><\/strong><\/span><\/div>\n<div>\n<p><a href=\"https:\/\/greenertogetherplanet.blogspot.com\/p\/welcome.html\" target=\"_blank\" rel=\"noopener noreferrer\"><img loading=\"lazy\" decoding=\"async\" class=\"aligncenter size-full wp-image-8225\" src=\"https:\/\/blogsaverroes.juntadeandalucia.es\/iesgaviota\/files\/2019\/12\/bot\u00f3n-erasmus-ka229.png\" alt=\"\" width=\"433\" height=\"245\" srcset=\"https:\/\/blogsaverroes.juntadeandalucia.es\/iesgaviota\/files\/2019\/12\/bot\u00f3n-erasmus-ka229.png 433w, https:\/\/blogsaverroes.juntadeandalucia.es\/iesgaviota\/files\/2019\/12\/bot\u00f3n-erasmus-ka229-300x170.png 300w, https:\/\/blogsaverroes.juntadeandalucia.es\/iesgaviota\/files\/2019\/12\/bot\u00f3n-erasmus-ka229-24x14.png 24w, https:\/\/blogsaverroes.juntadeandalucia.es\/iesgaviota\/files\/2019\/12\/bot\u00f3n-erasmus-ka229-36x20.png 36w, https:\/\/blogsaverroes.juntadeandalucia.es\/iesgaviota\/files\/2019\/12\/bot\u00f3n-erasmus-ka229-48x27.png 48w\" sizes=\"(max-width: 433px) 100vw, 433px\" \/><\/a><\/p>\n<p style=\"text-align: center\"><span style=\"font-family: 'arial black', sans-serif;background-color: #ccffff\"><strong><a style=\"background-color: #ccffff\" href=\"https:\/\/greenertogetherplanet.blogspot.com\/p\/welcome.html\" target=\"_blank\" rel=\"noopener noreferrer\">Web del proyecto Erasmus KA229 \u00abGreener Together, Greener for Our Planet\u00bb<\/a><\/strong><\/span><\/p>\n<div>\n<hr \/>\n<p align=\"center\">&nbsp;<\/p>\n<\/div>\n<\/div>\n<\/div>\n","protected":false},"excerpt":{"rendered":"<p>INFORMATION SHEET FOR LANGUAGE ASSISTANTS (click here) &nbsp; PROYECTO BILING\u00dcE 21-22: GAVIOTA&#8217;S GOT TALENT (click aqu\u00ed para m\u00e1s informaci\u00f3n)&nbsp; El proyecto biling\u00fce \u201cGaviota\u2019s Got Talent\u201d es un proyecto interdisciplinar biling\u00fce que gira en torno&#46;&#46;&#46;<\/p>\n","protected":false},"author":3385,"featured_media":0,"parent":6221,"menu_order":0,"comment_status":"closed","ping_status":"closed","template":"","meta":{"ngg_post_thumbnail":0,"footnotes":"","_mc_calendar":[]},"aioseo_notices":[],"_links":{"self":[{"href":"https:\/\/blogsaverroes.juntadeandalucia.es\/iesgaviota\/wp-json\/wp\/v2\/pages\/8344"}],"collection":[{"href":"https:\/\/blogsaverroes.juntadeandalucia.es\/iesgaviota\/wp-json\/wp\/v2\/pages"}],"about":[{"href":"https:\/\/blogsaverroes.juntadeandalucia.es\/iesgaviota\/wp-json\/wp\/v2\/types\/page"}],"author":[{"embeddable":true,"href":"https:\/\/blogsaverroes.juntadeandalucia.es\/iesgaviota\/wp-json\/wp\/v2\/users\/3385"}],"replies":[{"embeddable":true,"href":"https:\/\/blogsaverroes.juntadeandalucia.es\/iesgaviota\/wp-json\/wp\/v2\/comments?post=8344"}],"version-history":[{"count":16,"href":"https:\/\/blogsaverroes.juntadeandalucia.es\/iesgaviota\/wp-json\/wp\/v2\/pages\/8344\/revisions"}],"predecessor-version":[{"id":9783,"href":"https:\/\/blogsaverroes.juntadeandalucia.es\/iesgaviota\/wp-json\/wp\/v2\/pages\/8344\/revisions\/9783"}],"up":[{"embeddable":true,"href":"https:\/\/blogsaverroes.juntadeandalucia.es\/iesgaviota\/wp-json\/wp\/v2\/pages\/6221"}],"wp:attachment":[{"href":"https:\/\/blogsaverroes.juntadeandalucia.es\/iesgaviota\/wp-json\/wp\/v2\/media?parent=8344"}],"curies":[{"name":"wp","href":"https:\/\/api.w.org\/{rel}","templated":true}]}}