{"id":550,"date":"2021-09-08T18:31:50","date_gmt":"2021-09-08T17:31:50","guid":{"rendered":"https:\/\/blogsaverroes.juntadeandalucia.es\/iesgbrenan\/?page_id=550"},"modified":"2021-09-27T18:48:28","modified_gmt":"2021-09-27T17:48:28","slug":"presentacion","status":"publish","type":"page","link":"https:\/\/blogsaverroes.juntadeandalucia.es\/iesgbrenan\/presentacion\/","title":{"rendered":"Presentaci\u00f3n"},"content":{"rendered":"<p>&nbsp;<\/p>\n<p style=\"text-align: justify\"><img loading=\"lazy\" decoding=\"async\" class=\"size-medium wp-image-708 alignleft\" src=\"https:\/\/blogsaverroes.juntadeandalucia.es\/iesgbrenan\/files\/2021\/09\/escuelapaz1-300x224.jpg\" alt=\"\" width=\"300\" height=\"224\" srcset=\"https:\/\/blogsaverroes.juntadeandalucia.es\/iesgbrenan\/files\/2021\/09\/escuelapaz1-300x224.jpg 300w, https:\/\/blogsaverroes.juntadeandalucia.es\/iesgbrenan\/files\/2021\/09\/escuelapaz1.jpg 400w\" sizes=\"(max-width: 300px) 100vw, 300px\" \/>Desde la red les saludo, en nombre de todas las personas que componemos la comunidad educativa del Instituto de Educaci\u00f3n Secundaria Gerald Brenan.<\/p>\n<p style=\"text-align: justify\">Sus ya m\u00e1s de treinta a\u00f1os de funcionamiento hablan por s\u00ed solos del centro en el que trabajamos para lograr una educaci\u00f3n completa de los chicos y chicas que vienen a aprender con nosotros, no s\u00f3lo contenidos te\u00f3ricos, sino a convivir, compartir, respetar y, sobre todo, a esforzarse para superar dificultades y alcanzar una meta.<\/p>\n<p style=\"text-align: justify\">Es el fomento del esfuerzo uno de los objetivos de nuestro proyecto de centro, porque es ese esfuerzo el que hace que alcanzar cada uno su meta sea una aut\u00e9ntica recompensa y el que de verdad prepara para lo que vendr\u00e1 despu\u00e9s del instituto.<\/p>\n<p style=\"text-align: justify\">Como educadores, partimos del optimismo, que nos hace<\/p>\n<p style=\"text-align: justify;padding-left: 40px\"><em>&#8230;creer en la perfectibilidad humana, en la capacidad innata de aprender y en el deseo de saber que la anima, en que hay cosas (s\u00edmbolos, t\u00e9cnicas, valores, memorias, hechos&#8230;) que pueden ser sabidos y que merecen serlo, en que los hombres podemos mejorarnos unos a otros por medio del conocimiento.<\/em><\/p>\n<p style=\"text-align: right\">Fernando Savater, <em>El valor de educar.<\/em><\/p>\n<p style=\"text-align: justify\">El af\u00e1n de mejora nos lleva a un compromiso con la comunicaci\u00f3n y la informaci\u00f3n, a lo que esta p\u00e1gina web pretende contribuir como herramienta \u00e1gil y din\u00e1mica, que esperamos les sea de utilidad.<\/p>\n<p>&nbsp;<\/p>\n<p>&nbsp;<\/p>\n","protected":false},"excerpt":{"rendered":"<p>&nbsp; Desde la red les saludo, en nombre de todas las personas que componemos la comunidad educativa del Instituto de Educaci\u00f3n Secundaria Gerald Brenan. Sus ya m\u00e1s de treinta a\u00f1os de funcionamiento hablan por s\u00ed solos del centro en el que trabajamos para lograr una educaci\u00f3n completa de los chicos y chicas que vienen a [&hellip;]<\/p>\n","protected":false},"author":13342,"featured_media":551,"parent":0,"menu_order":0,"comment_status":"closed","ping_status":"closed","template":"","meta":{"_et_pb_use_builder":"","_et_pb_old_content":"","_et_gb_content_width":"","ngg_post_thumbnail":0,"footnotes":""},"aioseo_notices":[],"_links":{"self":[{"href":"https:\/\/blogsaverroes.juntadeandalucia.es\/iesgbrenan\/wp-json\/wp\/v2\/pages\/550"}],"collection":[{"href":"https:\/\/blogsaverroes.juntadeandalucia.es\/iesgbrenan\/wp-json\/wp\/v2\/pages"}],"about":[{"href":"https:\/\/blogsaverroes.juntadeandalucia.es\/iesgbrenan\/wp-json\/wp\/v2\/types\/page"}],"author":[{"embeddable":true,"href":"https:\/\/blogsaverroes.juntadeandalucia.es\/iesgbrenan\/wp-json\/wp\/v2\/users\/13342"}],"replies":[{"embeddable":true,"href":"https:\/\/blogsaverroes.juntadeandalucia.es\/iesgbrenan\/wp-json\/wp\/v2\/comments?post=550"}],"version-history":[{"count":6,"href":"https:\/\/blogsaverroes.juntadeandalucia.es\/iesgbrenan\/wp-json\/wp\/v2\/pages\/550\/revisions"}],"predecessor-version":[{"id":710,"href":"https:\/\/blogsaverroes.juntadeandalucia.es\/iesgbrenan\/wp-json\/wp\/v2\/pages\/550\/revisions\/710"}],"wp:featuredmedia":[{"embeddable":true,"href":"https:\/\/blogsaverroes.juntadeandalucia.es\/iesgbrenan\/wp-json\/wp\/v2\/media\/551"}],"wp:attachment":[{"href":"https:\/\/blogsaverroes.juntadeandalucia.es\/iesgbrenan\/wp-json\/wp\/v2\/media?parent=550"}],"curies":[{"name":"wp","href":"https:\/\/api.w.org\/{rel}","templated":true}]}}