{"id":572,"date":"2021-09-10T16:59:13","date_gmt":"2021-09-10T15:59:13","guid":{"rendered":"https:\/\/blogsaverroes.juntadeandalucia.es\/iesgbrenan\/?page_id=572"},"modified":"2025-11-24T19:26:43","modified_gmt":"2025-11-24T18:26:43","slug":"plan-de-centro","status":"publish","type":"page","link":"https:\/\/blogsaverroes.juntadeandalucia.es\/iesgbrenan\/plan-de-centro\/","title":{"rendered":"Plan de Centro"},"content":{"rendered":"<ul>\n<li><a href=\"https:\/\/blogsaverroes.juntadeandalucia.es\/iesgbrenan\/files\/2021\/09\/proyecto-de-direccion.pdf\"><span style=\"color: #3366ff\"><strong>Proyecto de Direcci\u00f3n<\/strong><\/span><\/a><\/li>\n<li><span style=\"color: #3366ff\"><strong>Proyecto <a style=\"color: #3366ff\" href=\"https:\/\/blogsaverroes.juntadeandalucia.es\/iesgbrenan\/files\/2025\/11\/PC_2025-2026-actualizado.pdf\">Educa<\/a><\/strong><strong>tivo<\/strong><\/span><\/li>\n<li><span style=\"color: #3366ff\"><strong><a style=\"color: #3366ff\" href=\"https:\/\/blogsaverroes.juntadeandalucia.es\/iesgbrenan\/files\/2021\/09\/pautoproc.pdf\">Plan de Autoprotecci\u00f3n<\/a><\/strong><\/span><\/li>\n<\/ul>\n<p>&nbsp;<br \/>\n<strong>Evaluaci\u00f3n:<\/strong><\/p>\n<ul>\n<li><a href=\"https:\/\/drive.google.com\/drive\/folders\/1eMjC48840MXmD2alS33FIGoLY9cG18Jm?usp=sharing\"><span style=\"color: #3366ff\"><strong>Procedimientos de Evaluaci\u00f3n y Criterios de Calificaci\u00f3n por Departamentos, curso 2024\/25<\/strong><\/span><\/a><\/li>\n<\/ul>\n<p>&nbsp;<\/p>\n","protected":false},"excerpt":{"rendered":"<p>Proyecto de Direcci\u00f3n Proyecto Educativo Plan de Autoprotecci\u00f3n &nbsp; Evaluaci\u00f3n: Procedimientos de Evaluaci\u00f3n y Criterios de Calificaci\u00f3n por Departamentos, curso 2024\/25 &nbsp;<\/p>\n","protected":false},"author":13342,"featured_media":0,"parent":0,"menu_order":0,"comment_status":"closed","ping_status":"closed","template":"","meta":{"_et_pb_use_builder":"","_et_pb_old_content":"","_et_gb_content_width":"","ngg_post_thumbnail":0,"footnotes":""},"aioseo_notices":[],"_links":{"self":[{"href":"https:\/\/blogsaverroes.juntadeandalucia.es\/iesgbrenan\/wp-json\/wp\/v2\/pages\/572"}],"collection":[{"href":"https:\/\/blogsaverroes.juntadeandalucia.es\/iesgbrenan\/wp-json\/wp\/v2\/pages"}],"about":[{"href":"https:\/\/blogsaverroes.juntadeandalucia.es\/iesgbrenan\/wp-json\/wp\/v2\/types\/page"}],"author":[{"embeddable":true,"href":"https:\/\/blogsaverroes.juntadeandalucia.es\/iesgbrenan\/wp-json\/wp\/v2\/users\/13342"}],"replies":[{"embeddable":true,"href":"https:\/\/blogsaverroes.juntadeandalucia.es\/iesgbrenan\/wp-json\/wp\/v2\/comments?post=572"}],"version-history":[{"count":17,"href":"https:\/\/blogsaverroes.juntadeandalucia.es\/iesgbrenan\/wp-json\/wp\/v2\/pages\/572\/revisions"}],"predecessor-version":[{"id":5923,"href":"https:\/\/blogsaverroes.juntadeandalucia.es\/iesgbrenan\/wp-json\/wp\/v2\/pages\/572\/revisions\/5923"}],"wp:attachment":[{"href":"https:\/\/blogsaverroes.juntadeandalucia.es\/iesgbrenan\/wp-json\/wp\/v2\/media?parent=572"}],"curies":[{"name":"wp","href":"https:\/\/api.w.org\/{rel}","templated":true}]}}