{"id":670,"date":"2021-09-24T13:02:44","date_gmt":"2021-09-24T12:02:44","guid":{"rendered":"https:\/\/blogsaverroes.juntadeandalucia.es\/iesgbrenan\/?page_id=670"},"modified":"2024-10-17T22:37:56","modified_gmt":"2024-10-17T21:37:56","slug":"jefatura-de-estudios","status":"publish","type":"page","link":"https:\/\/blogsaverroes.juntadeandalucia.es\/iesgbrenan\/jefatura-de-estudios\/","title":{"rendered":"Jefatura de Estudios"},"content":{"rendered":"<p style=\"padding-left: 40px\">D.\u00aa&nbsp; Jessica Alonso Rodr\u00edguez (Jefa de Estudios)<br \/>\nD. Alejandro Garc\u00eda Pay\u00e1n (J.E. Adjunto)<br \/>\nD. Francisco Javier Gonz\u00e1lez Berrocal (J.E. Adultos)<br \/>\nD.\u00aa&nbsp; Beatriz Gonz\u00e1lez Balboa (J.E. Adjunta)<\/p>\n<p>&nbsp;<\/p>\n<p style=\"padding-left: 40px\"><a href=\"https:\/\/blogsaverroes.juntadeandalucia.es\/iesgbrenan\/category\/noticias-je\/\"><span style=\"color: #3366ff\"><strong>Noticias de Jefatura de Estudios<\/strong><\/span><\/a><\/p>\n","protected":false},"excerpt":{"rendered":"<p>D.\u00aa&nbsp; Jessica Alonso Rodr\u00edguez (Jefa de Estudios) D. Alejandro Garc\u00eda Pay\u00e1n (J.E. Adjunto) D. Francisco Javier Gonz\u00e1lez Berrocal (J.E. Adultos) D.\u00aa&nbsp; Beatriz Gonz\u00e1lez Balboa (J.E. Adjunta) &nbsp; Noticias de Jefatura de Estudios<\/p>\n","protected":false},"author":13342,"featured_media":0,"parent":0,"menu_order":0,"comment_status":"closed","ping_status":"closed","template":"","meta":{"_et_pb_use_builder":"","_et_pb_old_content":"","_et_gb_content_width":"","ngg_post_thumbnail":0,"footnotes":""},"aioseo_notices":[],"_links":{"self":[{"href":"https:\/\/blogsaverroes.juntadeandalucia.es\/iesgbrenan\/wp-json\/wp\/v2\/pages\/670"}],"collection":[{"href":"https:\/\/blogsaverroes.juntadeandalucia.es\/iesgbrenan\/wp-json\/wp\/v2\/pages"}],"about":[{"href":"https:\/\/blogsaverroes.juntadeandalucia.es\/iesgbrenan\/wp-json\/wp\/v2\/types\/page"}],"author":[{"embeddable":true,"href":"https:\/\/blogsaverroes.juntadeandalucia.es\/iesgbrenan\/wp-json\/wp\/v2\/users\/13342"}],"replies":[{"embeddable":true,"href":"https:\/\/blogsaverroes.juntadeandalucia.es\/iesgbrenan\/wp-json\/wp\/v2\/comments?post=670"}],"version-history":[{"count":6,"href":"https:\/\/blogsaverroes.juntadeandalucia.es\/iesgbrenan\/wp-json\/wp\/v2\/pages\/670\/revisions"}],"predecessor-version":[{"id":4454,"href":"https:\/\/blogsaverroes.juntadeandalucia.es\/iesgbrenan\/wp-json\/wp\/v2\/pages\/670\/revisions\/4454"}],"wp:attachment":[{"href":"https:\/\/blogsaverroes.juntadeandalucia.es\/iesgbrenan\/wp-json\/wp\/v2\/media?parent=670"}],"curies":[{"name":"wp","href":"https:\/\/api.w.org\/{rel}","templated":true}]}}