{"id":672,"date":"2021-09-24T13:03:11","date_gmt":"2021-09-24T12:03:11","guid":{"rendered":"https:\/\/blogsaverroes.juntadeandalucia.es\/iesgbrenan\/?page_id=672"},"modified":"2025-06-19T08:25:55","modified_gmt":"2025-06-19T07:25:55","slug":"departamentos","status":"publish","type":"page","link":"https:\/\/blogsaverroes.juntadeandalucia.es\/iesgbrenan\/departamentos\/","title":{"rendered":"\u00c1reas y Departamentos"},"content":{"rendered":"<p style=\"padding-left: 40px\"><a href=\"https:\/\/blogsaverroes.juntadeandalucia.es\/iesgbrenan\/departamento-de-orientacion\/\"><span style=\"color: #3366ff\"><strong>Departamento de Orientaci\u00f3n<\/strong><\/span><\/a><br \/>\n<a href=\"https:\/\/blogsaverroes.juntadeandalucia.es\/iesgbrenan\/departamento-de-formacion-evaluacion-e-innovacion-educativa\/\"><span style=\"color: #3366ff\"><strong>Departamento de Formaci\u00f3n, Evaluaci\u00f3n e Innovaci\u00f3n Educativa<\/strong><\/span><\/a><br \/>\n<a href=\"https:\/\/blogsaverroes.juntadeandalucia.es\/iesgbrenan\/departamento-de-biblioteca\/\"><span style=\"color: #3366ff\"><strong>Departamento de Biblioteca<\/strong><\/span><\/a><br \/>\n<a href=\"https:\/\/blogsaverroes.juntadeandalucia.es\/iesgbrenan\/?page_id=778\"><span style=\"color: #3366ff\"><strong>Departamento de Convivencia<\/strong><\/span><\/a><\/p>\n<p>&nbsp;<\/p>\n<h2><strong>\u00c1rea Art\u00edstica:<\/strong><\/h2>\n<p style=\"padding-left: 40px\"><a href=\"https:\/\/blogsaverroes.juntadeandalucia.es\/iesgbrenan\/?page_id=793\"><span style=\"color: #3366ff\"><strong>Departamento de Dibujo<\/strong><\/span><\/a><br \/>\n<a href=\"https:\/\/blogsaverroes.juntadeandalucia.es\/iesgbrenan\/?page_id=797\"><span style=\"color: #3366ff\"><strong>Departamento de Educaci\u00f3n F\u00edsica<\/strong><\/span><\/a><br \/>\n<a href=\"https:\/\/blogsaverroes.juntadeandalucia.es\/iesgbrenan\/?page_id=800\"><span style=\"color: #3366ff\"><strong>Departamento de M\u00fasica<\/strong><\/span><\/a><\/p>\n<p>&nbsp;<\/p>\n<h2><strong>\u00c1rea Cient\u00edfico-Tecnol\u00f3gica:<\/strong><\/h2>\n<p style=\"padding-left: 40px\"><a href=\"https:\/\/blogsaverroes.juntadeandalucia.es\/iesgbrenan\/departamento-de-biologia-y-geologia\/\"><span style=\"color: #3366ff\"><strong>Departamento de Biolog\u00eda y Geolog\u00eda<\/strong><\/span><\/a><br \/>\n<a href=\"https:\/\/blogsaverroes.juntadeandalucia.es\/iesgbrenan\/?page_id=807\"><span style=\"color: #3366ff\"><strong>Departamento de F\u00edsica y Qu\u00edmica<\/strong><\/span><\/a><br \/>\n<a href=\"https:\/\/blogsaverroes.juntadeandalucia.es\/iesgbrenan\/?page_id=811\"><span style=\"color: #3366ff\"><strong>Departamento de Matem\u00e1ticas<\/strong><\/span><\/a><br \/>\n<a href=\"https:\/\/blogsaverroes.juntadeandalucia.es\/iesgbrenan\/departamento-de-tecnologia\/\"><span style=\"color: #3366ff\"><strong>Departamento de Tecnolog\u00eda<\/strong><\/span><\/a><\/p>\n<p>&nbsp;<\/p>\n<h2><strong>\u00c1rea de Formaci\u00f3n Profesional:<\/strong><\/h2>\n<p style=\"padding-left: 40px\"><a href=\"https:\/\/blogsaverroes.juntadeandalucia.es\/iesgbrenan\/?page_id=821\"><span style=\"color: #3366ff\"><strong>Departamento de Administraci\u00f3n y Gesti\u00f3n<\/strong><\/span><\/a><br \/>\n<a href=\"https:\/\/blogsaverroes.juntadeandalucia.es\/iesgbrenan\/departamento-de-fol-economia\/\"><span style=\"color: #3366ff\"><strong>Departamento de FOL &#8211; Econom\u00eda<\/strong><\/span><\/a><br \/>\n<a href=\"https:\/\/blogsaverroes.juntadeandalucia.es\/iesgbrenan\/departamento-de-informatica\/\"><span style=\"color: #3366ff\"><strong>Departamento de Inform\u00e1tica<\/strong><\/span><\/a><\/p>\n<p>&nbsp;<\/p>\n<h2><strong>\u00c1rea Social-Ling\u00fc\u00edstica:<\/strong><\/h2>\n<p style=\"padding-left: 40px\"><a href=\"https:\/\/blogsaverroes.juntadeandalucia.es\/iesgbrenan\/?page_id=835\"><span style=\"color: #3366ff\"><strong>Departamento de Filosof\u00eda<\/strong><\/span><\/a><br \/>\n<a href=\"https:\/\/blogsaverroes.juntadeandalucia.es\/iesgbrenan\/departamento-de-frances\/\"><span style=\"color: #3366ff\"><strong>Departamento de Franc\u00e9s<\/strong><\/span><\/a><br \/>\n<a href=\"https:\/\/blogsaverroes.juntadeandalucia.es\/iesgbrenan\/?page_id=842\"><span style=\"color: #3366ff\"><strong>Departamento de Geograf\u00eda e Historia<\/strong><\/span><\/a><br \/>\n<a href=\"https:\/\/blogsaverroes.juntadeandalucia.es\/iesgbrenan\/departamento-de-ingles\/\"><span style=\"color: #3366ff\"><strong>Departamento de Ingl\u00e9s<\/strong><\/span><\/a><br \/>\n<a href=\"https:\/\/blogsaverroes.juntadeandalucia.es\/iesgbrenan\/departamento-de-lengua-y-literatura-latin-y-griego\/\"><span style=\"color: #3366ff\"><strong>Departamento de Lengua y Literatura &#8211; Lat\u00edn y Griego<\/strong><\/span><\/a><br \/>\n<a href=\"https:\/\/blogsaverroes.juntadeandalucia.es\/iesgbrenan\/departamento-de-religion\/\"><span style=\"color: #3366ff\"><strong>Departamento de Religi\u00f3n<\/strong><\/span><\/a><\/p>\n<p>&nbsp;<\/p>\n<p>&nbsp;<\/p>\n","protected":false},"excerpt":{"rendered":"<p>Departamento de Orientaci\u00f3n Departamento de Formaci\u00f3n, Evaluaci\u00f3n e Innovaci\u00f3n Educativa Departamento de Biblioteca Departamento de Convivencia &nbsp; \u00c1rea Art\u00edstica: Departamento de Dibujo Departamento de Educaci\u00f3n F\u00edsica Departamento de M\u00fasica &nbsp; \u00c1rea Cient\u00edfico-Tecnol\u00f3gica: Departamento de Biolog\u00eda y Geolog\u00eda Departamento de F\u00edsica y Qu\u00edmica Departamento de Matem\u00e1ticas Departamento de Tecnolog\u00eda &nbsp; \u00c1rea de Formaci\u00f3n Profesional: Departamento de [&hellip;]<\/p>\n","protected":false},"author":13342,"featured_media":0,"parent":0,"menu_order":0,"comment_status":"closed","ping_status":"closed","template":"","meta":{"_et_pb_use_builder":"","_et_pb_old_content":"","_et_gb_content_width":"","ngg_post_thumbnail":0,"footnotes":""},"aioseo_notices":[],"_links":{"self":[{"href":"https:\/\/blogsaverroes.juntadeandalucia.es\/iesgbrenan\/wp-json\/wp\/v2\/pages\/672"}],"collection":[{"href":"https:\/\/blogsaverroes.juntadeandalucia.es\/iesgbrenan\/wp-json\/wp\/v2\/pages"}],"about":[{"href":"https:\/\/blogsaverroes.juntadeandalucia.es\/iesgbrenan\/wp-json\/wp\/v2\/types\/page"}],"author":[{"embeddable":true,"href":"https:\/\/blogsaverroes.juntadeandalucia.es\/iesgbrenan\/wp-json\/wp\/v2\/users\/13342"}],"replies":[{"embeddable":true,"href":"https:\/\/blogsaverroes.juntadeandalucia.es\/iesgbrenan\/wp-json\/wp\/v2\/comments?post=672"}],"version-history":[{"count":32,"href":"https:\/\/blogsaverroes.juntadeandalucia.es\/iesgbrenan\/wp-json\/wp\/v2\/pages\/672\/revisions"}],"predecessor-version":[{"id":5510,"href":"https:\/\/blogsaverroes.juntadeandalucia.es\/iesgbrenan\/wp-json\/wp\/v2\/pages\/672\/revisions\/5510"}],"wp:attachment":[{"href":"https:\/\/blogsaverroes.juntadeandalucia.es\/iesgbrenan\/wp-json\/wp\/v2\/media?parent=672"}],"curies":[{"name":"wp","href":"https:\/\/api.w.org\/{rel}","templated":true}]}}