{"id":745,"date":"2021-10-21T20:59:02","date_gmt":"2021-10-21T19:59:02","guid":{"rendered":"https:\/\/blogsaverroes.juntadeandalucia.es\/iesgbrenan\/?page_id=745"},"modified":"2025-05-27T10:23:14","modified_gmt":"2025-05-27T09:23:14","slug":"departamento-de-orientacion","status":"publish","type":"page","link":"https:\/\/blogsaverroes.juntadeandalucia.es\/iesgbrenan\/departamento-de-orientacion\/","title":{"rendered":"Departamento de Orientaci\u00f3n"},"content":{"rendered":"<p style=\"padding-left: 40px\"><strong>Componentes:<\/strong><\/p>\n<p style=\"padding-left: 80px\">D.\u00aa&nbsp; Mar\u00eda Sabina Berm\u00fadez Jim\u00e9nez (Pedagog\u00eda Terap\u00e9utica)<\/p>\n<p style=\"padding-left: 80px\">D.\u00aa&nbsp; Marina Madrid Rueda (Pedagog\u00eda Terap\u00e9utica)<\/p>\n<p style=\"padding-left: 80px\">D. Javier Eduardo Soler Gordillo (Pedagog\u00eda Terap\u00e9utica)<\/p>\n<p style=\"padding-left: 80px\">D.\u00aa&nbsp; Alejandra Guzm\u00e1n Andrades (Orientadora &#8211; Jefa Departamento &#8211; Coordinadora Salud y Bienestar)<\/p>\n<p style=\"padding-left: 80px\">D.\u00aa&nbsp; Ana Carmen Pel\u00e1ez Moreno (Orientadora &#8211; Coordinadora Formajoven en el \u00e1mbito educativo)<\/p>\n<p style=\"padding-left: 80px\">D.\u00aa&nbsp; Palmira Ruiz Alaminos (tutora Formaci\u00f3n Profesional Grado B\u00e1sico)<\/p>\n<p style=\"padding-left: 40px\">&nbsp;<\/p>\n<p style=\"padding-left: 40px\"><strong>Enlaces:<\/strong><\/p>\n<p style=\"padding-left: 80px\"><a href=\"https:\/\/blogsaverroes.juntadeandalucia.es\/orientadelegacionmalaga\/guia-orient-oferta-educativa-2021-22\/\"><span style=\"color: #3366ff\"><strong><img loading=\"lazy\" decoding=\"async\" class=\"wp-image-9979 alignleft\" src=\"https:\/\/blogsaverroes.juntadeandalucia.es\/orientadelegacionmalaga\/files\/2021\/03\/Cartel-guia-21-22-212x300.png\" alt=\"\" width=\"84\" height=\"119\"><\/strong><\/span><\/a><\/p>\n<p style=\"padding-left: 40px\">&nbsp;<\/p>\n<p style=\"padding-left: 80px\"><a href=\"https:\/\/blogsaverroes.juntadeandalucia.es\/orientadelegacionmalaga\/guia-orient-oferta-educativa-2021-22\/\"><span style=\"color: #3366ff\"><strong>Gu\u00eda para la Orientaci\u00f3n Acad\u00e9mica del Alumnado de M\u00e1laga.&nbsp;&nbsp;&nbsp;&nbsp; <\/strong><\/span><\/a><\/p>\n<p style=\"padding-left: 80px\">&nbsp;<\/p>\n<p style=\"padding-left: 80px\"><a href=\"https:\/\/habitosdevidasaludablegb.blogspot.com\/\"><span style=\"color: #3366ff\"><strong>Blog H\u00e1bitos de Vida Saludable (Forma Joven)<\/strong><\/span><\/a><\/p>\n<p style=\"padding-left: 80px\"><a href=\"https:\/\/www.educaweb.com\/contenidos\/educativos\/bachillerato\/salidas-conexiones-bachillerato\/\"><span style=\"color: #3366ff\"><strong>Bachillerato: salidas y <span style=\"color: #3366ff\">conexiones.<\/span><\/strong><\/span><\/a><\/p>\n<p style=\"padding-left: 80px\"><span style=\"color: #3366ff\"><strong><a style=\"color: #3366ff\" href=\"https:\/\/becas.faortega.org\/\">Becas Amancio Ortega para alumnado de 4<\/a><a style=\"color: #3366ff\" href=\"https:\/\/becas.faortega.org\/\">\u00ba de E.S.O.<\/a><\/strong><\/span><\/p>\n<p style=\"padding-left: 80px\">Noticias del Departamento de Orientaci\u00f3n<\/p>\n<p style=\"padding-left: 80px\"><a href=\"https:\/\/blogsaverroes.juntadeandalucia.es\/iesgbrenan\/category\/aula-especifica\/\"><span style=\"color: #0000ff\"><strong><span style=\"color: #3366ff\">Noticias Aula Espec\u00edfica.<\/span><\/strong><\/span><\/a><\/p>\n<p style=\"padding-left: 80px\"><a href=\"https:\/\/blogsaverroes.juntadeandalucia.es\/iesgbrenan\/category\/noticias-atal\/\"><span style=\"color: #3366ff\"><strong>Noticias <em>ATAL<\/em> (Aula Temporal de Adaptaci\u00f3n Ling\u00fc\u00edstica)<\/strong><\/span><\/a><\/p>\n","protected":false},"excerpt":{"rendered":"<p>Componentes: D.\u00aa&nbsp; Mar\u00eda Sabina Berm\u00fadez Jim\u00e9nez (Pedagog\u00eda Terap\u00e9utica) D.\u00aa&nbsp; Marina Madrid Rueda (Pedagog\u00eda Terap\u00e9utica) D. Javier Eduardo Soler Gordillo (Pedagog\u00eda Terap\u00e9utica) D.\u00aa&nbsp; Alejandra Guzm\u00e1n Andrades (Orientadora &#8211; Jefa Departamento &#8211; Coordinadora Salud y Bienestar) D.\u00aa&nbsp; Ana Carmen Pel\u00e1ez Moreno (Orientadora &#8211; Coordinadora Formajoven en el \u00e1mbito educativo) D.\u00aa&nbsp; Palmira Ruiz Alaminos (tutora Formaci\u00f3n Profesional Grado [&hellip;]<\/p>\n","protected":false},"author":13419,"featured_media":0,"parent":0,"menu_order":0,"comment_status":"closed","ping_status":"closed","template":"","meta":{"_et_pb_use_builder":"off","_et_pb_old_content":"","_et_gb_content_width":"","ngg_post_thumbnail":0,"footnotes":""},"aioseo_notices":[],"_links":{"self":[{"href":"https:\/\/blogsaverroes.juntadeandalucia.es\/iesgbrenan\/wp-json\/wp\/v2\/pages\/745"}],"collection":[{"href":"https:\/\/blogsaverroes.juntadeandalucia.es\/iesgbrenan\/wp-json\/wp\/v2\/pages"}],"about":[{"href":"https:\/\/blogsaverroes.juntadeandalucia.es\/iesgbrenan\/wp-json\/wp\/v2\/types\/page"}],"author":[{"embeddable":true,"href":"https:\/\/blogsaverroes.juntadeandalucia.es\/iesgbrenan\/wp-json\/wp\/v2\/users\/13419"}],"replies":[{"embeddable":true,"href":"https:\/\/blogsaverroes.juntadeandalucia.es\/iesgbrenan\/wp-json\/wp\/v2\/comments?post=745"}],"version-history":[{"count":27,"href":"https:\/\/blogsaverroes.juntadeandalucia.es\/iesgbrenan\/wp-json\/wp\/v2\/pages\/745\/revisions"}],"predecessor-version":[{"id":5374,"href":"https:\/\/blogsaverroes.juntadeandalucia.es\/iesgbrenan\/wp-json\/wp\/v2\/pages\/745\/revisions\/5374"}],"wp:attachment":[{"href":"https:\/\/blogsaverroes.juntadeandalucia.es\/iesgbrenan\/wp-json\/wp\/v2\/media?parent=745"}],"curies":[{"name":"wp","href":"https:\/\/api.w.org\/{rel}","templated":true}]}}