{"id":807,"date":"2021-10-22T19:55:34","date_gmt":"2021-10-22T18:55:34","guid":{"rendered":"https:\/\/blogsaverroes.juntadeandalucia.es\/iesgbrenan\/?page_id=807"},"modified":"2024-10-17T21:56:06","modified_gmt":"2024-10-17T20:56:06","slug":"departamento-de-fisica-y-quimica","status":"publish","type":"page","link":"https:\/\/blogsaverroes.juntadeandalucia.es\/iesgbrenan\/departamento-de-fisica-y-quimica\/","title":{"rendered":"Departamento de F\u00edsica y Qu\u00edmica"},"content":{"rendered":"<p style=\"padding-left: 40px\"><strong>Componentes:<\/strong><\/p>\n<p style=\"padding-left: 80px\">D.\u00aa&nbsp; Mar\u00eda Teresa Aguilar Hu\u00e9scar<\/p>\n<p style=\"padding-left: 80px\">D.\u00aa&nbsp; Yolanda Company L\u00f3pez (Jefa Departamento &#8211; Coordinadora \u00c1rea Cient\u00edfico-Tecnol\u00f3gica)<\/p>\n<p style=\"padding-left: 80px\">D. Enrique Morcillo Cidoncha<\/p>\n<p style=\"padding-left: 80px\">D.\u00aa&nbsp; Beatriz Porras Rodr\u00edguez<\/p>\n<p>&nbsp;<\/p>\n<p style=\"padding-left: 40px\"><strong>Enlaces:<\/strong><\/p>\n<p style=\"padding-left: 80px\"><a href=\"https:\/\/blogsaverroes.juntadeandalucia.es\/iesgbrenan\/category\/noticiasfisica\/\"><strong><span style=\"color: #3366ff\">Noticias del Departamento de F\u00edsica y Qu\u00edmica<\/span><\/strong><\/a><\/p>\n","protected":false},"excerpt":{"rendered":"<p>Componentes: D.\u00aa&nbsp; Mar\u00eda Teresa Aguilar Hu\u00e9scar D.\u00aa&nbsp; Yolanda Company L\u00f3pez (Jefa Departamento &#8211; Coordinadora \u00c1rea Cient\u00edfico-Tecnol\u00f3gica) D. Enrique Morcillo Cidoncha D.\u00aa&nbsp; Beatriz Porras Rodr\u00edguez &nbsp; Enlaces: Noticias del Departamento de F\u00edsica y Qu\u00edmica<\/p>\n","protected":false},"author":13419,"featured_media":0,"parent":0,"menu_order":0,"comment_status":"closed","ping_status":"closed","template":"","meta":{"_et_pb_use_builder":"","_et_pb_old_content":"","_et_gb_content_width":"","ngg_post_thumbnail":0,"footnotes":""},"aioseo_notices":[],"_links":{"self":[{"href":"https:\/\/blogsaverroes.juntadeandalucia.es\/iesgbrenan\/wp-json\/wp\/v2\/pages\/807"}],"collection":[{"href":"https:\/\/blogsaverroes.juntadeandalucia.es\/iesgbrenan\/wp-json\/wp\/v2\/pages"}],"about":[{"href":"https:\/\/blogsaverroes.juntadeandalucia.es\/iesgbrenan\/wp-json\/wp\/v2\/types\/page"}],"author":[{"embeddable":true,"href":"https:\/\/blogsaverroes.juntadeandalucia.es\/iesgbrenan\/wp-json\/wp\/v2\/users\/13419"}],"replies":[{"embeddable":true,"href":"https:\/\/blogsaverroes.juntadeandalucia.es\/iesgbrenan\/wp-json\/wp\/v2\/comments?post=807"}],"version-history":[{"count":8,"href":"https:\/\/blogsaverroes.juntadeandalucia.es\/iesgbrenan\/wp-json\/wp\/v2\/pages\/807\/revisions"}],"predecessor-version":[{"id":4444,"href":"https:\/\/blogsaverroes.juntadeandalucia.es\/iesgbrenan\/wp-json\/wp\/v2\/pages\/807\/revisions\/4444"}],"wp:attachment":[{"href":"https:\/\/blogsaverroes.juntadeandalucia.es\/iesgbrenan\/wp-json\/wp\/v2\/media?parent=807"}],"curies":[{"name":"wp","href":"https:\/\/api.w.org\/{rel}","templated":true}]}}