{"id":2872,"date":"2025-11-06T19:19:15","date_gmt":"2025-11-06T19:19:15","guid":{"rendered":"https:\/\/blogsaverroes.juntadeandalucia.es\/iesgdz\/?page_id=2872"},"modified":"2025-11-08T21:11:46","modified_gmt":"2025-11-08T21:11:46","slug":"programaciones","status":"publish","type":"page","link":"https:\/\/blogsaverroes.juntadeandalucia.es\/iesgdz\/programaciones\/","title":{"rendered":"Programaciones"},"content":{"rendered":"<p>Desde este enlace se podr\u00e1n consultar las programaciones de los departamentos did\u00e1cticos:<\/p>\n<p><a href=\"https:\/\/drive.google.com\/drive\/folders\/1j00xU4NLcvB0AavNufEgz89yQSFqrQdL?usp=drive_link\">Matem\u00e1ticas<\/a><br \/>\nLengua Castellana y Literatura<br \/>\nCiencias Sociales<br \/>\nTecnolog\u00eda<br \/>\nF\u00edsica y Qu\u00edmica<br \/>\nBiolog\u00eda y Geolog\u00eda<br \/>\nIngl\u00e9s<br \/>\nFranc\u00e9s<br \/>\nEconom\u00eda<br \/>\nEducaci\u00f3n F\u00edsica<\/p>\n","protected":false},"excerpt":{"rendered":"<p>Desde este enlace se podr\u00e1n consultar las programaciones de los departamentos did\u00e1cticos: Matem\u00e1ticas Lengua Castellana y Literatura Ciencias Sociales Tecnolog\u00eda F\u00edsica y Qu\u00edmica Biolog\u00eda y Geolog\u00eda Ingl\u00e9s Franc\u00e9s Econom\u00eda Educaci\u00f3n F\u00edsica<\/p>\n","protected":false},"author":4434,"featured_media":0,"parent":0,"menu_order":0,"comment_status":"closed","ping_status":"closed","template":"","meta":{"ngg_post_thumbnail":0,"footnotes":"","_mc_calendar":[]},"aioseo_notices":[],"_links":{"self":[{"href":"https:\/\/blogsaverroes.juntadeandalucia.es\/iesgdz\/wp-json\/wp\/v2\/pages\/2872"}],"collection":[{"href":"https:\/\/blogsaverroes.juntadeandalucia.es\/iesgdz\/wp-json\/wp\/v2\/pages"}],"about":[{"href":"https:\/\/blogsaverroes.juntadeandalucia.es\/iesgdz\/wp-json\/wp\/v2\/types\/page"}],"author":[{"embeddable":true,"href":"https:\/\/blogsaverroes.juntadeandalucia.es\/iesgdz\/wp-json\/wp\/v2\/users\/4434"}],"replies":[{"embeddable":true,"href":"https:\/\/blogsaverroes.juntadeandalucia.es\/iesgdz\/wp-json\/wp\/v2\/comments?post=2872"}],"version-history":[{"count":4,"href":"https:\/\/blogsaverroes.juntadeandalucia.es\/iesgdz\/wp-json\/wp\/v2\/pages\/2872\/revisions"}],"predecessor-version":[{"id":2884,"href":"https:\/\/blogsaverroes.juntadeandalucia.es\/iesgdz\/wp-json\/wp\/v2\/pages\/2872\/revisions\/2884"}],"wp:attachment":[{"href":"https:\/\/blogsaverroes.juntadeandalucia.es\/iesgdz\/wp-json\/wp\/v2\/media?parent=2872"}],"curies":[{"name":"wp","href":"https:\/\/api.w.org\/{rel}","templated":true}]}}