{"id":330,"date":"2015-03-18T07:11:43","date_gmt":"2015-03-18T07:11:43","guid":{"rendered":"http:\/\/blogsaverroes.juntadeandalucia.es\/pre\/ceip\/?page_id=330"},"modified":"2024-10-01T20:46:15","modified_gmt":"2024-10-01T20:46:15","slug":"bibliop","status":"publish","type":"page","link":"https:\/\/blogsaverroes.juntadeandalucia.es\/iesgdz\/biblioteca\/bibliop\/","title":{"rendered":"Cat\u00e1logo"},"content":{"rendered":"<p>Nuestra Biblioteca est\u00e1 en conexi\u00f3n con la Red Andaluza de Bibliotecas Escolares. Puedes consultar nuestro cat\u00e1logo a trav\u00e9s de este enlace:<\/p>\n<p><a href=\"https:\/\/www.juntadeandalucia.es\/educacion\/senecav2\/seneca\/biblioweb\/portal\/23700244\">BiblioWeb IES GIL DE Z\u00c1TICO<\/a><\/p>\n","protected":false},"excerpt":{"rendered":"<p>Nuestra Biblioteca est\u00e1 en conexi\u00f3n con la Red Andaluza de Bibliotecas Escolares. Puedes consultar nuestro cat\u00e1logo a trav\u00e9s de este enlace: BiblioWeb IES GIL DE Z\u00c1TICO<\/p>\n","protected":false},"author":1,"featured_media":0,"parent":113,"menu_order":0,"comment_status":"closed","ping_status":"open","template":"","meta":{"ngg_post_thumbnail":0,"footnotes":"","_mc_calendar":[]},"aioseo_notices":[],"_links":{"self":[{"href":"https:\/\/blogsaverroes.juntadeandalucia.es\/iesgdz\/wp-json\/wp\/v2\/pages\/330"}],"collection":[{"href":"https:\/\/blogsaverroes.juntadeandalucia.es\/iesgdz\/wp-json\/wp\/v2\/pages"}],"about":[{"href":"https:\/\/blogsaverroes.juntadeandalucia.es\/iesgdz\/wp-json\/wp\/v2\/types\/page"}],"author":[{"embeddable":true,"href":"https:\/\/blogsaverroes.juntadeandalucia.es\/iesgdz\/wp-json\/wp\/v2\/users\/1"}],"replies":[{"embeddable":true,"href":"https:\/\/blogsaverroes.juntadeandalucia.es\/iesgdz\/wp-json\/wp\/v2\/comments?post=330"}],"version-history":[{"count":5,"href":"https:\/\/blogsaverroes.juntadeandalucia.es\/iesgdz\/wp-json\/wp\/v2\/pages\/330\/revisions"}],"predecessor-version":[{"id":2728,"href":"https:\/\/blogsaverroes.juntadeandalucia.es\/iesgdz\/wp-json\/wp\/v2\/pages\/330\/revisions\/2728"}],"up":[{"embeddable":true,"href":"https:\/\/blogsaverroes.juntadeandalucia.es\/iesgdz\/wp-json\/wp\/v2\/pages\/113"}],"wp:attachment":[{"href":"https:\/\/blogsaverroes.juntadeandalucia.es\/iesgdz\/wp-json\/wp\/v2\/media?parent=330"}],"curies":[{"name":"wp","href":"https:\/\/api.w.org\/{rel}","templated":true}]}}