{"id":42,"date":"2015-03-13T08:40:47","date_gmt":"2015-03-13T08:40:47","guid":{"rendered":"http:\/\/blogsaverroes.juntadeandalucia.es\/pre\/ceip\/?page_id=42"},"modified":"2025-10-11T18:06:33","modified_gmt":"2025-10-11T18:06:33","slug":"equipo-directivo","status":"publish","type":"page","link":"https:\/\/blogsaverroes.juntadeandalucia.es\/iesgdz\/equipo-directivo\/","title":{"rendered":"Equipo directivo"},"content":{"rendered":"<p>El equipo directivo est\u00e1 formado por:<\/p>\n<p><strong>Direcci\u00f3n: Vicente Navarro Molina<br \/>\n<\/strong><\/p>\n<p><strong>Jefatura de estudios: Jos\u00e9 Hidalgo Fern\u00e1ndez<br \/>\n<\/strong><\/p>\n<p><strong>Secretario: Manuel Avil\u00e9s Rosales<\/strong><\/p>\n","protected":false},"excerpt":{"rendered":"<p>El equipo directivo est\u00e1 formado por: Direcci\u00f3n: Vicente Navarro Molina Jefatura de estudios: Jos\u00e9 Hidalgo Fern\u00e1ndez Secretario: Manuel Avil\u00e9s Rosales<\/p>\n","protected":false},"author":1,"featured_media":0,"parent":0,"menu_order":0,"comment_status":"closed","ping_status":"open","template":"","meta":{"ngg_post_thumbnail":0,"footnotes":"","_mc_calendar":[]},"aioseo_notices":[],"_links":{"self":[{"href":"https:\/\/blogsaverroes.juntadeandalucia.es\/iesgdz\/wp-json\/wp\/v2\/pages\/42"}],"collection":[{"href":"https:\/\/blogsaverroes.juntadeandalucia.es\/iesgdz\/wp-json\/wp\/v2\/pages"}],"about":[{"href":"https:\/\/blogsaverroes.juntadeandalucia.es\/iesgdz\/wp-json\/wp\/v2\/types\/page"}],"author":[{"embeddable":true,"href":"https:\/\/blogsaverroes.juntadeandalucia.es\/iesgdz\/wp-json\/wp\/v2\/users\/1"}],"replies":[{"embeddable":true,"href":"https:\/\/blogsaverroes.juntadeandalucia.es\/iesgdz\/wp-json\/wp\/v2\/comments?post=42"}],"version-history":[{"count":12,"href":"https:\/\/blogsaverroes.juntadeandalucia.es\/iesgdz\/wp-json\/wp\/v2\/pages\/42\/revisions"}],"predecessor-version":[{"id":2869,"href":"https:\/\/blogsaverroes.juntadeandalucia.es\/iesgdz\/wp-json\/wp\/v2\/pages\/42\/revisions\/2869"}],"wp:attachment":[{"href":"https:\/\/blogsaverroes.juntadeandalucia.es\/iesgdz\/wp-json\/wp\/v2\/media?parent=42"}],"curies":[{"name":"wp","href":"https:\/\/api.w.org\/{rel}","templated":true}]}}