{"id":77,"date":"2015-03-16T06:54:56","date_gmt":"2015-03-16T06:54:56","guid":{"rendered":"http:\/\/blogsaverroes.juntadeandalucia.es\/pre\/ceip\/?page_id=77"},"modified":"2025-06-25T10:29:01","modified_gmt":"2025-06-25T10:29:01","slug":"secretaria","status":"publish","type":"page","link":"https:\/\/blogsaverroes.juntadeandalucia.es\/iesgdz\/secretaria\/","title":{"rendered":"Secretar\u00eda"},"content":{"rendered":"<p>La <strong>Secretar\u00eda<\/strong> desarrolla muchas funciones importantes en la vida de un centro, especialmente en la relaci\u00f3n que mantiene con las familias en los diferentes tr\u00e1mites administrativos a lo largo de la escolarizaci\u00f3n: admisi\u00f3n, matr\u00edcula, comedor escolar, becas, etc.<\/p>\n<p>Muchas de las gestiones se realizan a trav\u00e9s de la <a href=\"https:\/\/www.juntadeandalucia.es\/educacion\/portales\/web\/escolarizacion\">Secretar\u00eda Virtual<\/a>.<\/p>\n<p><strong>Horario de Secretar\u00eda : 9:00 a 13:00<\/strong><\/p>\n<p>Abierto el plazo para escolarizaci\u00f3n curso 25-26<br \/>\nMatriculaci\u00f3n 25-26<\/p>\n<p>Becas 25-26<\/p>\n<p>Credenciales IPasen ( Alumn@s y MadreS-Padres)<\/p>\n<p>Cheque libro 25-26: Este curso hay cheque libro en 4\u00ba ESO. Se remitir\u00e1n los cheques al punto de recogida durante el mes de Julio<\/p>\n<p>Listado de libros Gratuidad de libros de texto 25-26<\/p>\n<p><a href=\"https:\/\/docs.google.com\/spreadsheets\/d\/e\/2PACX-1vTBkAFH62jTDgxARM_ZPAttOIbzhiVhcN8BnfkHqRjwCvTqqbViNp0v7ffHqnJVYPt2zyG8lcfyr8V4\/pubhtml?gid=1212795709&amp;single=true\">Listado de libros Bachillerato 25-26<\/a><\/p>\n<p>&nbsp;<\/p>\n<p>&nbsp;<\/p>\n","protected":false},"excerpt":{"rendered":"<p>La Secretar\u00eda desarrolla muchas funciones importantes en la vida de un centro, especialmente en la relaci\u00f3n que mantiene con las familias en los diferentes tr\u00e1mites administrativos a lo largo de la escolarizaci\u00f3n: admisi\u00f3n, matr\u00edcula, comedor escolar, becas, etc. Muchas de las gestiones se realizan a trav\u00e9s de la Secretar\u00eda Virtual. Horario de Secretar\u00eda : 9:00 &hellip; <\/p>\n<p class=\"link-more\"><a href=\"https:\/\/blogsaverroes.juntadeandalucia.es\/iesgdz\/secretaria\/\" class=\"more-link\">Continuar leyendo<span class=\"screen-reader-text\"> \u00abSecretar\u00eda\u00bb<\/span><\/a><\/p>\n","protected":false},"author":1,"featured_media":2413,"parent":0,"menu_order":0,"comment_status":"closed","ping_status":"open","template":"","meta":{"ngg_post_thumbnail":0,"footnotes":"","_mc_calendar":[]},"aioseo_notices":[],"_links":{"self":[{"href":"https:\/\/blogsaverroes.juntadeandalucia.es\/iesgdz\/wp-json\/wp\/v2\/pages\/77"}],"collection":[{"href":"https:\/\/blogsaverroes.juntadeandalucia.es\/iesgdz\/wp-json\/wp\/v2\/pages"}],"about":[{"href":"https:\/\/blogsaverroes.juntadeandalucia.es\/iesgdz\/wp-json\/wp\/v2\/types\/page"}],"author":[{"embeddable":true,"href":"https:\/\/blogsaverroes.juntadeandalucia.es\/iesgdz\/wp-json\/wp\/v2\/users\/1"}],"replies":[{"embeddable":true,"href":"https:\/\/blogsaverroes.juntadeandalucia.es\/iesgdz\/wp-json\/wp\/v2\/comments?post=77"}],"version-history":[{"count":12,"href":"https:\/\/blogsaverroes.juntadeandalucia.es\/iesgdz\/wp-json\/wp\/v2\/pages\/77\/revisions"}],"predecessor-version":[{"id":2840,"href":"https:\/\/blogsaverroes.juntadeandalucia.es\/iesgdz\/wp-json\/wp\/v2\/pages\/77\/revisions\/2840"}],"wp:featuredmedia":[{"embeddable":true,"href":"https:\/\/blogsaverroes.juntadeandalucia.es\/iesgdz\/wp-json\/wp\/v2\/media\/2413"}],"wp:attachment":[{"href":"https:\/\/blogsaverroes.juntadeandalucia.es\/iesgdz\/wp-json\/wp\/v2\/media?parent=77"}],"curies":[{"name":"wp","href":"https:\/\/api.w.org\/{rel}","templated":true}]}}