{"id":155,"date":"2015-03-17T07:49:21","date_gmt":"2015-03-17T07:49:21","guid":{"rendered":"http:\/\/blogsaverroes.juntadeandalucia.es\/pre\/ceip\/?page_id=155"},"modified":"2020-11-17T10:23:58","modified_gmt":"2020-11-17T10:23:58","slug":"ingles","status":"publish","type":"page","link":"https:\/\/blogsaverroes.juntadeandalucia.es\/iesgelves\/ingles\/","title":{"rendered":"Lengua Castellana"},"content":{"rendered":"<p><img fetchpriority=\"high\" decoding=\"async\" class=\"aligncenter size-medium wp-image-2126\" src=\"http:\/\/blogsaverroes.juntadeandalucia.es\/temafrontieries\/files\/2015\/03\/lengua-300x200.jpg\" alt=\"lengua\" width=\"300\" height=\"200\" srcset=\"https:\/\/blogsaverroes.juntadeandalucia.es\/iesgelves\/files\/2015\/03\/lengua-300x200.jpg 300w, https:\/\/blogsaverroes.juntadeandalucia.es\/iesgelves\/files\/2015\/03\/lengua.jpg 640w\" sizes=\"(max-width: 300px) 100vw, 300px\" \/><\/p>\n<table style=\"width: 100%\" border=\"0\" align=\"center\">\n<tbody>\n<tr>\n<td style=\"font-family: Georgia, 'Times New Roman', Times, serif;font-size: larger;text-align: center;background-color: #d5edf4\"><span style=\"font-size: 18pt\">Departamento de Lengua Castellana y Literatura<\/span><\/td>\n<\/tr>\n<\/tbody>\n<\/table>\n<p>En esta programaci\u00f3n se encuentran incluidos los Criterios de Calificaci\u00f3n, el Plan de Recuperaci\u00f3n de Pendientes y el Plan de Refuerzo para Alumnos Repetidores.<\/p>\n<p><a href=\"https:\/\/blogsaverroes.juntadeandalucia.es\/iesgelves\/files\/2020\/11\/Lengua-2020-2021.pdf\">Programaci\u00f3n 2020-21<\/a><\/p>\n<address style=\"padding-left: 30px\">&nbsp;<\/address>\n<address>\n<table style=\"width: 100%\" align=\"center\">\n<tbody>\n<tr>\n<td style=\"font-family: Georgia, 'Times New Roman', Times, serif;font-size: larger;text-align: center;background-color: #d5edf4\"><strong><span style=\"font-size: 20px\">Recursos educativos<\/span><\/strong><\/td>\n<\/tr>\n<\/tbody>\n<\/table>\n<\/address>\n<address>\n<table class=\" alignleft\" style=\"width: 520px\" border=\"0\" align=\"center\">\n<tbody>\n<tr>\n<td style=\"font-family: Georgia, 'Times New Roman', Times, serif;font-size: larger;background-color: #f8dc9d;text-align: center\"><span style=\"font-size: 20px\">Sites del profesorado<\/span><\/td>\n<\/tr>\n<\/tbody>\n<\/table>\n<\/address>\n<p>&nbsp;<\/p>\n<address>&nbsp;<\/address>\n<address><span style=\"font-size: 16px\"><a href=\"https:\/\/sites.google.com\/view\/lenguagelvessegundo\/p%C3%A1gina-principal\" target=\"_blank\" rel=\"noopener noreferrer\">Rosa Escribano&nbsp;&#8211;&nbsp;Lengua castellana y literatura para 2\u00ba de ESO<\/a><\/span><\/address>\n<address><span style=\"font-size: 16px\"><a href=\"https:\/\/sites.google.com\/site\/lenguagelvestercero\/home\" target=\"_blank\" rel=\"noopener noreferrer\">Rosa Escribano&nbsp;&#8211;&nbsp;Lengua castellana y literatura para 3\u00ba de ESO<\/a><\/span><\/address>\n<address><span style=\"font-size: 16px\"><a href=\"https:\/\/sites.google.com\/view\/lenguagelvescuarto\/p%C3%A1gina-principal\" target=\"_blank\" rel=\"noopener noreferrer\">Rosa Escribano&nbsp;&#8211;&nbsp;Lengua castellana y literatura para 4\u00ba de ESO<\/a><\/span><\/address>\n<address><span style=\"font-size: 16px\"><a href=\"http:\/\/www.materialesdelengua.org\/index.html\" target=\"_blank\" rel=\"noopener noreferrer\">Materiales de Lengua y Literatura<\/a><\/span><\/address>\n<address>&nbsp;<\/address>\n<address>\n<address>\n<table style=\"width: 520px\" border=\"0\" align=\"center\">\n<tbody>\n<tr>\n<td style=\"font-family: Georgia, 'Times New Roman', Times, serif;font-size: larger;text-align: center;background-color: #f8dc9d\"><span style=\"font-size: 14pt\">Actividades Prueba Extraordinaria Septiembre 2020<\/span><\/td>\n<\/tr>\n<\/tbody>\n<\/table>\n<\/address>\n<address><a title=\"Actividades Prueba Extraordinaria\" href=\"http:\/\/www.juntadeandalucia.es\/averroes\/centros-tic\/41701870\/helvia\/sitio\/upload\/ACTIVIDADES_RECUPERACION_SEPTIEMBRE_2020.pdf\" target=\"_blank\" rel=\"noopener noreferrer\">REFUERZO DE LENGUA DE 2\u00ba ESO<\/a><\/address>\n<address>&nbsp;<\/address>\n<address>\n<table style=\"width: 520px\" border=\"0\" align=\"center\">\n<tbody>\n<tr>\n<td style=\"font-family: Georgia, 'Times New Roman', Times, serif;font-size: larger;text-align: left;background-color: #e6e6e6\"><span style=\"font-size: 12pt\">GENERALES<\/span><\/td>\n<\/tr>\n<\/tbody>\n<\/table>\n<\/address>\n<address>\n<p class=\"Standard\"><a href=\"http:\/\/www.xtec.cat\/~jgenover\/entrada.htm\">http:\/\/www.xtec.cat\/~jgenover\/entrada.htm<\/a><\/p>\n<p class=\"Standard\"><span lang=\"ES\"><a href=\"http:\/\/roble.pntic.mec.es\/msanto1\/lengua\/\">http:\/\/roble.pntic.mec.es\/msanto1\/lengua\/<\/a><\/span><\/p>\n<p class=\"Standard\"><span lang=\"ES\"><a href=\"http:\/\/www.materialesdelengua.org\/WEB\/index_web.htm\">http:\/\/www.materialesdelengua.org\/WEB\/index_web.htm<\/a><\/span><\/p>\n<\/address>\n<address>&nbsp;<\/address>\n<address>\n<table style=\"width: 520px\" border=\"0\" align=\"center\">\n<tbody>\n<tr>\n<td style=\"font-family: Georgia, 'Times New Roman', Times, serif;font-size: larger;text-align: left;background-color: #e6e6e6\"><span style=\"font-size: 12pt\">MORFOLOG\u00cdA<\/span><\/td>\n<\/tr>\n<\/tbody>\n<\/table>\n<p class=\"Standard\"><strong><span lang=\"ES\">CLASES DE PALABRAS<\/span><\/strong><\/p>\n<p class=\"Standard\"><span lang=\"ES\"><a href=\"http:\/\/www.latizavirtual.org\/castellano\/index.html\">http:\/\/www.latizavirtual.org\/castellano\/index.html<\/a><\/span><\/p>\n<p class=\"Standard\"><strong><span lang=\"ES\">VERBOS:<\/span><\/strong><\/p>\n<p class=\"Standard\"><span lang=\"ES\"><a href=\"http:\/\/lclcarmen1.wordpress.com\/2013\/12\/12\/%C2%BFun-10-en-el-examen-de-verbos-%C2%A1eso-esta-hecho\/\">http:\/\/lclcarmen1.wordpress.com\/2013\/12\/12\/%C2%BFun-10-en-el-examen-de-verbos-%C2%A1eso-esta-hecho\/<\/a><\/span><\/p>\n<p class=\"Standard\"><strong><span lang=\"ES\">ADVERBIOS:<\/span><\/strong><\/p>\n<p class=\"Standard\"><span lang=\"ES\"><a href=\"http:\/\/cplosangeles.juntaextremadura.net\/web\/edilim\/tercer_ciclo\/lengua\/el_adverbio\/el_adverbio.html\">http:\/\/cplosangeles.juntaextremadura.net\/web\/edilim\/tercer_ciclo\/lengua\/el_adverbio\/el_adverbio.html<\/a><\/span><\/p>\n<p class=\"Standard\"><span lang=\"ES\"><a href=\"http:\/\/blocs.xtec.cat\/lenguatres\/category\/morfologia\/actividades-interactivas\/\">http:\/\/blocs.xtec.cat\/lenguatres\/category\/morfologia\/actividades-interactivas\/<\/a><\/span><\/p>\n<p class=\"Standard\"><span lang=\"ES\"><a href=\"http:\/\/lclcarmen1.wordpress.com\/2013\/01\/22\/unidad-7-las-palabras-invariables-hazme-una-preposicion\/\">http:\/\/lclcarmen1.wordpress.com\/2013\/01\/22\/unidad-7-las-palabras-invariables-hazme-una-preposicion\/<\/a><\/span><\/p>\n<p class=\"Standard\"><span lang=\"ES\"><a href=\"http:\/\/centros3.pntic.mec.es\/cp.antonio.de.ulloa\/webactivhotpot\/raiz\/Hot%20Pot\/lengua6\/adverbio\/cladver3.htm\">http:\/\/centros3.pntic.mec.es\/cp.antonio.de.ulloa\/webactivhotpot\/raiz\/Hot Pot\/lengua6\/adverbio\/cladver3.htm<\/a><\/span><\/p>\n<p class=\"Standard\"><span lang=\"ES\"><a href=\"http:\/\/centros3.pntic.mec.es\/cp.antonio.de.ulloa\/webactivhotpot\/raiz\/Hot%20Pot\/lengua6\/adverbio\/adverbio1.htm\">http:\/\/centros3.pntic.mec.es\/cp.antonio.de.ulloa\/webactivhotpot\/raiz\/Hot Pot\/lengua6\/adverbio\/adverbio1.htm<\/a><\/span><\/p>\n<p class=\"Standard\"><span lang=\"ES\"><a href=\"http:\/\/centros3.pntic.mec.es\/cp.antonio.de.ulloa\/webactivhotpot\/raiz\/Hot%20Pot\/lengua6\/adverbio\/adverbio2.htm\">http:\/\/centros3.pntic.mec.es\/cp.antonio.de.ulloa\/webactivhotpot\/raiz\/Hot Pot\/lengua6\/adverbio\/adverbio2.htm<\/a><\/span><\/p>\n<p class=\"Standard\"><span lang=\"ES\">&nbsp;<\/span><\/p>\n<\/address>\n<address>\n<table style=\"width: 520px\" border=\"0\" align=\"center\">\n<tbody>\n<tr>\n<td style=\"font-family: Georgia, 'Times New Roman', Times, serif;font-size: larger;text-align: left;background-color: #e6e6e6\"><span style=\"font-size: 12pt\">SINTAXIS<\/span><\/td>\n<\/tr>\n<\/tbody>\n<\/table>\n<p class=\"Standard\"><strong><span lang=\"ES\">AN\u00c1LISIS SINT\u00c1CTICOS:<\/span><\/strong><\/p>\n<p class=\"Standard\"><span lang=\"ES\"><a href=\"http:\/\/roble.pntic.mec.es\/msanto1\/lengua\/\">http:\/\/roble.pntic.mec.es\/msanto1\/lengua\/<\/a><\/span><\/p>\n<p class=\"Standard\"><span lang=\"ES\"><a href=\"http:\/\/www.elvelerodigital.com\/apuntes\/lyl\/sonetoXI.htm\">http:\/\/www.elvelerodigital.com\/apuntes\/lyl\/sonetoXI.htm<\/a><\/span><\/p>\n<p class=\"Standard\"><strong><span lang=\"ES\">SUJETO-PREDICADO, ORACI\u00d3N SIMPLE<\/span><\/strong><\/p>\n<p class=\"Standard\"><span lang=\"ES\"><a href=\"http:\/\/www.auladelengua.com\/web\/images\/sujeto_predicado.htm\">http:\/\/www.auladelengua.com\/web\/images\/sujeto_predicado.htm<\/a><\/span><\/p>\n<p class=\"Standard\"><span lang=\"ES\"><a href=\"http:\/\/www.xtec.cat\/~jgenover\/sinta.htm\">http:\/\/www.xtec.cat\/~jgenover\/sinta.htm<\/a><\/span><\/p>\n<p class=\"Standard\"><span lang=\"ES\"><a href=\"http:\/\/perso.wanadoo.es\/louralba\/lourjavejercc.htm\">http:\/\/perso.wanadoo.es\/louralba\/lourjavejercc.htm<\/a><\/span><\/p>\n<p class=\"Standard\"><span lang=\"ES\"><a href=\"http:\/\/roble.pntic.mec.es\/msanto1\/lengua\/1oracion.htm\">http:\/\/roble.pntic.mec.es\/msanto1\/lengua\/1oracion.htm<\/a><\/span><\/p>\n<p class=\"Standard\">&nbsp;<\/p>\n<\/address>\n<address>\n<table style=\"width: 520px\" border=\"0\" align=\"center\">\n<tbody>\n<tr>\n<td style=\"font-family: Georgia, 'Times New Roman', Times, serif;font-size: larger;text-align: left;background-color: #e6e6e6\"><span style=\"font-size: 12pt\">TIPOS TEXTUALES<\/span><\/td>\n<\/tr>\n<\/tbody>\n<\/table>\n<p class=\"Standard\"><strong><span lang=\"ES\">LA DESCRIPCI\u00d3N:<\/span><\/strong><\/p>\n<p class=\"Standard\"><span lang=\"ES\"><a href=\"http:\/\/lclcarmen1.wordpress.com\/2012\/05\/08\/la-descripcion-actividades-interactivas\/\">http:\/\/lclcarmen1.wordpress.com\/2012\/05\/08\/la-descripcion-actividades-interactivas\/<\/a><\/span><\/p>\n<p class=\"Standard\"><span lang=\"ES\"><a href=\"http:\/\/www.materialesdelengua.org\/LENGUA\/tipologia\/descripcion\/index_descripcion.htm\">http:\/\/www.materialesdelengua.org\/LENGUA\/tipologia\/descripcion\/index_descripcion.htm<\/a><\/span><\/p>\n<p class=\"Standard\"><span lang=\"ES\"><a href=\"http:\/\/www.librosvivos.net\/smtc\/homeTC.asp?TemaClave=1047\">http:\/\/www.librosvivos.net\/smtc\/homeTC.asp?TemaClave=1047<\/a><\/span><\/p>\n<p class=\"Standard\"><strong><span lang=\"ES\">TEXTOS ARGUMENTATIVOS:<\/span><\/strong><\/p>\n<p class=\"Standard\"><span lang=\"ES\"><a href=\"http:\/\/www.tinglado.net\/tic\/manuel\/textosargumentativos\/textosargumentativos.html\">http:\/\/www.tinglado.net\/tic\/manuel\/textosargumentativos\/textosargumentativos.html<\/a><\/span><\/p>\n<p class=\"Standard\"><strong><span lang=\"ES\">LA PRENSA:<\/span><\/strong><\/p>\n<p class=\"Standard\"><span lang=\"ES\"><a href=\"http:\/\/www.librosvivos.net\/smtc\/homeTC.asp?TemaClave=1093\">http:\/\/www.librosvivos.net\/smtc\/homeTC.asp?TemaClave=1093<\/a><\/span><\/p>\n<p class=\"Standard\"><strong><span lang=\"ES\">EL C\u00d3MIC:<\/span><\/strong><\/p>\n<p class=\"Standard\"><span lang=\"ES\"><a href=\"http:\/\/roble.pntic.mec.es\/~msanto1\/lengua\/\">http:\/\/roble.pntic.mec.es\/~msanto1\/lengua\/<\/a><\/span><\/p>\n<p class=\"Standard\">&nbsp;<\/p>\n<\/address>\n<address>\n<table style=\"width: 520px\" border=\"0\" align=\"center\">\n<tbody>\n<tr>\n<td style=\"font-family: Georgia, 'Times New Roman', Times, serif;font-size: larger;text-align: left;background-color: #e6e6e6\"><span style=\"font-size: 12pt\">LITERATURA<\/span><\/td>\n<\/tr>\n<\/tbody>\n<\/table>\n<p class=\"Standard\"><strong><span lang=\"ES\">GENERALES:<\/span><\/strong><\/p>\n<p class=\"Standard\"><span lang=\"ES\"><a href=\"http:\/\/www.auladeletras.net\/literatura_secundaria\/newfile4.html\">http:\/\/www.auladeletras.net\/literatura_secundaria\/newfile4.html<\/a><\/span><\/p>\n<p class=\"Standard\"><strong><span lang=\"ES\">LA POES\u00cdA. M\u00c9TRICA:<\/span><\/strong><\/p>\n<p class=\"Standard\"><span lang=\"ES\"><a href=\"http:\/\/lenguainstitutoveritas2.blogspot.com.es\/2011_01_01_archive.html\">http:\/\/lenguainstitutoveritas2.blogspot.com.es\/2011_01_01_archive.html<\/a><\/span><\/p>\n<p class=\"Standard\"><span lang=\"ES\"><a href=\"http:\/\/madeinlcl.blogspot.com.es\/2013\/01\/metrica-y-figuras-literarias.html\">http:\/\/madeinlcl.blogspot.com.es\/2013\/01\/metrica-y-figuras-literarias.html<\/a><\/span><\/p>\n<\/address>\n<\/address>\n","protected":false},"excerpt":{"rendered":"<p>Departamento de Lengua Castellana y Literatura En esta programaci\u00f3n se encuentran incluidos los Criterios de Calificaci\u00f3n, el Plan de Recuperaci\u00f3n de Pendientes y el Plan de Refuerzo para Alumnos Repetidores. Programaci\u00f3n 2020-21 &nbsp; Recursos&#46;&#46;&#46;<\/p>\n","protected":false},"author":1,"featured_media":0,"parent":0,"menu_order":0,"comment_status":"closed","ping_status":"open","template":"","meta":{"ngg_post_thumbnail":0,"footnotes":"","_mc_calendar":[]},"aioseo_notices":[],"_links":{"self":[{"href":"https:\/\/blogsaverroes.juntadeandalucia.es\/iesgelves\/wp-json\/wp\/v2\/pages\/155"}],"collection":[{"href":"https:\/\/blogsaverroes.juntadeandalucia.es\/iesgelves\/wp-json\/wp\/v2\/pages"}],"about":[{"href":"https:\/\/blogsaverroes.juntadeandalucia.es\/iesgelves\/wp-json\/wp\/v2\/types\/page"}],"author":[{"embeddable":true,"href":"https:\/\/blogsaverroes.juntadeandalucia.es\/iesgelves\/wp-json\/wp\/v2\/users\/1"}],"replies":[{"embeddable":true,"href":"https:\/\/blogsaverroes.juntadeandalucia.es\/iesgelves\/wp-json\/wp\/v2\/comments?post=155"}],"version-history":[{"count":20,"href":"https:\/\/blogsaverroes.juntadeandalucia.es\/iesgelves\/wp-json\/wp\/v2\/pages\/155\/revisions"}],"predecessor-version":[{"id":3211,"href":"https:\/\/blogsaverroes.juntadeandalucia.es\/iesgelves\/wp-json\/wp\/v2\/pages\/155\/revisions\/3211"}],"wp:attachment":[{"href":"https:\/\/blogsaverroes.juntadeandalucia.es\/iesgelves\/wp-json\/wp\/v2\/media?parent=155"}],"curies":[{"name":"wp","href":"https:\/\/api.w.org\/{rel}","templated":true}]}}