{"id":35,"date":"2015-03-13T08:21:43","date_gmt":"2015-03-13T08:21:43","guid":{"rendered":"http:\/\/blogsaverroes.juntadeandalucia.es\/pre\/ceip\/?page_id=35"},"modified":"2021-09-15T11:37:04","modified_gmt":"2021-09-15T11:37:04","slug":"el-centro-2","status":"publish","type":"page","link":"https:\/\/blogsaverroes.juntadeandalucia.es\/iesgelves\/el-centro-2\/","title":{"rendered":"Datos del centro"},"content":{"rendered":"<div class=\"mapouter\">\n<div>\n<table class=\" alignleft\" style=\"width: 100%;border-collapse: collapse\">\n<tbody>\n<tr>\n<td style=\"width: 56.1006%;text-align: left\"><a href=\"https:\/\/blogsaverroes.juntadeandalucia.es\/iesgelves\/files\/2021\/04\/mapa_3D.png\"><img fetchpriority=\"high\" decoding=\"async\" class=\"alignnone size-large wp-image-3876\" src=\"https:\/\/blogsaverroes.juntadeandalucia.es\/iesgelves\/files\/2021\/04\/mapa_3D-1024x662.png\" alt=\"\" width=\"520\" height=\"336\"><\/a><\/td>\n<td style=\"width: 43.8994%;text-align: left\">\n<h4>Datos de contacto<\/h4>\n<p>El IES Antonio \u00c1lvarez L\u00f3pez se encuentra situado en la localidad de Gelves, a 5 minutos en coche de Sevilla.<\/p>\n<p><strong>Direcci\u00f3n:<\/strong> &nbsp;Calle C\u00f3rdoba, 43. 41120 Gelves, Sevilla<br \/>\n<strong>Tel\u00e9fonos:<\/strong> 955 623 400 \/ 955 62 33 96<br \/>\n<strong>FAX:<\/strong> 955 623 400<br \/>\n<strong>Email:<\/strong> direccion@iesgelves.com<br \/>\n<strong>C\u00f3digo de centro:<\/strong> 41701870<br \/>\n<strong>Coordenadas GPS: <\/strong>37\u00b0 20&#8242; 40&#8243; N &#8211; 6\u00b0 1&#8242; 41&#8243; O<\/td>\n<\/tr>\n<\/tbody>\n<\/table>\n<\/div>\n<\/div>\n<div class=\"mapouter\">\n<table class=\" alignleft\" style=\"width: 100%;border-collapse: collapse;background-color: #ffffff\">\n<tbody>\n<tr>\n<td style=\"width: 50%;text-align: left;vertical-align: top\">[googlemaps https:\/\/maps.google.com\/maps?q=calle%20c%C3%B3rdoba%2C%2043%20gelves&amp;t=&amp;z=13&amp;ie=UTF8&amp;iwloc=&amp;output=embed&amp;w=600&amp;h=300]<\/td>\n<td style=\"width: 50%;background-color: #ffffff;text-align: left;vertical-align: top\">\n<h4><strong>Horarios<\/strong><\/h4>\n<p>Horario escolar: 8:00 \/ 14:30<\/td>\n<\/tr>\n<\/tbody>\n<\/table>\n<\/div>\n<div class=\"mapouter\">\n<div class=\"mapouter\">\n<table class=\" alignleft\" style=\"width: 100%;border-collapse: collapse;background-color: #ffffff\">\n<tbody>\n<tr>\n<td style=\"width: 50%;text-align: left;vertical-align: top\">[googlemaps https:\/\/www.google.com\/maps\/embed?pb=!4v1591295121643!6m8!1m7!1sj8zEe5F2215DAeXuJfkzkA!2m2!1d37.34463917179892!2d-6.02763295631588!3f340.7490089097448!4f-9.413262313020653!5f0.7820865974627469&amp;w=600&amp;h=300]<\/td>\n<td style=\"width: 50%;background-color: #ffffff;text-align: left;vertical-align: top\">\n<h4><strong>Oferta educativa<\/strong><\/h4>\n<p>En nuestro centro se imparte la Ense\u00f1anza Secundaria Obligatoria. En este curso 2020\/21 contamos con los siguientes grupos:<\/p>\n<p>1\u00ba ESO: 4 grupos<br \/>\n2\u00ba ESO: 6 grupos<br \/>\n3\u00ba ESO: 4 grupos<br \/>\n4\u00ba ESO: 3 grupos<\/td>\n<\/tr>\n<\/tbody>\n<\/table>\n<\/div>\n<div class=\"mapouter\">\n<h4>Instalaciones<\/h4>\nngg_shortcode_0_placeholder<\/div>\n<\/div>\n","protected":false},"excerpt":{"rendered":"<p>Datos de contacto El IES Antonio \u00c1lvarez L\u00f3pez se encuentra situado en la localidad de Gelves, a 5 minutos en coche de Sevilla. Direcci\u00f3n: &nbsp;Calle C\u00f3rdoba, 43. 41120 Gelves, Sevilla Tel\u00e9fonos: 955 623 400&#46;&#46;&#46;<\/p>\n","protected":false},"author":1,"featured_media":0,"parent":0,"menu_order":0,"comment_status":"closed","ping_status":"open","template":"","meta":{"ngg_post_thumbnail":0,"footnotes":"","_mc_calendar":[]},"aioseo_notices":[],"_links":{"self":[{"href":"https:\/\/blogsaverroes.juntadeandalucia.es\/iesgelves\/wp-json\/wp\/v2\/pages\/35"}],"collection":[{"href":"https:\/\/blogsaverroes.juntadeandalucia.es\/iesgelves\/wp-json\/wp\/v2\/pages"}],"about":[{"href":"https:\/\/blogsaverroes.juntadeandalucia.es\/iesgelves\/wp-json\/wp\/v2\/types\/page"}],"author":[{"embeddable":true,"href":"https:\/\/blogsaverroes.juntadeandalucia.es\/iesgelves\/wp-json\/wp\/v2\/users\/1"}],"replies":[{"embeddable":true,"href":"https:\/\/blogsaverroes.juntadeandalucia.es\/iesgelves\/wp-json\/wp\/v2\/comments?post=35"}],"version-history":[{"count":63,"href":"https:\/\/blogsaverroes.juntadeandalucia.es\/iesgelves\/wp-json\/wp\/v2\/pages\/35\/revisions"}],"predecessor-version":[{"id":4393,"href":"https:\/\/blogsaverroes.juntadeandalucia.es\/iesgelves\/wp-json\/wp\/v2\/pages\/35\/revisions\/4393"}],"wp:attachment":[{"href":"https:\/\/blogsaverroes.juntadeandalucia.es\/iesgelves\/wp-json\/wp\/v2\/media?parent=35"}],"curies":[{"name":"wp","href":"https:\/\/api.w.org\/{rel}","templated":true}]}}