{"id":366,"date":"2018-01-03T13:32:30","date_gmt":"2018-01-03T13:32:30","guid":{"rendered":"http:\/\/iesgongora.com\/?page_id=366"},"modified":"2025-03-28T11:57:39","modified_gmt":"2025-03-28T10:57:39","slug":"oferta-educativa","status":"publish","type":"page","link":"https:\/\/blogsaverroes.juntadeandalucia.es\/iesgongora\/nuestro-centro\/oferta-educativa\/","title":{"rendered":"Oferta Educativa"},"content":{"rendered":"<div id=\"page-wrap\" class=\"container\">\n<div id=\"content\" class=\"sidebar-left twelve columns\">\n<article id=\"post-577\" class=\"post\">\n<div class=\"entry\">\n<div class=\"article-content\">\n<p>En nuestro centro se imparten durante el presente curso escolar los siguientes niveles educativos en dos turnos diferentes:<\/p>\n<p><strong>TURNO DE MA\u00d1ANA (de 8:30h a 15h)<\/strong><\/p>\n<ul>\n<li><strong>Aula Espec\u00edfica de Educaci\u00f3n Especial de Audici\u00f3n y Lenguaje<\/strong><\/li>\n<li><strong>Educaci\u00f3n Secundaria Obligatoria (Biling\u00fce-Ingl\u00e9s)<\/strong>\n<ul>\n<li>1\u00ba ESO (3 unidades Biling\u00fce-Ingl\u00e9s)<\/li>\n<li>2\u00ba ESO&nbsp; (3 unidades Biling\u00fce-Ingl\u00e9s)<\/li>\n<li>3\u00ba ESO&nbsp; (3 unidades Biling\u00fce-Ingl\u00e9s)<\/li>\n<li>4\u00ba ESO&nbsp; (3 unidades Biling\u00fce-Ingl\u00e9s)<\/li>\n<\/ul>\n<\/li>\n<li><strong>Bachillerato en las siguientes Modalidades:&nbsp;<\/strong>\n<ul>\n<li><a href=\"https:\/\/www.instagram.com\/dibujogongora\/\">Artes (Biling\u00fce-Ingl\u00e9s y no biling\u00fce)<\/a><\/li>\n<li>Ciencias y Tecnolog\u00eda&nbsp; (Biling\u00fce-Ingl\u00e9s y no biling\u00fce)<\/li>\n<li>Humanidades y Ciencias Sociales (Biling\u00fce-Ingl\u00e9s y no biling\u00fce)<\/li>\n<\/ul>\n<\/li>\n<li><strong>Ciclos Formativos de Grado Medio de la Familia Profesional de Comercio y Marketing:<\/strong>\n<ul>\n<li><a href=\"https:\/\/blogsaverroes.juntadeandalucia.es\/comercioyfol\/actividades-comerciales\/\">&nbsp;Actividades comerciales<\/a><\/li>\n<\/ul>\n<\/li>\n<\/ul>\n<ul>\n<li><strong>Ciclos Formativos de Grado Superior de la Familia Profesional de Comercio y Marketing:<\/strong>\n<ul>\n<li><a href=\"https:\/\/blogsaverroes.juntadeandalucia.es\/comercioyfol\/gestion-de-ventas-y-espacios-comerciales\/\">Gesti\u00f3n de Ventas y Espacios Comerciales<\/a><\/li>\n<\/ul>\n<\/li>\n<\/ul>\n<ul>\n<li style=\"list-style-type: none\">&nbsp;<\/li>\n<\/ul>\n<p>&nbsp;<\/p>\n<p><strong>TURNO DE TARDE (de 15:45h a 22h)<\/strong><\/p>\n<ul>\n<li><strong>Ciclos Formativos de Grado Superior de la Familia Profesional de Comercio y Marketing:<\/strong><\/li>\n<\/ul>\n<ul>\n<li style=\"list-style-type: none\">\n<ul>\n<li><a href=\"https:\/\/blogsaverroes.juntadeandalucia.es\/comercioyfol\/gestion-de-ventas-y-espacios-comerciales\/\">Gesti\u00f3n de Ventas y Espacios Comerciales<\/a><\/li>\n<li><a href=\"https:\/\/blogsaverroes.juntadeandalucia.es\/comercioyfol\/comercio-internacional\/\">Comercio Internacional (Biling\u00fce-Ingl\u00e9s)<\/a><\/li>\n<li><a href=\"https:\/\/blogsaverroes.juntadeandalucia.es\/comercioyfol\/marketing-y-publicidad\/\">Marketing y Publicidad (no biling\u00fce y aula biling\u00fce)<\/a><\/li>\n<li><a href=\"https:\/\/blogsaverroes.juntadeandalucia.es\/comercioyfol\/transporte-y-logistica\/\">Transporte y Log\u00edstica (Biling\u00fce-Ingl\u00e9s)<\/a><\/li>\n<\/ul>\n<\/li>\n<\/ul>\n<ul>\n<li><strong>Ense\u00f1anzas para personas adultas:<\/strong>\n<ul>\n<li>Nivel II. Educaci\u00f3n Secundaria de Adultos en modalidad Semipresencial (ESPA II)<\/li>\n<li>Bachillerato de Adultos en las siguientes modalidades:\n<ul>\n<li>Artes<\/li>\n<li>Ciencias y Tecnolog\u00eda<\/li>\n<li>Humanidades y Ciencias Sociales<\/li>\n<\/ul>\n<\/li>\n<\/ul>\n<\/li>\n<li><strong>Clases de chino<\/strong><\/li>\n<\/ul>\n<\/div>\n<\/div>\n<\/article>\n<\/div>\n<\/div>\n","protected":false},"excerpt":{"rendered":"<p>En nuestro centro se imparten durante el presente curso escolar los siguientes niveles educativos en dos turnos diferentes: TURNO DE MA\u00d1ANA (de 8:30h a 15h) Aula Espec\u00edfica de Educaci\u00f3n Especial de Audici\u00f3n y Lenguaje Educaci\u00f3n Secundaria Obligatoria (Biling\u00fce-Ingl\u00e9s) 1\u00ba ESO (3 unidades Biling\u00fce-Ingl\u00e9s) 2\u00ba ESO&nbsp; (3 unidades Biling\u00fce-Ingl\u00e9s) 3\u00ba ESO&nbsp; (3 unidades Biling\u00fce-Ingl\u00e9s) 4\u00ba ESO&nbsp; [&hellip;]<\/p>\n","protected":false},"author":19499,"featured_media":0,"parent":348,"menu_order":0,"comment_status":"closed","ping_status":"closed","template":"","meta":{"ngg_post_thumbnail":0,"footnotes":"","_mc_calendar":[]},"aioseo_notices":[],"_links":{"self":[{"href":"https:\/\/blogsaverroes.juntadeandalucia.es\/iesgongora\/wp-json\/wp\/v2\/pages\/366"}],"collection":[{"href":"https:\/\/blogsaverroes.juntadeandalucia.es\/iesgongora\/wp-json\/wp\/v2\/pages"}],"about":[{"href":"https:\/\/blogsaverroes.juntadeandalucia.es\/iesgongora\/wp-json\/wp\/v2\/types\/page"}],"author":[{"embeddable":true,"href":"https:\/\/blogsaverroes.juntadeandalucia.es\/iesgongora\/wp-json\/wp\/v2\/users\/19499"}],"replies":[{"embeddable":true,"href":"https:\/\/blogsaverroes.juntadeandalucia.es\/iesgongora\/wp-json\/wp\/v2\/comments?post=366"}],"version-history":[{"count":5,"href":"https:\/\/blogsaverroes.juntadeandalucia.es\/iesgongora\/wp-json\/wp\/v2\/pages\/366\/revisions"}],"predecessor-version":[{"id":7314,"href":"https:\/\/blogsaverroes.juntadeandalucia.es\/iesgongora\/wp-json\/wp\/v2\/pages\/366\/revisions\/7314"}],"up":[{"embeddable":true,"href":"https:\/\/blogsaverroes.juntadeandalucia.es\/iesgongora\/wp-json\/wp\/v2\/pages\/348"}],"wp:attachment":[{"href":"https:\/\/blogsaverroes.juntadeandalucia.es\/iesgongora\/wp-json\/wp\/v2\/media?parent=366"}],"curies":[{"name":"wp","href":"https:\/\/api.w.org\/{rel}","templated":true}]}}