{"id":5577,"date":"2022-12-25T19:28:34","date_gmt":"2022-12-25T18:28:34","guid":{"rendered":"https:\/\/iesgongora.com\/?page_id=5577"},"modified":"2024-09-30T10:14:50","modified_gmt":"2024-09-30T08:14:50","slug":"dpto-biologia-y-geologia","status":"publish","type":"page","link":"https:\/\/blogsaverroes.juntadeandalucia.es\/iesgongora\/dpto-biologia-y-geologia\/","title":{"rendered":"Biolog\u00eda y Geolog\u00eda"},"content":{"rendered":"\r\n<p>El departamento de Biolog\u00eda y Geolog\u00eda del IES Luis de G\u00f3ngora en el presente curso&nbsp;est\u00e1 formado por:<\/p>\r\n\r\n\r\n\r\n<ul>\r\n<li>L\u00f3pez Doncel, Luis Miguel<\/li>\r\n\r\n\r\n\r\n<li>M\u00e1rquez Mellado, Rafaela<\/li>\r\n\r\n\r\n\r\n<li>Rodr\u00edguez Rojas, Alfonso (jefe de departamento)<\/li>\r\n<\/ul>\r\n<p><img loading=\"lazy\" decoding=\"async\" class=\"aligncenter size-full wp-image-7178\" src=\"https:\/\/blogsaverroes.juntadeandalucia.es\/iesgongora\/files\/2024\/09\/IMG_7543-scaled.jpg\" alt=\"\" width=\"1920\" height=\"2560\" srcset=\"https:\/\/blogsaverroes.juntadeandalucia.es\/iesgongora\/files\/2024\/09\/IMG_7543-scaled.jpg 1920w, https:\/\/blogsaverroes.juntadeandalucia.es\/iesgongora\/files\/2024\/09\/IMG_7543-225x300.jpg 225w, https:\/\/blogsaverroes.juntadeandalucia.es\/iesgongora\/files\/2024\/09\/IMG_7543-768x1024.jpg 768w, https:\/\/blogsaverroes.juntadeandalucia.es\/iesgongora\/files\/2024\/09\/IMG_7543-1152x1536.jpg 1152w, https:\/\/blogsaverroes.juntadeandalucia.es\/iesgongora\/files\/2024\/09\/IMG_7543-1536x2048.jpg 1536w\" sizes=\"(max-width: 1920px) 100vw, 1920px\" \/><\/p>\r\n\r\n\r\n<hr class=\"wp-block-separator has-text-color has-black-color has-alpha-channel-opacity has-black-background-color has-background is-style-wide\">\r\n\r\n<ul class=\"wp-block-latest-posts__list wp-block-latest-posts\"><\/ul>","protected":false},"excerpt":{"rendered":"<p>El departamento de Biolog\u00eda y Geolog\u00eda del IES Luis de G\u00f3ngora en el presente curso&nbsp;est\u00e1 formado por:<\/p>\n","protected":false},"author":19499,"featured_media":0,"parent":0,"menu_order":0,"comment_status":"closed","ping_status":"closed","template":"","meta":{"ngg_post_thumbnail":0,"footnotes":"","_mc_calendar":[]},"aioseo_notices":[],"_links":{"self":[{"href":"https:\/\/blogsaverroes.juntadeandalucia.es\/iesgongora\/wp-json\/wp\/v2\/pages\/5577"}],"collection":[{"href":"https:\/\/blogsaverroes.juntadeandalucia.es\/iesgongora\/wp-json\/wp\/v2\/pages"}],"about":[{"href":"https:\/\/blogsaverroes.juntadeandalucia.es\/iesgongora\/wp-json\/wp\/v2\/types\/page"}],"author":[{"embeddable":true,"href":"https:\/\/blogsaverroes.juntadeandalucia.es\/iesgongora\/wp-json\/wp\/v2\/users\/19499"}],"replies":[{"embeddable":true,"href":"https:\/\/blogsaverroes.juntadeandalucia.es\/iesgongora\/wp-json\/wp\/v2\/comments?post=5577"}],"version-history":[{"count":2,"href":"https:\/\/blogsaverroes.juntadeandalucia.es\/iesgongora\/wp-json\/wp\/v2\/pages\/5577\/revisions"}],"predecessor-version":[{"id":7255,"href":"https:\/\/blogsaverroes.juntadeandalucia.es\/iesgongora\/wp-json\/wp\/v2\/pages\/5577\/revisions\/7255"}],"wp:attachment":[{"href":"https:\/\/blogsaverroes.juntadeandalucia.es\/iesgongora\/wp-json\/wp\/v2\/media?parent=5577"}],"curies":[{"name":"wp","href":"https:\/\/api.w.org\/{rel}","templated":true}]}}