{"id":5592,"date":"2022-12-25T20:06:19","date_gmt":"2022-12-25T19:06:19","guid":{"rendered":"https:\/\/iesgongora.com\/?page_id=5592"},"modified":"2024-09-30T10:15:55","modified_gmt":"2024-09-30T08:15:55","slug":"dpto-comercio-y-fol","status":"publish","type":"page","link":"https:\/\/blogsaverroes.juntadeandalucia.es\/iesgongora\/dpto-comercio-y-fol\/","title":{"rendered":"Comercio y FOL"},"content":{"rendered":"\r\n<p>El departamento de Comercio y FOL del IES Luis de G\u00f3ngora en el presente curso&nbsp;est\u00e1 formado por:<\/p>\r\n\r\n\r\n\r\n<p><strong>Comercio<\/strong><\/p>\r\n\r\n\r\n\r\n<ul>\r\n<li>Amaya Gil, Mar\u00eda del Carmen<\/li>\r\n<li>Baena Rasero, Ana Mar\u00eda<\/li>\r\n<li>Ben\u00edtez Nieto, Francisco Enrique<\/li>\r\n\r\n\r\n\r\n<li>Benito Mata, Pilar Mar\u00eda (Jefa de departamento)<\/li>\r\n\r\n\r\n\r\n<li>Bernab\u00e9u Gallego, Carlos Javier<\/li>\r\n\r\n\r\n\r\n<li>Botias Aranda, Antonio<\/li>\r\n<li>Bujalance P\u00e9rez, Pilar<\/li>\r\n\r\n\r\n\r\n<li>Calero Mart\u00ednez, Jes\u00fas<\/li>\r\n\r\n\r\n\r\n<li>D\u00edaz Ram\u00edrez, Antonio<\/li>\r\n\r\n\r\n\r\n<li>Espejo P\u00e9rez de Gracia, Francisco Solano<\/li>\r\n\r\n\r\n\r\n<li>Garrido Castillo, Mar\u00eda del Sol<\/li>\r\n\r\n\r\n\r\n<li>G\u00f3mez G\u00f3mez, Lara<\/li>\r\n\r\n\r\n\r\n<li>Hidalgo Becerra, Manuela<\/li>\r\n<li>Osorio Valenzuela, Elena<\/li>\r\n\r\n\r\n\r\n<li>P\u00e9rez de Gracia Vela, Jos\u00e9 Ignacio<\/li>\r\n\r\n\r\n\r\n<li>Polo Dom\u00ednguez, Isabel<\/li>\r\n<li>R\u00edos Baena, Mar\u00eda de los \u00c1ngeles&nbsp;<\/li>\r\n\r\n\r\n\r\n<li>Romero S\u00e1nchez, Jos\u00e9<\/li>\r\n\r\n\r\n\r\n<li>Ruiz Olivares, Manuel Ferm\u00edn<\/li>\r\n\r\n\r\n\r\n<li>S\u00e1nchez Aguilar, Jes\u00fas Salvador<\/li>\r\n<li>Su\u00e1rez L\u00f3pez, Yolanda&nbsp;<\/li>\r\n<\/ul>\r\n\r\n\r\n\r\n<p><strong>FOL<\/strong><\/p>\r\n\r\n\r\n\r\n<ul>\r\n<li>Alba Garc\u00eda, Jorge<\/li>\r\n<\/ul>\r\n<p><img loading=\"lazy\" decoding=\"async\" class=\"aligncenter wp-image-7183 size-full\" src=\"https:\/\/blogsaverroes.juntadeandalucia.es\/iesgongora\/files\/2024\/09\/IMG_7546-scaled.jpg\" alt=\"\" width=\"1920\" height=\"2560\" srcset=\"https:\/\/blogsaverroes.juntadeandalucia.es\/iesgongora\/files\/2024\/09\/IMG_7546-scaled.jpg 1920w, https:\/\/blogsaverroes.juntadeandalucia.es\/iesgongora\/files\/2024\/09\/IMG_7546-225x300.jpg 225w, https:\/\/blogsaverroes.juntadeandalucia.es\/iesgongora\/files\/2024\/09\/IMG_7546-768x1024.jpg 768w, https:\/\/blogsaverroes.juntadeandalucia.es\/iesgongora\/files\/2024\/09\/IMG_7546-1152x1536.jpg 1152w, https:\/\/blogsaverroes.juntadeandalucia.es\/iesgongora\/files\/2024\/09\/IMG_7546-1536x2048.jpg 1536w\" sizes=\"(max-width: 1920px) 100vw, 1920px\" \/><\/p>\r\n\r\n\r\n<hr class=\"wp-block-separator has-text-color has-black-color has-alpha-channel-opacity has-black-background-color has-background is-style-wide\">\r\n\r\n<ul class=\"wp-block-latest-posts__list has-dates wp-block-latest-posts\"><\/ul>","protected":false},"excerpt":{"rendered":"<p>El departamento de Comercio y FOL del IES Luis de G\u00f3ngora en el presente curso&nbsp;est\u00e1 formado por: Comercio FOL<\/p>\n","protected":false},"author":19499,"featured_media":0,"parent":0,"menu_order":0,"comment_status":"closed","ping_status":"closed","template":"","meta":{"ngg_post_thumbnail":0,"footnotes":"","_mc_calendar":[]},"aioseo_notices":[],"_links":{"self":[{"href":"https:\/\/blogsaverroes.juntadeandalucia.es\/iesgongora\/wp-json\/wp\/v2\/pages\/5592"}],"collection":[{"href":"https:\/\/blogsaverroes.juntadeandalucia.es\/iesgongora\/wp-json\/wp\/v2\/pages"}],"about":[{"href":"https:\/\/blogsaverroes.juntadeandalucia.es\/iesgongora\/wp-json\/wp\/v2\/types\/page"}],"author":[{"embeddable":true,"href":"https:\/\/blogsaverroes.juntadeandalucia.es\/iesgongora\/wp-json\/wp\/v2\/users\/19499"}],"replies":[{"embeddable":true,"href":"https:\/\/blogsaverroes.juntadeandalucia.es\/iesgongora\/wp-json\/wp\/v2\/comments?post=5592"}],"version-history":[{"count":4,"href":"https:\/\/blogsaverroes.juntadeandalucia.es\/iesgongora\/wp-json\/wp\/v2\/pages\/5592\/revisions"}],"predecessor-version":[{"id":7259,"href":"https:\/\/blogsaverroes.juntadeandalucia.es\/iesgongora\/wp-json\/wp\/v2\/pages\/5592\/revisions\/7259"}],"wp:attachment":[{"href":"https:\/\/blogsaverroes.juntadeandalucia.es\/iesgongora\/wp-json\/wp\/v2\/media?parent=5592"}],"curies":[{"name":"wp","href":"https:\/\/api.w.org\/{rel}","templated":true}]}}