{"id":5602,"date":"2022-12-26T14:53:06","date_gmt":"2022-12-26T13:53:06","guid":{"rendered":"https:\/\/iesgongora.com\/?page_id=5602"},"modified":"2024-09-30T10:14:35","modified_gmt":"2024-09-30T08:14:35","slug":"dpto-educacion-fisica","status":"publish","type":"page","link":"https:\/\/blogsaverroes.juntadeandalucia.es\/iesgongora\/dpto-educacion-fisica\/","title":{"rendered":"Educaci\u00f3n F\u00edsica"},"content":{"rendered":"\r\n<p>El departamento de Educaci\u00f3n F\u00edsica del IES Luis de G\u00f3ngora en el presente curso&nbsp;est\u00e1 formado por:<\/p>\r\n<ul>\r\n\r\n\r\n<li>Cuenca Pelluz, Pilar<\/li>\r\n\r\n\r\n\r\n<li>L\u00f3pez V\u00e9lez, Miguel (Jefe de departamento)<\/li>\r\n<li>Toro Crespo, Gloria<\/li>\r\n<\/ul>\r\n<p><img loading=\"lazy\" decoding=\"async\" class=\"aligncenter size-full wp-image-7181\" src=\"https:\/\/blogsaverroes.juntadeandalucia.es\/iesgongora\/files\/2024\/09\/IMG_7536-scaled.jpg\" alt=\"\" width=\"1920\" height=\"2560\" srcset=\"https:\/\/blogsaverroes.juntadeandalucia.es\/iesgongora\/files\/2024\/09\/IMG_7536-scaled.jpg 1920w, https:\/\/blogsaverroes.juntadeandalucia.es\/iesgongora\/files\/2024\/09\/IMG_7536-225x300.jpg 225w, https:\/\/blogsaverroes.juntadeandalucia.es\/iesgongora\/files\/2024\/09\/IMG_7536-768x1024.jpg 768w, https:\/\/blogsaverroes.juntadeandalucia.es\/iesgongora\/files\/2024\/09\/IMG_7536-1152x1536.jpg 1152w, https:\/\/blogsaverroes.juntadeandalucia.es\/iesgongora\/files\/2024\/09\/IMG_7536-1536x2048.jpg 1536w\" sizes=\"(max-width: 1920px) 100vw, 1920px\" \/><\/p>\r\n<!-- \/wp:list -->\r\n\r\n<!-- wp:separator {\"backgroundColor\":\"black\",\"className\":\"is-style-wide\"} --><hr class=\"wp-block-separator has-text-color has-black-color has-alpha-channel-opacity has-black-background-color has-background is-style-wide\"><!-- \/wp:separator -->\r\n\r\n<!-- wp:latest-posts {\"categories\":[{\"id\":42,\"count\":2,\"description\":\"\",\"link\":\"https:\/\/iesgongora.com\/index.php\/category\/educacion-fisica\/\",\"name\":\"Educaci\u00f3n F\u00edsica\",\"slug\":\"educacion-fisica\",\"taxonomy\":\"category\",\"parent\":0,\"meta\":[],\"_links\":{\"self\":[{\"href\":\"https:\/\/iesgongora.com\/index.php\/wp-json\/wp\/v2\/categories\/42\"}],\"collection\":[{\"href\":\"https:\/\/iesgongora.com\/index.php\/wp-json\/wp\/v2\/categories\"}],\"about\":[{\"href\":\"https:\/\/iesgongora.com\/index.php\/wp-json\/wp\/v2\/taxonomies\/category\"}],\"wp:post_type\":[{\"href\":\"https:\/\/iesgongora.com\/index.php\/wp-json\/wp\/v2\/posts?categories=42\"}],\"curies\":[{\"name\":\"wp\",\"href\":\"https:\/\/api.w.org\/{rel}\",\"templated\":true}]}}],\"displayPostContent\":true,\"displayPostDate\":true,\"displayFeaturedImage\":true,\"featuredImageAlign\":\"left\"} \/-->","protected":false},"excerpt":{"rendered":"<p>El departamento de Educaci\u00f3n F\u00edsica del IES Luis de G\u00f3ngora en el presente curso&nbsp;est\u00e1 formado por:<\/p>\n","protected":false},"author":19499,"featured_media":0,"parent":0,"menu_order":0,"comment_status":"closed","ping_status":"closed","template":"","meta":{"ngg_post_thumbnail":0,"footnotes":"","_mc_calendar":[]},"aioseo_notices":[],"_links":{"self":[{"href":"https:\/\/blogsaverroes.juntadeandalucia.es\/iesgongora\/wp-json\/wp\/v2\/pages\/5602"}],"collection":[{"href":"https:\/\/blogsaverroes.juntadeandalucia.es\/iesgongora\/wp-json\/wp\/v2\/pages"}],"about":[{"href":"https:\/\/blogsaverroes.juntadeandalucia.es\/iesgongora\/wp-json\/wp\/v2\/types\/page"}],"author":[{"embeddable":true,"href":"https:\/\/blogsaverroes.juntadeandalucia.es\/iesgongora\/wp-json\/wp\/v2\/users\/19499"}],"replies":[{"embeddable":true,"href":"https:\/\/blogsaverroes.juntadeandalucia.es\/iesgongora\/wp-json\/wp\/v2\/comments?post=5602"}],"version-history":[{"count":4,"href":"https:\/\/blogsaverroes.juntadeandalucia.es\/iesgongora\/wp-json\/wp\/v2\/pages\/5602\/revisions"}],"predecessor-version":[{"id":7254,"href":"https:\/\/blogsaverroes.juntadeandalucia.es\/iesgongora\/wp-json\/wp\/v2\/pages\/5602\/revisions\/7254"}],"wp:attachment":[{"href":"https:\/\/blogsaverroes.juntadeandalucia.es\/iesgongora\/wp-json\/wp\/v2\/media?parent=5602"}],"curies":[{"name":"wp","href":"https:\/\/api.w.org\/{rel}","templated":true}]}}