{"id":5608,"date":"2022-12-26T20:26:01","date_gmt":"2022-12-26T19:26:01","guid":{"rendered":"https:\/\/iesgongora.com\/?page_id=5608"},"modified":"2024-09-30T10:15:05","modified_gmt":"2024-09-30T08:15:05","slug":"dpto-fisica-y-quimica","status":"publish","type":"page","link":"https:\/\/blogsaverroes.juntadeandalucia.es\/iesgongora\/dpto-fisica-y-quimica\/","title":{"rendered":"F\u00edsica y Qu\u00edmica"},"content":{"rendered":"\r\n<p>El departamento de F\u00edsica y Qu\u00edmica del IES Luis de G\u00f3ngora en el presente curso&nbsp;est\u00e1 formado por:<\/p>\r\n\r\n\r\n\r\n<ul>\r\n<li>Revuelto Corbellini, Gabriel Antonio (Jefe de Departamento)<\/li>\r\n\r\n\r\n\r\n<li>Ruiz Lara, Juan Ram\u00f3n<\/li>\r\n<li>Fernandez G\u00f3mez, Rafael<\/li>\r\n<li>Vargas N\u00fa\u00f1ez, Evaristo<\/li>\r\n\r\n\r\n\r\n\r\n<\/ul>\r\n<p><img loading=\"lazy\" decoding=\"async\" class=\"aligncenter size-full wp-image-7190\" src=\"https:\/\/blogsaverroes.juntadeandalucia.es\/iesgongora\/files\/2024\/09\/IMG_7552-scaled.jpg\" alt=\"\" width=\"1920\" height=\"2560\" srcset=\"https:\/\/blogsaverroes.juntadeandalucia.es\/iesgongora\/files\/2024\/09\/IMG_7552-scaled.jpg 1920w, https:\/\/blogsaverroes.juntadeandalucia.es\/iesgongora\/files\/2024\/09\/IMG_7552-225x300.jpg 225w, https:\/\/blogsaverroes.juntadeandalucia.es\/iesgongora\/files\/2024\/09\/IMG_7552-768x1024.jpg 768w, https:\/\/blogsaverroes.juntadeandalucia.es\/iesgongora\/files\/2024\/09\/IMG_7552-1152x1536.jpg 1152w, https:\/\/blogsaverroes.juntadeandalucia.es\/iesgongora\/files\/2024\/09\/IMG_7552-1536x2048.jpg 1536w\" sizes=\"(max-width: 1920px) 100vw, 1920px\" \/><\/p>\r\n","protected":false},"excerpt":{"rendered":"<p>El departamento de F\u00edsica y Qu\u00edmica del IES Luis de G\u00f3ngora en el presente curso&nbsp;est\u00e1 formado por:<\/p>\n","protected":false},"author":19499,"featured_media":0,"parent":0,"menu_order":0,"comment_status":"closed","ping_status":"closed","template":"","meta":{"ngg_post_thumbnail":0,"footnotes":"","_mc_calendar":[]},"aioseo_notices":[],"_links":{"self":[{"href":"https:\/\/blogsaverroes.juntadeandalucia.es\/iesgongora\/wp-json\/wp\/v2\/pages\/5608"}],"collection":[{"href":"https:\/\/blogsaverroes.juntadeandalucia.es\/iesgongora\/wp-json\/wp\/v2\/pages"}],"about":[{"href":"https:\/\/blogsaverroes.juntadeandalucia.es\/iesgongora\/wp-json\/wp\/v2\/types\/page"}],"author":[{"embeddable":true,"href":"https:\/\/blogsaverroes.juntadeandalucia.es\/iesgongora\/wp-json\/wp\/v2\/users\/19499"}],"replies":[{"embeddable":true,"href":"https:\/\/blogsaverroes.juntadeandalucia.es\/iesgongora\/wp-json\/wp\/v2\/comments?post=5608"}],"version-history":[{"count":4,"href":"https:\/\/blogsaverroes.juntadeandalucia.es\/iesgongora\/wp-json\/wp\/v2\/pages\/5608\/revisions"}],"predecessor-version":[{"id":7256,"href":"https:\/\/blogsaverroes.juntadeandalucia.es\/iesgongora\/wp-json\/wp\/v2\/pages\/5608\/revisions\/7256"}],"wp:attachment":[{"href":"https:\/\/blogsaverroes.juntadeandalucia.es\/iesgongora\/wp-json\/wp\/v2\/media?parent=5608"}],"curies":[{"name":"wp","href":"https:\/\/api.w.org\/{rel}","templated":true}]}}