{"id":5634,"date":"2022-12-26T20:50:08","date_gmt":"2022-12-26T19:50:08","guid":{"rendered":"https:\/\/iesgongora.com\/?page_id=5634"},"modified":"2024-09-30T10:15:38","modified_gmt":"2024-09-30T08:15:38","slug":"dpto-tecnologia-e-informatica","status":"publish","type":"page","link":"https:\/\/blogsaverroes.juntadeandalucia.es\/iesgongora\/dpto-tecnologia-e-informatica\/","title":{"rendered":"Tecnolog\u00eda e Inform\u00e1tica"},"content":{"rendered":"\r\n<p>El departamento de Tecnolog\u00eda e Inform\u00e1tica del IES Luis de G\u00f3ngora en el presente curso&nbsp;est\u00e1 formado por:<\/p>\r\n\r\n\r\n\r\n<p><strong>Tecnolog\u00eda<\/strong><\/p>\r\n\r\n\r\n\r\n<ul>\r\n<li>Canalejo Raya, Francisco Javier (Jefe del departamento)<\/li>\r\n\r\n\r\n\r\n<li>Panadero S\u00e1nchez, Jos\u00e9 Manuel<\/li>\r\n\r\n\r\n\r\n<li>Rojas Molina, Jos\u00e9 Alfonso<\/li>\r\n<\/ul>\r\n\r\n\r\n\r\n<p><strong>Inform\u00e1tica<\/strong><\/p>\r\n<ul>\r\n\r\n\r\n<li>Ruiz Ruz, Jos\u00e9 Ignacio<\/li>\r\n<\/ul>\r\n<p><img loading=\"lazy\" decoding=\"async\" src=\"https:\/\/blogsaverroes.juntadeandalucia.es\/iesgongora\/files\/2024\/09\/IMG_7554-scaled.jpg\" alt=\"\" width=\"1920\" height=\"2560\"><\/p>\r\n<!-- \/wp:list -->\r\n\r\n<!-- wp:separator {\"backgroundColor\":\"black\",\"className\":\"is-style-wide\"} --><hr class=\"wp-block-separator has-text-color has-black-color has-alpha-channel-opacity has-black-background-color has-background is-style-wide\"><!-- \/wp:separator -->\r\n\r\n<!-- wp:latest-posts {\"categories\":[{\"id\":46,\"count\":1,\"description\":\"\",\"link\":\"https:\/\/iesgongora.com\/index.php\/category\/tecnologia-e-informatica\/\",\"name\":\"Tecnolog\u00eda e Inform\u00e1tica\",\"slug\":\"tecnologia-e-informatica\",\"taxonomy\":\"category\",\"parent\":0,\"meta\":[],\"_links\":{\"self\":[{\"href\":\"https:\/\/iesgongora.com\/index.php\/wp-json\/wp\/v2\/categories\/46\"}],\"collection\":[{\"href\":\"https:\/\/iesgongora.com\/index.php\/wp-json\/wp\/v2\/categories\"}],\"about\":[{\"href\":\"https:\/\/iesgongora.com\/index.php\/wp-json\/wp\/v2\/taxonomies\/category\"}],\"wp:post_type\":[{\"href\":\"https:\/\/iesgongora.com\/index.php\/wp-json\/wp\/v2\/posts?categories=46\"}],\"curies\":[{\"name\":\"wp\",\"href\":\"https:\/\/api.w.org\/{rel}\",\"templated\":true}]}}],\"displayPostContent\":true,\"displayPostDate\":true,\"displayFeaturedImage\":true,\"featuredImageAlign\":\"left\",\"addLinkToFeaturedImage\":true} \/-->","protected":false},"excerpt":{"rendered":"<p>El departamento de Tecnolog\u00eda e Inform\u00e1tica del IES Luis de G\u00f3ngora en el presente curso&nbsp;est\u00e1 formado por: Tecnolog\u00eda Inform\u00e1tica<\/p>\n","protected":false},"author":19499,"featured_media":0,"parent":0,"menu_order":0,"comment_status":"closed","ping_status":"closed","template":"","meta":{"ngg_post_thumbnail":0,"footnotes":"","_mc_calendar":[]},"aioseo_notices":[],"_links":{"self":[{"href":"https:\/\/blogsaverroes.juntadeandalucia.es\/iesgongora\/wp-json\/wp\/v2\/pages\/5634"}],"collection":[{"href":"https:\/\/blogsaverroes.juntadeandalucia.es\/iesgongora\/wp-json\/wp\/v2\/pages"}],"about":[{"href":"https:\/\/blogsaverroes.juntadeandalucia.es\/iesgongora\/wp-json\/wp\/v2\/types\/page"}],"author":[{"embeddable":true,"href":"https:\/\/blogsaverroes.juntadeandalucia.es\/iesgongora\/wp-json\/wp\/v2\/users\/19499"}],"replies":[{"embeddable":true,"href":"https:\/\/blogsaverroes.juntadeandalucia.es\/iesgongora\/wp-json\/wp\/v2\/comments?post=5634"}],"version-history":[{"count":3,"href":"https:\/\/blogsaverroes.juntadeandalucia.es\/iesgongora\/wp-json\/wp\/v2\/pages\/5634\/revisions"}],"predecessor-version":[{"id":7258,"href":"https:\/\/blogsaverroes.juntadeandalucia.es\/iesgongora\/wp-json\/wp\/v2\/pages\/5634\/revisions\/7258"}],"wp:attachment":[{"href":"https:\/\/blogsaverroes.juntadeandalucia.es\/iesgongora\/wp-json\/wp\/v2\/media?parent=5634"}],"curies":[{"name":"wp","href":"https:\/\/api.w.org\/{rel}","templated":true}]}}