{"id":615,"date":"2018-04-07T11:38:45","date_gmt":"2018-04-07T11:38:45","guid":{"rendered":"http:\/\/iesgongora.com\/?page_id=615"},"modified":"2024-09-05T17:56:25","modified_gmt":"2024-09-05T15:56:25","slug":"departamentos","status":"publish","type":"page","link":"https:\/\/blogsaverroes.juntadeandalucia.es\/iesgongora\/","title":{"rendered":"Departamentos"},"content":{"rendered":"<p>Existen un total de 13 departamentos did\u00e1cticos repartidos entre cuatro \u00e1reas:<\/p>\n<p><strong>\u00c1rea Art\u00edstica<\/strong><\/p>\n<ul>\n<li><a href=\"https:\/\/blogsaverroes.juntadeandalucia.es\/iesgongora\/dpto-dibujo-y-musica\/\">Departamento de Dibujo y M\u00fasica<\/a><\/li>\n<li><a href=\"https:\/\/blogsaverroes.juntadeandalucia.es\/iesgongora\/dpto-educacion-fisica\/\">Departamento de Educaci\u00f3n F\u00edsica<\/a><\/li>\n<\/ul>\n<p><strong>\u00c1rea Cient\u00edfico-Tecnol\u00f3gica<\/strong><\/p>\n<ul>\n<li><a href=\"https:\/\/blogsaverroes.juntadeandalucia.es\/iesgongora\/dpto-biologia-y-geologia\/\">Departamento de Biolog\u00eda y Geolog\u00eda<\/a><\/li>\n<li><a href=\"https:\/\/blogsaverroes.juntadeandalucia.es\/iesgongora\/dpto-fisica-y-quimica\/\">Departamento de F\u00edsica y Qu\u00edmica<\/a><\/li>\n<li><a href=\"https:\/\/blogsaverroes.juntadeandalucia.es\/iesgongora\/dpto-matematicas-y-economia\/\">Departamento de Matem\u00e1ticas y Econom\u00eda <\/a><\/li>\n<li><a href=\"https:\/\/blogsaverroes.juntadeandalucia.es\/iesgongora\/dpto-tecnologia-e-informatica\/\">Departamento de Tecnolog\u00eda e Inform\u00e1tica<\/a><\/li>\n<\/ul>\n<p><strong>\u00c1rea de Formaci\u00f3n Profesional<\/strong><\/p>\n<ul>\n<li><a href=\"https:\/\/blogsaverroes.juntadeandalucia.es\/iesgongora\/dpto-comercio-y-fol\/\">Departamento de Comercio y FOL<\/a><\/li>\n<\/ul>\n<p><strong>\u00c1rea Socio-Ling\u00fc\u00edstica<\/strong><\/p>\n<ul>\n<li><a href=\"https:\/\/blogsaverroes.juntadeandalucia.es\/iesgongora\/dpto-filosofia\/\">Departamento de Filosof\u00eda<\/a><\/li>\n<li><a href=\"https:\/\/blogsaverroes.juntadeandalucia.es\/iesgongora\/dpto-frances-e-italiano\/\">Departamento de Franc\u00e9s e Italiano<\/a><\/li>\n<li><a href=\"https:\/\/blogsaverroes.juntadeandalucia.es\/iesgongora\/dpto-geografia-e-historia\/\">Departamento de Geograf\u00eda e Historia<\/a><\/li>\n<li><a href=\"https:\/\/blogsaverroes.juntadeandalucia.es\/iesgongora\/dpto-ingles\/\">Departamento de Ingl\u00e9s<\/a><\/li>\n<li><a href=\"https:\/\/blogsaverroes.juntadeandalucia.es\/iesgongora\/dpto-latin-y-griego\/\">Departamento de Lat\u00edn y Griego<\/a><\/li>\n<li><a href=\"https:\/\/blogsaverroes.juntadeandalucia.es\/iesgongora\/dpto-lengua-y-literatura\/\">Departamento de Lengua y Literatura<\/a><\/li>\n<\/ul>\n<p>Adem\u00e1s de otros cuatro departamentos:<\/p>\n<ul>\n<li><a href=\"https:\/\/blogsaverroes.juntadeandalucia.es\/iesgongora\/dpto-orientacion\/\">Departamento de Orientaci\u00f3n<\/a><\/li>\n<li>Departamento de Actividades Complementarias y Extraescolares (DACE)<\/li>\n<li>Departamento de Formaci\u00f3n, Evaluaci\u00f3n e Innovaci\u00f3n Educativa (FEIE)<\/li>\n<li>Departamento de Convivencia e Igualdad<\/li>\n<\/ul>\n","protected":false},"excerpt":{"rendered":"<p>Existen un total de 13 departamentos did\u00e1cticos repartidos entre cuatro \u00e1reas: \u00c1rea Art\u00edstica Departamento de Dibujo y M\u00fasica Departamento de Educaci\u00f3n F\u00edsica \u00c1rea Cient\u00edfico-Tecnol\u00f3gica Departamento de Biolog\u00eda y Geolog\u00eda Departamento de F\u00edsica y Qu\u00edmica Departamento de Matem\u00e1ticas y Econom\u00eda Departamento de Tecnolog\u00eda e Inform\u00e1tica \u00c1rea de Formaci\u00f3n Profesional Departamento de Comercio y FOL \u00c1rea Socio-Ling\u00fc\u00edstica [&hellip;]<\/p>\n","protected":false},"author":19499,"featured_media":0,"parent":0,"menu_order":0,"comment_status":"closed","ping_status":"closed","template":"","meta":{"ngg_post_thumbnail":0,"footnotes":"","_mc_calendar":[]},"aioseo_notices":[],"_links":{"self":[{"href":"https:\/\/blogsaverroes.juntadeandalucia.es\/iesgongora\/wp-json\/wp\/v2\/pages\/615"}],"collection":[{"href":"https:\/\/blogsaverroes.juntadeandalucia.es\/iesgongora\/wp-json\/wp\/v2\/pages"}],"about":[{"href":"https:\/\/blogsaverroes.juntadeandalucia.es\/iesgongora\/wp-json\/wp\/v2\/types\/page"}],"author":[{"embeddable":true,"href":"https:\/\/blogsaverroes.juntadeandalucia.es\/iesgongora\/wp-json\/wp\/v2\/users\/19499"}],"replies":[{"embeddable":true,"href":"https:\/\/blogsaverroes.juntadeandalucia.es\/iesgongora\/wp-json\/wp\/v2\/comments?post=615"}],"version-history":[{"count":4,"href":"https:\/\/blogsaverroes.juntadeandalucia.es\/iesgongora\/wp-json\/wp\/v2\/pages\/615\/revisions"}],"predecessor-version":[{"id":7201,"href":"https:\/\/blogsaverroes.juntadeandalucia.es\/iesgongora\/wp-json\/wp\/v2\/pages\/615\/revisions\/7201"}],"wp:attachment":[{"href":"https:\/\/blogsaverroes.juntadeandalucia.es\/iesgongora\/wp-json\/wp\/v2\/media?parent=615"}],"curies":[{"name":"wp","href":"https:\/\/api.w.org\/{rel}","templated":true}]}}