{"id":6154,"date":"2023-05-18T13:33:14","date_gmt":"2023-05-18T12:33:14","guid":{"rendered":"https:\/\/iesgongora.com\/?page_id=6154"},"modified":"2025-02-04T20:04:03","modified_gmt":"2025-02-04T19:04:03","slug":"solicitud-de-titulos","status":"publish","type":"page","link":"https:\/\/blogsaverroes.juntadeandalucia.es\/iesgongora\/secretaria-2\/solicitud-de-titulos\/","title":{"rendered":"SOLICITUD DE T\u00cdTULOS."},"content":{"rendered":"\r\n<p><strong>1. TITULO ESO Y ESPA.<\/strong><\/p>\r\n\r\n\r\n\r\n<p>Los t\u00edtulos correspondiente a las Educaci\u00f3n Secundaria Obligatoria (ESO) y Educaci\u00f3n Secundaria para personas adultas (ESPA) se solicitan DE OFICIO por el centro y es GRATUITO.<\/p>\r\n\r\n\r\n\r\n<p><strong>2. TITULO BACHILLERATO, BACHILLERATO PARA PERSONAS ADULTAS Y FP.<\/strong><\/p>\r\n\r\n\r\n\r\n<p>Para solicitar el titulo correspondientes a las ense\u00f1anzas de Bachillerato, Bachillerato para personas adultas (Nocturno) y Formaci\u00f3n Profesional (CICLOS FORMATIVOS) es necesario solicitarlo previamente. El proceso &nbsp;se realizar\u00e1 de forma TELEM\u00c1TICA a trav\u00e9s de la&nbsp;<strong><em>Web \u201cSECRETAR\u00cdA VIRTUAL DE LOS CENTROS DOCENTES\u201d&gt; Apartado \u201cSolicitudes\u201d&gt; Solicitud de expedici\u00f3n de t\u00edtulos del alumnado<\/em><\/strong>. A continuaci\u00f3n le dejamos el enlace directo:&nbsp;<a href=\"https:\/\/www.juntadeandalucia.es\/educacion\/secretariavirtual\/accesoTramite\/302\/\" target=\"_blank\" rel=\"noreferrer noopener\">https:\/\/www.juntadeandalucia.es\/educacion\/secretariavirtual\/accesoTramite\/302\/<\/a><\/p>\r\n\r\n\r\n\r\n<p>Podr\u00e1n acceder al procedimiento a trav\u00e9s de una de las siguientes opciones:<\/p>\r\n\r\n\r\n\r\n<ul>\r\n<li>Clave IANDE.<\/li>\r\n<\/ul>\r\n\r\n\r\n\r\n<ul>\r\n<li>Cl@ve.<\/li>\r\n<\/ul>\r\n\r\n\r\n\r\n<ul>\r\n<li>Certificado digital.<\/li>\r\n<\/ul>\r\n\r\n\r\n\r\n<p>Una vez dentro, siga las instrucciones que se les facilitan para completar el procedimiento.<\/p>\r\n\r\n\r\n\r\n<p>1) Cumplimentar impreso \u201cSolicitud de expedici\u00f3n de t\u00edtulo\u201d con los datos y firma correspondiente.<\/p>\r\n\r\n\r\n\r\n<p>2) Cumplimentar \u201cModelo Tasa 046\u201d. Proceder al abono de la tasa de t\u00edtulo correspondiente. Dicho documento servir\u00e1 como justificante de \u00e9ste, hasta que le sea entregado el original.<\/p>\r\n\r\n\r\n\r\n<p>El plazo aproximado de entrega de titulo original oscila entre un a\u00f1o y medio o dos. En el momento que nos llega al centro, nosotros se lo notificamos a trav\u00e9s de carta, para que a partir de entonces, pueda pasar a recogerlo por Secretar\u00eda en horario de atenci\u00f3n al p\u00fablico (9:30 a 12:30h).<\/p>\r\n\r\n\r\n\r\n<p><strong>*<\/strong> <strong>ACTUALIZACI\u00d3N <\/strong>de tasas (2025) por expedici\u00f3n de t\u00edtulos acad\u00e9micos y profesionales no universitarios en materia de educaci\u00f3n y casos de reducci\u00f3n o exenci\u00f3n de las mismas.<\/p>\r\n\r\n\r\n\r\n<div class=\"wp-block-algori-pdf-viewer-block-algori-pdf-viewer\"><a href=\"https:\/\/blogsaverroes.juntadeandalucia.es\/iesgongora\/files\/2025\/02\/TASAS-EXPEDICION-TITULOS-2025-1.pdf\">TASAS 2025<\/a><\/div>\r\n<div>&nbsp;<\/div>\r\n\r\n\r\n\r\n<p>Si tiene alg\u00fan problema durante el proceso, no dude en llamarnos (957 73 45 49) o escribirnos un email a Secretar\u00eda (<a href=\"mailto:secretaria@iesgongora.es\" target=\"_blank\" rel=\"noreferrer noopener\">secretaria@iesgongora.es<\/a>).<\/p>\r\n\r\n\r\n\r\n<p>&nbsp;<\/p>\r\n","protected":false},"excerpt":{"rendered":"<p>1. TITULO ESO Y ESPA. Los t\u00edtulos correspondiente a las Educaci\u00f3n Secundaria Obligatoria (ESO) y Educaci\u00f3n Secundaria para personas adultas (ESPA) se solicitan DE OFICIO por el centro y es GRATUITO. 2. TITULO BACHILLERATO, BACHILLERATO PARA PERSONAS ADULTAS Y FP. Para solicitar el titulo correspondientes a las ense\u00f1anzas de Bachillerato, Bachillerato para personas adultas (Nocturno) [&hellip;]<\/p>\n","protected":false},"author":19499,"featured_media":0,"parent":5837,"menu_order":0,"comment_status":"closed","ping_status":"closed","template":"","meta":{"ngg_post_thumbnail":0,"footnotes":"","_mc_calendar":[]},"aioseo_notices":[],"_links":{"self":[{"href":"https:\/\/blogsaverroes.juntadeandalucia.es\/iesgongora\/wp-json\/wp\/v2\/pages\/6154"}],"collection":[{"href":"https:\/\/blogsaverroes.juntadeandalucia.es\/iesgongora\/wp-json\/wp\/v2\/pages"}],"about":[{"href":"https:\/\/blogsaverroes.juntadeandalucia.es\/iesgongora\/wp-json\/wp\/v2\/types\/page"}],"author":[{"embeddable":true,"href":"https:\/\/blogsaverroes.juntadeandalucia.es\/iesgongora\/wp-json\/wp\/v2\/users\/19499"}],"replies":[{"embeddable":true,"href":"https:\/\/blogsaverroes.juntadeandalucia.es\/iesgongora\/wp-json\/wp\/v2\/comments?post=6154"}],"version-history":[{"count":5,"href":"https:\/\/blogsaverroes.juntadeandalucia.es\/iesgongora\/wp-json\/wp\/v2\/pages\/6154\/revisions"}],"predecessor-version":[{"id":7308,"href":"https:\/\/blogsaverroes.juntadeandalucia.es\/iesgongora\/wp-json\/wp\/v2\/pages\/6154\/revisions\/7308"}],"up":[{"embeddable":true,"href":"https:\/\/blogsaverroes.juntadeandalucia.es\/iesgongora\/wp-json\/wp\/v2\/pages\/5837"}],"wp:attachment":[{"href":"https:\/\/blogsaverroes.juntadeandalucia.es\/iesgongora\/wp-json\/wp\/v2\/media?parent=6154"}],"curies":[{"name":"wp","href":"https:\/\/api.w.org\/{rel}","templated":true}]}}