{"id":631,"date":"2018-04-09T18:50:29","date_gmt":"2018-04-09T18:50:29","guid":{"rendered":"http:\/\/iesgongora.com\/?page_id=631"},"modified":"2024-08-12T03:15:48","modified_gmt":"2024-08-12T01:15:48","slug":"historia-de-centro","status":"publish","type":"page","link":"https:\/\/blogsaverroes.juntadeandalucia.es\/iesgongora\/nuestro-centro\/historia\/historia-de-centro\/","title":{"rendered":"Historia del centro"},"content":{"rendered":"<h2><strong>El colegio de la Asunci\u00f3n<\/strong><\/h2>\n<p>Fue el Colegio de la Asunci\u00f3n una fundaci\u00f3n docente cordobesa establecida por D. Pedro L\u00f3pez de Alba a instancia del santo maestro Juan de \u00c1vila. Corresponde pues la \u201cfundaci\u00f3n econ\u00f3mica\u201d al Ilustre Sr. D. Pedro L\u00f3pez de Alba, m\u00e9dico del Rey Carlos I, y la \u201cfundaci\u00f3n espiritual\u201d al maestro Juan de \u00c1vila. El colegio funcionaba ya legalmente al menos desde el a\u00f1o 1569, aunque no fue erigido hasta el d\u00eda 15 de agosto del a\u00f1o 1577 por bula pontificia de Gregorio XIII. El fin de esta fundaci\u00f3n fue el de acoger a los estudiantes pobres que pensaban dedicarse al sacerdocio. Muy pronto se puso el colegio bajo la tutela espiritual y docente de los jesuitas que contribuyeron tanto en lo espiritual como en lo educativo y en las labores de direcci\u00f3n a la gran fama y esplendor de la instituci\u00f3n. Las clases las recib\u00edan los colegiales en el cercano colegio jesu\u00edtico de Santa Catalina, o Colegio de la Compa\u00f1\u00eda como tambi\u00e9n se le llamaba. En el a\u00f1o 1767, tras la expulsi\u00f3n de los jesuitas de Espa\u00f1a, el Colegio de la Asunci\u00f3n pas\u00f3 a depender del Patronato Real y se denomin\u00f3 desde entonces \u201cReal Colegio Seminario de Te\u00f3logos de Nuestra Se\u00f1ora de la Asunci\u00f3n de C\u00f3rdoba\u201d. A lo largo del primer tercio del siglo XIX el Centro se convirti\u00f3 en uno de los reci\u00e9n creados \u201cColegios de Humanidades\u201d estado en el que permanecer\u00e1 hasta 1847.<\/p>\n<ul>\n<li><a title=\"Historia del edificio\" href=\"https:\/\/blogsaverroes.juntadeandalucia.es\/iesgongora\/nuestro-centro\/historia\/historia-del-edificio\/\">Historia del edificio<\/a><\/li>\n<li><a title=\"La Capilla de la Asunci\u00f3n\" href=\"https:\/\/blogsaverroes.juntadeandalucia.es\/iesgongora\/nuestro-centro\/historia\/la-capilla\/\">La Capilla<\/a><\/li>\n<li><a title=\"El planisferio celeste\" href=\"https:\/\/blogsaverroes.juntadeandalucia.es\/iesgongora\/nuestro-centro\/historia\/el-planisferio-celeste\/\">El planisferio celeste<\/a><\/li>\n<li><a title=\"Proyecto de fachada\" href=\"https:\/\/blogsaverroes.juntadeandalucia.es\/iesgongora\/nuestro-centro\/historia\/proyecto-de-fachada\/\">Proyecto de fachada<\/a><\/li>\n<li><a title=\"Fachada a Diego Le\u00f3n\" href=\"https:\/\/blogsaverroes.juntadeandalucia.es\/iesgongora\/nuestro-centro\/historia\/fachada-a-diego-leon\/\">Fachada a Diego Le\u00f3n<\/a><\/li>\n<li><a title=\"Posteriores ampliaciones\" href=\"https:\/\/blogsaverroes.juntadeandalucia.es\/iesgongora\/nuestro-centro\/historia\/posteriores-ampliaciones\/\">Posteriores ampliaciones<\/a><\/li>\n<li><a title=\"El jard\u00edn bot\u00e1nico\" href=\"https:\/\/blogsaverroes.juntadeandalucia.es\/iesgongora\/nuestro-centro\/historia\/el-jardin-botanico\/\">El jard\u00edn bot\u00e1nico<\/a><\/li>\n<\/ul>\n\n","protected":false},"excerpt":{"rendered":"<p>El colegio de la Asunci\u00f3n Fue el Colegio de la Asunci\u00f3n una fundaci\u00f3n docente cordobesa establecida por D. Pedro L\u00f3pez de Alba a instancia del santo maestro Juan de \u00c1vila. Corresponde pues la \u201cfundaci\u00f3n econ\u00f3mica\u201d al Ilustre Sr. D. Pedro L\u00f3pez de Alba, m\u00e9dico del Rey Carlos I, y la \u201cfundaci\u00f3n espiritual\u201d al maestro Juan [&hellip;]<\/p>\n","protected":false},"author":19499,"featured_media":0,"parent":352,"menu_order":0,"comment_status":"closed","ping_status":"closed","template":"","meta":{"ngg_post_thumbnail":0,"footnotes":"","_mc_calendar":[]},"aioseo_notices":[],"_links":{"self":[{"href":"https:\/\/blogsaverroes.juntadeandalucia.es\/iesgongora\/wp-json\/wp\/v2\/pages\/631"}],"collection":[{"href":"https:\/\/blogsaverroes.juntadeandalucia.es\/iesgongora\/wp-json\/wp\/v2\/pages"}],"about":[{"href":"https:\/\/blogsaverroes.juntadeandalucia.es\/iesgongora\/wp-json\/wp\/v2\/types\/page"}],"author":[{"embeddable":true,"href":"https:\/\/blogsaverroes.juntadeandalucia.es\/iesgongora\/wp-json\/wp\/v2\/users\/19499"}],"replies":[{"embeddable":true,"href":"https:\/\/blogsaverroes.juntadeandalucia.es\/iesgongora\/wp-json\/wp\/v2\/comments?post=631"}],"version-history":[{"count":2,"href":"https:\/\/blogsaverroes.juntadeandalucia.es\/iesgongora\/wp-json\/wp\/v2\/pages\/631\/revisions"}],"predecessor-version":[{"id":7054,"href":"https:\/\/blogsaverroes.juntadeandalucia.es\/iesgongora\/wp-json\/wp\/v2\/pages\/631\/revisions\/7054"}],"up":[{"embeddable":true,"href":"https:\/\/blogsaverroes.juntadeandalucia.es\/iesgongora\/wp-json\/wp\/v2\/pages\/352"}],"wp:attachment":[{"href":"https:\/\/blogsaverroes.juntadeandalucia.es\/iesgongora\/wp-json\/wp\/v2\/media?parent=631"}],"curies":[{"name":"wp","href":"https:\/\/api.w.org\/{rel}","templated":true}]}}