{"id":6347,"date":"2023-07-23T19:28:30","date_gmt":"2023-07-23T18:28:30","guid":{"rendered":"https:\/\/iesgongora.com\/?page_id=6347"},"modified":"2024-09-30T10:46:03","modified_gmt":"2024-09-30T08:46:03","slug":"erasmus","status":"publish","type":"page","link":"https:\/\/blogsaverroes.juntadeandalucia.es\/iesgongora\/erasmus\/","title":{"rendered":"Erasmus+"},"content":{"rendered":"\r\n<h1>ERASMUS +<img loading=\"lazy\" decoding=\"async\" class=\"wp-image-7264 alignright\" src=\"https:\/\/blogsaverroes.juntadeandalucia.es\/iesgongora\/files\/2024\/09\/Logo-erasmus-1.png\" alt=\"\" width=\"173\" height=\"245\"><\/h1>\r\n<p>Durante el presente curso escolar, estamos de enhorabuena ya que el IES Luis de G\u00f3ngora contar\u00e1 con tres modalidades del programa Erasmus + en distintas etapas educativas. As\u00ed, hemos conseguido en menos de dos a\u00f1os que la internacionalizaci\u00f3n se consolide y se convierta en una se\u00f1a de identidad de nuestro centro. Eso supone una oportunidad de crecimiento personal, acad\u00e9mico y ling\u00fc\u00edstico para toda la comunidad educativa ya que adem\u00e1s de poder realizar movilidades por distintos pa\u00edses, centros educativos y empresas europeas, abriremos las puertas de nuestro instituto y nuestras aulas a visitantes de m\u00e1s de 30 estados.<\/p>\r\n<p>Erasmus es sin\u00f3nimo de innovaci\u00f3n, modernidad, apertura, colaboraci\u00f3n, cooperaci\u00f3n e intercambio entre centros de pa\u00edses distintos. Y por ese motivo, debe entenderse como un puente para mejorar la formaci\u00f3n de nuestro alumnado y la calidad de nuestro sistema educativo.<br>Desde junio de 2023, contamos con la carta ECHE para el alumnado de los Ciclos Superiores de FP y su profesorado que podr\u00e1 realizar pr\u00e1cticas y realizar formaciones en Europa. Asimismo, conseguimos formar parte de un consorcio con otros dos institutos de FP para que alumnado de los Ciclos Medios de Actividades Comerciales puedan tambi\u00e9n disfrutar de pr\u00e1cticas en pa\u00edses europeos.<\/p>\r\n<p>En febrero de 2024, obtuvimos la acreditaci\u00f3n Erasmus + en modalidad escolar que permitir\u00e1 la movilidad de escolares en la ESO y Bachillerato as\u00ed como de algunos docentes en calidad de acompa\u00f1antes o realizando una job shadowing (aprendizaje por observaci\u00f3n).<\/p>\r\n<p>Para conocer con m\u00e1s detalle las caracter\u00edsticas de cada uno de los proyectos Erasmus + que se llevar\u00e1n a cabo durante este curso 2024-2025, consulta los apartados siguientes.<\/p>\r\n<ul>\r\n<li><a href=\"https:\/\/iesgongora.com\/wp-content\/uploads\/carta-ECHE-FP.pdf\">Carta ECHE<\/a><\/li>\r\n\r\n\r\n\r\n<li><a href=\"https:\/\/iesgongora.com\/wp-content\/uploads\/ERASMUS-POLICY-STATEMENT.pdf\">Declaraci\u00f3n de Pol\u00edtica Erasmus<\/a><\/li>\r\n<\/ul>\r\n<h2>ERASMUS + ESCOLAR<\/h2>\r\n<p>Este curso nos estrenamos con el Programa Erasmus + entre el profesorado y alumnado de la ESO y Bachillerato. Para que conozcas con m\u00e1s detalle en qu\u00e9 consiste este tipo de programa, hemos preparado una presentaci\u00f3n que esperamos que sea de vuestro inter\u00e9s.<\/p>\r\n<div style=\"width: 100%\">\r\n<div style=\"position: relative;padding-bottom: 56.25%;padding-top: 0;height: 0\"><iframe loading=\"lazy\" src=\"https:\/\/view.genially.com\/66f56cf318866cb8614c6350\" width=\"1200px\" height=\"675px\" frameborder=\"0\" scrolling=\"yes\"><\/iframe><\/div>\r\n<\/div>\r\n<p>&nbsp;<\/p>\r\n<p>Aqu\u00ed iremos informando de las principales acciones que llevaremos a cabo, aunque no dejes de preguntar a tu profesorado, Equipo Directivo y mirar en el tabl\u00f3n habilitado para obtener m\u00e1s informaci\u00f3n. Asimismo, puedes&nbsp;<a href=\"mailto:14002960.erasmus.escolar@g.educaand.es?Subject=Informaci\u00f3n\">Contactar por correo <\/a>y la coordinadora te contestar\u00e1 con todas tus dudas.<\/p>\r\n<h2>ERASMUS+ (EDUCACI\u00d3N SUPERIOR FPGS):<\/h2>\r\n<ul>\r\n<li><a href=\"https:\/\/www.facebook.com\/profile.php?id=61560508413195\" data-type=\"link\" data-id=\"https:\/\/www.facebook.com\/profile.php?id=61560508413195\">Facebook Erasmus+<\/a><\/li>\r\n<li><a href=\"mailto:14002960.erasmus-fp@g.educaand.es?Subject=Informaci\u00f3n\">Contactar por correo<\/a><\/li>\r\n<li style=\"list-style-type: none\"><div class=\"_3d-flip-book  fb3d-fullscreen-mode full-size\" data-id=\"7089\" data-mode=\"fullscreen\" data-title=\"false\" data-template=\"short-white-book-view\" data-lightbox=\"dark-shadow\" data-urlparam=\"fb3d-page\" data-page-n=\"0\" data-pdf=\"\" data-tax=\"null\" data-thumbnail=\"\" data-cols=\"3\" data-book-template=\"default\" data-trigger=\"\"><\/div><script type=\"text\/javascript\">window.FB3D_CLIENT_DATA = window.FB3D_CLIENT_DATA || [];FB3D_CLIENT_DATA.push('eyJwb3N0cyI6eyI3MDg5Ijp7IklEIjo3MDg5LCJ0aXRsZSI6IkVyYXNtdXMrIiwidHlwZSI6InBkZiIsInJlYWR5X2Z1bmN0aW9uIjoiIiwiYm9va19zdHlsZSI6ImF1dG8iLCJib29rX3RlbXBsYXRlIjoibm9uZSIsIm91dGxpbmUiOltdLCJkYXRhIjp7InBvc3RfSUQiOiI3MDkwIiwiZ3VpZCI6Imh0dHBzOlwvXC9ibG9nc2F2ZXJyb2VzLmp1bnRhZGVhbmRhbHVjaWEuZXNcL2llc2dvbmdvcmFcL2ZpbGVzXC8yMDI0XC8wOFwvRm9sbGV0by1FcmFzbXVzLnBkZiIsInBkZl9wYWdlcyI6IjEiLCJwYWdlc19jdXN0b21pemF0aW9uIjoibm9uZSJ9LCJ0aHVtYm5haWwiOnsiZGF0YSI6eyJwb3N0X0lEIjoiMCJ9LCJ0eXBlIjoiYXV0byJ9LCJwcm9wcyI6eyJiYWNrZ3JvdW5kQ29sb3IiOiJhdXRvIiwiYmFja2dyb3VuZEltYWdlIjoiYXV0byIsImJhY2tncm91bmRTdHlsZSI6ImF1dG8iLCJoaWdobGlnaHRMaW5rcyI6ImF1dG8iLCJsaWdodGluZyI6ImF1dG8iLCJjYWNoZWRQYWdlcyI6ImF1dG8iLCJyZW5kZXJJbmFjdGl2ZVBhZ2VzIjoiYXV0byIsInJlbmRlckluYWN0aXZlUGFnZXNPbk1vYmlsZSI6ImF1dG8iLCJyZW5kZXJXaGlsZUZsaXBwaW5nIjoiYXV0byIsInByZWxvYWRQYWdlcyI6ImF1dG8iLCJhdXRvUGxheUR1cmF0aW9uIjoiYXV0byIsInJ0bCI6ImF1dG8iLCJpbnRlcmFjdGl2ZUNvcm5lcnMiOiJhdXRvIiwibWF4RGVwdGgiOiJhdXRvIiwic2hlZXQiOnsic3RhcnRWZWxvY2l0eSI6ImF1dG8iLCJ3YXZlIjoiYXV0byIsInNoYXBlIjoiYXV0byIsIndpZHRoVGV4ZWxzIjoiYXV0byIsImNvbG9yIjoiYXV0byIsInNpZGUiOiJhdXRvIiwiY29ybmVyRGV2aWF0aW9uIjoiYXV0byIsImZsZXhpYmlsaXR5IjoiYXV0byIsImZsZXhpYmxlQ29ybmVyIjoiYXV0byIsImJlbmRpbmciOiJhdXRvIiwiaGVpZ2h0VGV4ZWxzIjoiYXV0byJ9LCJjb3ZlciI6eyJ3YXZlIjoiYXV0byIsImNvbG9yIjoiYXV0byIsInNpZGUiOiJhdXRvIiwiYmluZGVyVGV4dHVyZSI6ImF1dG8iLCJkZXB0aCI6ImF1dG8iLCJwYWRkaW5nIjoiYXV0byIsInN0YXJ0VmVsb2NpdHkiOiJhdXRvIiwiZmxleGliaWxpdHkiOiJhdXRvIiwiZmxleGlibGVDb3JuZXIiOiJhdXRvIiwiYmVuZGluZyI6ImF1dG8iLCJ3aWR0aFRleGVscyI6ImF1dG8iLCJoZWlnaHRUZXhlbHMiOiJhdXRvIiwibWFzcyI6ImF1dG8iLCJzaGFwZSI6ImF1dG8ifSwicGFnZSI6eyJ3YXZlIjoiYXV0byIsImNvbG9yIjoiYXV0byIsInNpZGUiOiJhdXRvIiwiZGVwdGgiOiJhdXRvIiwic3RhcnRWZWxvY2l0eSI6ImF1dG8iLCJmbGV4aWJpbGl0eSI6ImF1dG8iLCJmbGV4aWJsZUNvcm5lciI6ImF1dG8iLCJiZW5kaW5nIjoiYXV0byIsIndpZHRoVGV4ZWxzIjoiYXV0byIsImhlaWdodFRleGVscyI6ImF1dG8iLCJtYXNzIjoiYXV0byIsInNoYXBlIjoiYXV0byJ9LCJoZWlnaHQiOiJhdXRvIiwid2lkdGgiOiJhdXRvIiwiZ3Jhdml0eSI6ImF1dG8iLCJwYWdlc0ZvclByZWRpY3RpbmciOiJhdXRvIn0sImNvbnRyb2xQcm9wcyI6eyJhY3Rpb25zIjp7ImNtZFRvYyI6eyJlbmFibGVkIjoiYXV0byIsImVuYWJsZWRJbk5hcnJvdyI6ImF1dG8iLCJhY3RpdmUiOiJhdXRvIiwiZGVmYXVsdFRhYiI6ImF1dG8ifSwiY21kQXV0b1BsYXkiOnsiZW5hYmxlZCI6ImF1dG8iLCJlbmFibGVkSW5OYXJyb3ciOiJhdXRvIiwiYWN0aXZlIjoiYXV0byJ9LCJjbWRTYXZlIjp7ImVuYWJsZWQiOiJhdXRvIiwiZW5hYmxlZEluTmFycm93IjoiYXV0byJ9LCJjbWRQcmludCI6eyJlbmFibGVkIjoiYXV0byIsImVuYWJsZWRJbk5hcnJvdyI6ImF1dG8ifSwiY21kU2luZ2xlUGFnZSI6eyJlbmFibGVkIjoiYXV0byIsImVuYWJsZWRJbk5hcnJvdyI6ImF1dG8iLCJhY3RpdmUiOiJhdXRvIiwiYWN0aXZlRm9yTW9iaWxlIjoiYXV0byJ9LCJ3aWRUb29sYmFyIjp7ImVuYWJsZWQiOiJhdXRvIiwiZW5hYmxlZEluTmFycm93IjoiYXV0byJ9fX0sImF1dG9UaHVtYm5haWwiOiJodHRwczpcL1wvYmxvZ3NhdmVycm9lcy5qdW50YWRlYW5kYWx1Y2lhLmVzXC9pZXNnb25nb3JhXC9maWxlc1wvM2QtZmxpcC1ib29rXC9hdXRvLXRodW1ibmFpbHNcLzcwODkucG5nIiwicG9zdF9uYW1lIjoiZXJhc211cyIsInBvc3RfdHlwZSI6IjNkLWZsaXAtYm9vayJ9fSwicGFnZXMiOltdLCJmaXJzdFBhZ2VzIjpbXX0=');window.FB3D_CLIENT_LOCALE && FB3D_CLIENT_LOCALE.render && FB3D_CLIENT_LOCALE.render();<\/script><\/li>\r\n<\/ul>\r\n<!-- \/wp:list -->","protected":false},"excerpt":{"rendered":"<p>ERASMUS + Durante el presente curso escolar, estamos de enhorabuena ya que el IES Luis de G\u00f3ngora contar\u00e1 con tres modalidades del programa Erasmus + en distintas etapas educativas. As\u00ed, hemos conseguido en menos de dos a\u00f1os que la internacionalizaci\u00f3n se consolide y se convierta en una se\u00f1a de identidad de nuestro centro. Eso supone [&hellip;]<\/p>\n","protected":false},"author":19499,"featured_media":0,"parent":0,"menu_order":0,"comment_status":"closed","ping_status":"closed","template":"","meta":{"ngg_post_thumbnail":0,"footnotes":"","_mc_calendar":[]},"aioseo_notices":[],"_links":{"self":[{"href":"https:\/\/blogsaverroes.juntadeandalucia.es\/iesgongora\/wp-json\/wp\/v2\/pages\/6347"}],"collection":[{"href":"https:\/\/blogsaverroes.juntadeandalucia.es\/iesgongora\/wp-json\/wp\/v2\/pages"}],"about":[{"href":"https:\/\/blogsaverroes.juntadeandalucia.es\/iesgongora\/wp-json\/wp\/v2\/types\/page"}],"author":[{"embeddable":true,"href":"https:\/\/blogsaverroes.juntadeandalucia.es\/iesgongora\/wp-json\/wp\/v2\/users\/19499"}],"replies":[{"embeddable":true,"href":"https:\/\/blogsaverroes.juntadeandalucia.es\/iesgongora\/wp-json\/wp\/v2\/comments?post=6347"}],"version-history":[{"count":4,"href":"https:\/\/blogsaverroes.juntadeandalucia.es\/iesgongora\/wp-json\/wp\/v2\/pages\/6347\/revisions"}],"predecessor-version":[{"id":7088,"href":"https:\/\/blogsaverroes.juntadeandalucia.es\/iesgongora\/wp-json\/wp\/v2\/pages\/6347\/revisions\/7088"}],"wp:attachment":[{"href":"https:\/\/blogsaverroes.juntadeandalucia.es\/iesgongora\/wp-json\/wp\/v2\/media?parent=6347"}],"curies":[{"name":"wp","href":"https:\/\/api.w.org\/{rel}","templated":true}]}}