{"id":659,"date":"2018-04-10T17:05:06","date_gmt":"2018-04-10T17:05:06","guid":{"rendered":"http:\/\/iesgongora.com\/?page_id=659"},"modified":"2024-08-12T03:19:57","modified_gmt":"2024-08-12T01:19:57","slug":"fachada-a-diego-leon","status":"publish","type":"page","link":"https:\/\/blogsaverroes.juntadeandalucia.es\/iesgongora\/nuestro-centro\/historia\/fachada-a-diego-leon\/","title":{"rendered":"Fachada a Diego Le\u00f3n"},"content":{"rendered":"<h2>Fachada a la calle Diego Le\u00f3n<\/h2>\n<p>La llegada a la direcci\u00f3n del Instituto del prestigioso catedr\u00e1tico don Jos\u00e9 Muntada fue de importancia decisiva para la realizaci\u00f3n del proyecto de construir un amplio pabell\u00f3n que sirviera de fachada al establecimiento, pues siendo Muntada hombre de gran vocaci\u00f3n docente y trabajador infatigable, tan pronto se posesion\u00f3 de su cargo dedic\u00f3 su incansable actividad para el logro de dicho objetivo, y a cuanto redundara en la mejora del edificio del Instituto. En ese aspecto figura en su haber la sustituci\u00f3n de la tapia que separaba el Jard\u00edn Bot\u00e1nico de la plazuela aneja a la calle Diego de Le\u00f3n, por una verja de hierro, apreciable mejora efectuada en 1865, que hermose\u00f3 notablemente aquel paraje. Pero la principal tarea de Muntada, en ese orden de cosas, consisti\u00f3 en la realizaci\u00f3n de la aludida obra de construir una fachada a la calle Diego de Le\u00f3n, que hasta entonces no hab\u00eda pasado de proyecto, y que \u00e9l logr\u00f3 convertir muy pronto en realidad. En efecto, a los pocos meses de estar al frente de la direcci\u00f3n del Instituto, anunci\u00f3 al profesorado, en la sesi\u00f3n de claustro celebrada el 6 de enero de 1864, la excelente disposici\u00f3n en que estaba la Diputaci\u00f3n Provincial cordobesa para la realizaci\u00f3n de las referidas obras de la fachada del centro, y aprovechando tan favorable coyuntura, dirigi\u00f3 a la Junta Provincial de Instrucci\u00f3n P\u00fablica un razonado escrito, del que se dio oportuno traslado a la Corporaci\u00f3n Provincial, en el que se hac\u00eda ver la extra\u00f1eza que causaba la entrada del edificio del Instituto que siendo tan vasto y regular, se encerraba detr\u00e1s de un muro informe y defectuoso. Llevado de su noble af\u00e1n de superaci\u00f3n de las actividades del centro que dirig\u00eda, hac\u00eda constar que su aspiraci\u00f3n era convertir el Instituto en uno de los primeros de Europa, como ya lo era de Espa\u00f1a, y solicitaba de la Diputaci\u00f3n arbitrase los medios necesarios para llevar a cabo las proyectadas mejoras. La Diputaci\u00f3n, en sesi\u00f3n de 8 de abril del referido a\u00f1o, acept\u00f3 la propuesta de la Comisi\u00f3n de Fomento, accediendo a lo solicitado por el Director del Instituto, y para obviar el inconveniente de que dada la magnitud del proyecto, elaborado por el arquitecto provincial Nolasco Mel\u00e9ndez, fuese dif\u00edcil a la Diputaci\u00f3n hacer frente con sus solos recursos a tan cuantiosos gastos, Muntada, hombre realista, prefiri\u00f3 que se redujese el proyecto, sin menoscabo de que, m\u00e1s adelante, pudiera completarse, de acuerdo con las necesidades del centro. A tal efecto se hicieron las gestiones pertinentes para adquirir las casas n\u00fameros 4 y 6 de la calle Diego de Le\u00f3n, pertenecientes a fundaciones administradas por el Hospital de Cr\u00f3nicos y el Cabildo Catedral, respectivamente, que fueron cedidas por dichas entidades al Instituto en 1866, a cambio de que se les abonara la renta que en aquel momento ven\u00edan percibiendo de esos inmuebles. Buena prueba del entusiasmo que se puso en la realizaci\u00f3n de la empresa fue que el 29 de mayo, del citado 1866, se anunci\u00f3 la subasta para la ejecuci\u00f3n de las obras, que dieron comienzo seguidamente, y el 16 de septiembre de 1868, en la lectura de la preceptiva Memoria con motivo de la inauguraci\u00f3n del curso acad\u00e9mico, cometido que en aquellas fechas estaba a cargo de los directores del centro, pudo anunciar Muntada, con leg\u00edtimo orgullo, la terminaci\u00f3n de las obras, si bien no ocultaba que el edificio quedaba incompleto, a falta de que m\u00e1s adelante hubiera oportunidad de terminarlo. Dando cumplida muestra de ecuanimidad supo aprovechar tan solemne ocasi\u00f3n para destacar los meritorios esfuerzos realizados por sus predecesores, para el mejor \u00e9xito de dicho proyecto, particularmente de los directores don Juan Antonio de la Corte y don Manuel Gadeo, que tan activamente cooperaron al logro de aquella iniciativa, y de modo expreso supo enaltecer la generosa aportaci\u00f3n de la Diputaci\u00f3n Provincial cordobesa que proporcion\u00f3 los 58.000 escudos a que ascendi\u00f3 el coste de las obras, haciendo un cumplido elogio de los jefes de tan ilustre Corporaci\u00f3n, hombres de diversa significaci\u00f3n pol\u00edtica, que no vacilaron en prestar el desinteresado concurso que la empresa merec\u00eda, as\u00ed como a los jefes Pol\u00edticos don Manuel Ruiz Higuero, don Romualdo M\u00e9ndez de San Juli\u00e1n y don Bernardo Lozano, eficaces colaboradores de la obra inaugurada. La nueva edificaci\u00f3n presentaba una amplia fachada, desde la esquina de la plazuela, en la que estaba la casa de los se\u00f1ores de Le\u00f3n, hasta el palacio del marqu\u00e9s de Valdeflores, que ocupaba el n\u00famero 29 de la Plazuela de M\u00e1rmol de Ba\u00f1uelos, y se le dio mayor elevaci\u00f3n para que no desmereciera del vecino edificio construido hac\u00eda poco por los Puzzini, donde se instal\u00f3 el Hotel Suizo. Cuando posteriormente, con el ensanche de este sector, se demoli\u00f3 el edificio del Suizo, para dar salida a la calle Claudio Marcelo y ampliar la Plaza de las Tendillas, esta fachada del Instituto, que ahora cumple su primer siglo de existencia, qued\u00f3 formando uno de los lados de la plaza m\u00e1s c\u00e9ntrica y concurrida de C\u00f3rdoba. Al construirse en esta plaza, denominada sucesivamente de C\u00e1novas, de la Rep\u00fablica (y ahora de Jos\u00e9 Antonio) edificios de mayor altura, la antigua fachada del Instituto qued\u00f3 empeque\u00f1ecida, y sobre todo en un visible estado de incuria y abandono, tan habitual por desgracia en nuestros edificios p\u00fablicos. De todos modos entiendo que por sus l\u00edneas sencillas y arm\u00f3nicas proporciones, es superior, desde un punto de vista est\u00e9tico, a la mayor\u00eda de los otros edificios de la Plaza, y merecedora de que hubiera sido tratada con mayor solicitud. Cuando se edific\u00f3 esta fachada del Instituto (que todav\u00eda ostenta en su frontis la denominaci\u00f3n de +Provincial;, entonces vigente) hab\u00eda el prop\u00f3sito de instalar en la planta baja de la nueva construcci\u00f3n los gabinetes de F\u00edsica y Qu\u00edmica, Historia Natural y Agricultura, y en la planta alta la Biblioteca Provincial, que seg\u00fan las disposiciones de entonces deb\u00edan estar en los Institutos, pero tal prop\u00f3sito no tuvo cumplimiento, por necesitarse la nueva edificaci\u00f3n para que los servicios docentes quedasen debidamente instalados.Con la construcci\u00f3n de esta fachada el Instituto de C\u00f3rdoba experiment\u00f3 una positiva mejora, debida al concurso valioso de la Diputaci\u00f3n Provincial y al esfuerzo incansable de Muntada.<\/p>\n<figure id=\"attachment_660\" aria-describedby=\"caption-attachment-660\" style=\"width: 495px\" class=\"wp-caption aligncenter\"><img loading=\"lazy\" decoding=\"async\" class=\"size-full wp-image-660\" src=\"http:\/\/iesgongora.com\/wp-content\/uploads\/Fachada-principal-decada-30.jpg\" alt=\"\" width=\"495\" height=\"337\"><figcaption id=\"caption-attachment-660\" class=\"wp-caption-text\">Fachada principal (actual calle Diego Le\u00f3n) durante los a\u00f1os 30<\/figcaption><\/figure>\n<p>\u00a1 Qu\u00e9 ajeno estar\u00eda el ilustre Director, en el solemne acto de la inauguraci\u00f3n de esta obra con motivo de la apertura del nuevo curso acad\u00e9mico, a que pocos d\u00edas despu\u00e9s, con el triunfo de la revoluci\u00f3n de septiembre de 1868, se premiar\u00edan sus loables tareas destituy\u00e9ndolo arbitrariamente y con manifiesta desconsideraci\u00f3n, de la direcci\u00f3n del Instituto! Tambi\u00e9n preocup\u00f3 a Muntada el ornato del edificio y para ello adquiri\u00f3 de una casa de Berl\u00edn cuatro hermosas farolas, que por aquellos a\u00f1os llamaron la atenci\u00f3n en la ciudad, seg\u00fan o\u00ed referir a un testigo presencial, el m\u00e9dico don Jos\u00e9 Amo Serrano. Igualmente se interes\u00f3 Muntada por adecentar los alrededores del establecimiento, pues por el trazado irregular de las calles y la falta de alumbrado nocturno daba lugar a que esos parajes, situados en lugar tan c\u00e9ntrico de la ciudad, fuesen aprovechados para fines poco decorosos, por lo que en 1865 se hicieron gestiones encaminadas a que aquel sector de la calle Diego de Le\u00f3n quedara debidamente iluminado, medida que se complet\u00f3 en 1892 coloc\u00e1ndose dos faroles en la puerta del establecimiento.Demuestra este profesorado un verdadero inter\u00e9s por acoger con la mayor prontitud los adelantos caracter\u00edsticos de los descubrimientos t\u00e9cnicos de la \u00e9poca, as\u00ed en la Memoria del curso 1885-86 se hace constar que se hab\u00eda instalado en el establecimiento un servicio telef\u00f3nico entre la direcci\u00f3n, secretar\u00eda y sala del personal subalterno, de gran utilidad para la rapidez de los servicios y tambi\u00e9n por lo que toca a la F\u00edsica experimental, en una de las aplicaciones m\u00e1s nuevas y curiosas de la electricidad. En ese mismo orden de cosas, en el a\u00f1o 1893, se dot\u00f3 al edificio de seis pararrayos, a fin de que tuviera la debida seguridad contra los elementos atmosf\u00e9ricos, mejoras todas estas reveladoras de un af\u00e1n colectivo de que el Instituto, pese a la notoria escasez de medios que entonces se dedicaba a las actividades docentes, contara con una instalaci\u00f3n adecuada.<\/p>\n<ul>\n<li><a title=\"Posteriores ampliaciones\" href=\"https:\/\/blogsaverroes.juntadeandalucia.es\/iesgongora\/nuestro-centro\/historia\/posteriores-ampliaciones\/\">Posteriores ampliaciones<\/a><\/li>\n<li><a title=\"El jard\u00edn bot\u00e1nico\" href=\"https:\/\/blogsaverroes.juntadeandalucia.es\/iesgongora\/nuestro-centro\/historia\/el-jardin-botanico\/\">El jard\u00edn bot\u00e1nico<\/a><\/li>\n<\/ul>\n","protected":false},"excerpt":{"rendered":"<p>Fachada a la calle Diego Le\u00f3n La llegada a la direcci\u00f3n del Instituto del prestigioso catedr\u00e1tico don Jos\u00e9 Muntada fue de importancia decisiva para la realizaci\u00f3n del proyecto de construir un amplio pabell\u00f3n que sirviera de fachada al establecimiento, pues siendo Muntada hombre de gran vocaci\u00f3n docente y trabajador infatigable, tan pronto se posesion\u00f3 de [&hellip;]<\/p>\n","protected":false},"author":19499,"featured_media":0,"parent":352,"menu_order":0,"comment_status":"closed","ping_status":"closed","template":"","meta":{"ngg_post_thumbnail":0,"footnotes":"","_mc_calendar":[]},"aioseo_notices":[],"_links":{"self":[{"href":"https:\/\/blogsaverroes.juntadeandalucia.es\/iesgongora\/wp-json\/wp\/v2\/pages\/659"}],"collection":[{"href":"https:\/\/blogsaverroes.juntadeandalucia.es\/iesgongora\/wp-json\/wp\/v2\/pages"}],"about":[{"href":"https:\/\/blogsaverroes.juntadeandalucia.es\/iesgongora\/wp-json\/wp\/v2\/types\/page"}],"author":[{"embeddable":true,"href":"https:\/\/blogsaverroes.juntadeandalucia.es\/iesgongora\/wp-json\/wp\/v2\/users\/19499"}],"replies":[{"embeddable":true,"href":"https:\/\/blogsaverroes.juntadeandalucia.es\/iesgongora\/wp-json\/wp\/v2\/comments?post=659"}],"version-history":[{"count":2,"href":"https:\/\/blogsaverroes.juntadeandalucia.es\/iesgongora\/wp-json\/wp\/v2\/pages\/659\/revisions"}],"predecessor-version":[{"id":7066,"href":"https:\/\/blogsaverroes.juntadeandalucia.es\/iesgongora\/wp-json\/wp\/v2\/pages\/659\/revisions\/7066"}],"up":[{"embeddable":true,"href":"https:\/\/blogsaverroes.juntadeandalucia.es\/iesgongora\/wp-json\/wp\/v2\/pages\/352"}],"wp:attachment":[{"href":"https:\/\/blogsaverroes.juntadeandalucia.es\/iesgongora\/wp-json\/wp\/v2\/media?parent=659"}],"curies":[{"name":"wp","href":"https:\/\/api.w.org\/{rel}","templated":true}]}}