{"id":662,"date":"2018-04-10T17:08:49","date_gmt":"2018-04-10T17:08:49","guid":{"rendered":"http:\/\/iesgongora.com\/?page_id=662"},"modified":"2024-08-12T03:20:29","modified_gmt":"2024-08-12T01:20:29","slug":"posteriores-ampliaciones","status":"publish","type":"page","link":"https:\/\/blogsaverroes.juntadeandalucia.es\/iesgongora\/nuestro-centro\/historia\/posteriores-ampliaciones\/","title":{"rendered":"Posteriores ampliaciones"},"content":{"rendered":"<h2>Posteriores ampliaciones y mejoras en el edificio<\/h2>\n<figure id=\"attachment_6416\" aria-describedby=\"caption-attachment-6416\" style=\"width: 225px\" class=\"wp-caption alignright\"><img loading=\"lazy\" decoding=\"async\" class=\"wp-image-6416 size-medium\" src=\"https:\/\/iesgongora.com\/wp-content\/uploads\/Portada-de-la-separata-en-III-Anales-1972-D.Juan-Gomez-Crespo-225x300.jpg\" alt=\"\" width=\"225\" height=\"300\"><figcaption id=\"caption-attachment-6416\" class=\"wp-caption-text\">Portada de la separata en III Anales 1972. D.Juan Gomez Crespo<\/figcaption><\/figure>\n<p>Apenas hab\u00edan transcurrido treinta a\u00f1os desde la construcci\u00f3n del pabell\u00f3n de la fachada del Instituto a la calle Diego de Le\u00f3n, cuando el derribo de la antigua casa de los Ba\u00f1uelos, tan discutido en aquellos a\u00f1os por el inter\u00e9s hist\u00f3rico art\u00edstico del inmueble, dio ocasi\u00f3n a que esa fachada del Instituto, que hab\u00eda quedado incompleta, pudiera terminarse totalmente. A tal efecto el entonces director del establecimiento docente, el catedr\u00e1tico don Manuel Mar\u00eda Rodr\u00edguez, se dirigi\u00f3 a la Direcci\u00f3n de Instrucci\u00f3n P\u00fablica, en solicitud de la oportuna autorizaci\u00f3n para poder adquirir los terrenos precisos y efectuar las obras pertinentes, con cargo a los fondos de que en aquella fecha dispon\u00eda el Instituto por su propio patrimonio, a lo que se accedi\u00f3 por Real Orden de 11 de octubre de 1896. En virtud de esa autorizaci\u00f3n se adquirieron en 7.000 pesetas los 186\u201946 metros de terreno necesarios y se adjudicaron las obras, por un importe de 10.425 pesetas, obras que fueron realizadas bajo la direcci\u00f3n del arquitecto don Pedro Alonso y Guti\u00e9rrez. La recepci\u00f3n de estas obras se efectu\u00f3 el 24 de mayo de 1901, siendo ya director del Instituto don Ram\u00f3n Cobo Sampedro, por haber fallecido entretanto don Manuel Mar\u00eda Rodr\u00edguez, que hab\u00eda puesto el mayor inter\u00e9s por la realizaci\u00f3n de esa importante mejora junto con el secretario del centro don Luis Olbes Zuloaga, el alcalde de la ciudad don Jaime Aparicio y Mar\u00edn y don Antonio Barroso y Castillo, que por aquellos a\u00f1os era director general de Correos y Tel\u00e9grafos. Con esta ampliaci\u00f3n qued\u00f3 el edificio con una longitud de 58 metros de fachada, limitando a la derecha con la verja del jard\u00edn de recreo, y a la izquierda con la del Jard\u00edn Bot\u00e1nico, pues el Ayuntamiento cedi\u00f3 parte de la plazuela existente para que la verja del Bot\u00e1nico quedara alineada y as\u00ed resultara totalmente sim\u00e9trica la fachada del entonces primer centro docente de la ciudad, que por su aspecto exterior era una de las construcciones cordobesas de car\u00e1cter civil de mayor prestancia. El interior del edificio, por su extensa planta, compuesta de aulas, patios, jardines, amplias galer\u00edas, capilla, gabinetes y dem\u00e1s dependencias ocupadas por los servicios administrativos del Instituto, as\u00ed como los dormitorios, comedor, salas de estudio, gimnasio y otras dependencias, en que estaban instalados los servicios del colegio de internos, era considerado como uno de los m\u00e1s capaces y apropiados a su objeto, comprendiendo una extensi\u00f3n total de 5.300 metros. En la descripci\u00f3n del edificio que figura en la Memoria del centro correspondiente al curso 1902-03, aparecen las siguientes dependencias del Instituto: Siete aulas con capacidad de 60 a 80 alumnos, gabinetes de Historia Natural y de F\u00edsica, laboratorio de Qu\u00edmica, Biblioteca, oficinas administrativas, despachos de la direcci\u00f3n y secretar\u00eda, capilla, sala de profesores, sala de taquillas, conserjer\u00eda, cuarto de correcci\u00f3n, gimnasio, viviendas del director y conserje, galer\u00edas, jardines de recreo y bot\u00e1nico y patios. <strong>(4)<\/strong><\/p>\n<p><img loading=\"lazy\" decoding=\"async\" class=\"aligncenter size-large wp-image-663\" src=\"http:\/\/iesgongora.com\/wp-content\/uploads\/Instituto-1024x397.jpg\" alt=\"\" width=\"800\" height=\"310\"><\/p>\n<p>Pocos a\u00f1os despu\u00e9s tuvo lugar otra importante mejora en el edificio, cuando en el a\u00f1o 1910 precis\u00f3 el Ayuntamiento el \u00e1rea ocupada por el Jard\u00edn Bot\u00e1nico, para prolongar la calle Claudio Marcelo. Ocupaba el Bot\u00e1nico 883 metros cuadrados, de los que hubo que ceder 878\u201975 que ocupar\u00eda la nueva calle, y para compensar al Instituto pens\u00f3 ceder el Ayuntamiento una parcela de los Jardines de la Agricultura para que all\u00ed se instalara el Bot\u00e1nico, pero el director Cobo Sampedro obtuvo del Ayuntamiento que construyera un cuerpo de edificio con planta baja y principal, de 22 por 9 metros, mas las obras de cerramiento de la amplia fachada a la calle Claudio Marcelo, reformas que importaron 40.794 pesetas. En la planta baja de ese pabell\u00f3n qued\u00f3 instalada el aula de dibujo, que por su amplitud se destinaba tambi\u00e9n a Sal\u00f3n de Actos. Esta reforma urbana benefici\u00f3 grandemente al Instituto, que al efectuarse la demolici\u00f3n del edificio que ocupaba el Hotel Suizo, qued\u00f3 con casi toda su fachada principal en la c\u00e9ntrica Plaza de las Tendillas, lo que permit\u00eda contemplar desde el \u00e1ngulo de dicha plaza, correspondiente a la actual calle M\u00e1laga, la bella perspectiva de la c\u00fapula de la Capilla de la Virgen de la Asunci\u00f3n. (5)<br \/>\nEn la dilatada etapa en la que ocup\u00f3 la direcci\u00f3n del Instituto don Agilio Fern\u00e1ndez Garc\u00eda se efectu\u00f3 una ampliaci\u00f3n del Colegio (salas de estudio y dormitorios) apoyando parte de la nueva edificaci\u00f3n sobre columnas de hierro, a fin de no restar superficie a los patios de internos, que de este modo quedaron dotados de amplios p\u00f3rticos, de gran utilidad en los d\u00edas de lluvia. Tambi\u00e9n se construy\u00f3 en esos a\u00f1os una galer\u00eda cubierta en el patio principal, que facilit\u00f3 los accesos en la planta alta del edificio. Durante la direcci\u00f3n de don Antonio Ja\u00e9n Morente se mejor\u00f3 la pavimentaci\u00f3n del patio principal y se dot\u00f3 de hermosos z\u00f3calos a las amplias galer\u00edas, con lo que el edificio adquiri\u00f3 mayor prestancia. Mayor importancia tuvieron las reformas efectuadas a partir del a\u00f1o 1940, debidas al esfuerzo entusiasta y perseverante del director don Perfecto Garc\u00eda Conejero, que encontr\u00f3 en todo momento el sol\u00edcito y decidido apoyo del entonces ministro de Educaci\u00f3n Nacional don Jos\u00e9 Ib\u00e1\u00f1ez Mart\u00edn. La nueva construcci\u00f3n, que dio amplia fachada al Colegio de la Asunci\u00f3n por la calle Alfonso XIII, se hizo sobre una superficie de 950 metros, de los que parte correspond\u00edan a una casa de la calle Alfonso XIII, contigua al colegio, adquirida en 1932, al solar que ocupaba la calleja que de antiguo daba salida al colegio por esa calle, y a diversos sectores del establecimiento que fueron objeto de sensibles mejoras, todo ello hecho bajo la direcci\u00f3n del arquitecto don F\u00e9lix Hern\u00e1ndez. De este modo quedaron debidamente instaladas las dependencias del internado: sala de visitas, despachos de la direcci\u00f3n, secretar\u00eda y administraci\u00f3n, alojamiento para hu\u00e9spedes distinguidos, dormitorios, enfermer\u00eda, cocina y servicios anejos, formando una edificaci\u00f3n de cuatro plantas, en torno a un hermoso patio. En la zona reformada quedaron instalados un amplio comedor, salas de recreos, dormitorios, sala de profesores y sal\u00f3n de actos, con escenario y cabina para proyecciones cinematogr\u00e1ficas. Igualmente fue objeto de importantes mejoras la instalaci\u00f3n de la hermosa capilla (vidrieras, bancos, siller\u00eda y objetos de culto) y se renov\u00f3 el mobiliario de las aulas del Instituto.<\/p>\n\n<p>Finalmente en la zona ocupada por patios y otras edificaciones recayentes a la calle Claudio Marcelo se construy\u00f3, en 1968, un edificio de tres plantas, con veinte aulas y servicios anejos, bajo la direcci\u00f3n del arquitecto don Agust\u00edn Ort\u00edz Garc\u00eda. Esta construcci\u00f3n, que ascendi\u00f3 a unos diez millones de pesetas, fue destinada inicialmente a secci\u00f3n delegada del Instituto \u201cS\u00e9neca\u201d y posteriormente al Instituto \u201cLuis de G\u00f3ngora\u201d, que hab\u00eda sido instalado, al crearse en 1962, en el pabell\u00f3n del Instituto correspondiente a la Plaza de Jos\u00e9 Antonio y calle Diego de Le\u00f3n. Este conjunto de edificaciones, construidas a lo largo de tan diversas \u00e9pocas, ponen de relieve la preocupaci\u00f3n mostrada por los diferentes directores y claustro de profesores del Instituto por mejorar y ampliar la antigua fundaci\u00f3n de L\u00f3pez de Alba, y los cambios urban\u00edsticos operados en este c\u00e9ntrico sector, verdadero coraz\u00f3n de la ciudad. A la indudable importancia que presentan estas construcciones por su dedicaci\u00f3n ininterrumpida a fines docentes, durante cuatro siglos, se une tambi\u00e9n un evidente inter\u00e9s hist\u00f3rico, derivado de los alumnos y profesores que por estos lugares han desfilado, de que aqu\u00ed estuvieron instaladas las aulas de la Facultad de Derecho y parte de las de Medicina de la Universidad libre, que funcion\u00f3 en C\u00f3rdoba de 1870 a 1874, y que en estos locales se realiz\u00f3 tambi\u00e9n una importante labor de extensi\u00f3n cultural de gran proyecci\u00f3n en la ciudad. (6)<br \/>\nNo han faltado tampoco episodios relacionados con la vida pol\u00edtica nacional: el saqueo de que fue objeto por las turbas, en 1814, el colegio de la Asunci\u00f3n, a pretexto de que sus profesores eran adictos al ideario liberal; las visitas con que lo realzaron Isabel II y Alfonso XII; su conversi\u00f3n en hospital, para atender a los heridos de la batalla de Alcolea en septiembre de 1868. Desde el halc\u00f3n principal de la fachada que da a la plaza de Jos\u00e9 Antonio, dirigi\u00f3 la palabra a los cordobeses el Jefe del Estado, don Francisco Franco, al terminarse la guerra civil en 1939. (7)<br \/>\nTodo ello motivo m\u00e1s que sobrado que justifica la debida conservaci\u00f3n de estas edificaciones ligadas a un aspecto tan importante de la vida de la ciudad, cual es la labor docente y educativa.<\/p>\n<p>NOTAS:<\/p>\n<p>(4) P\u00edo Baroja, que al evocar a sus profesores tanto de Segunda Ense\u00f1anza como universitarios, encuentra a casi todos malhumorados, agrios y de mala intenci\u00f3n, recuerda que estuvo dos veces en la correcci\u00f3n que era un cuartucho con rejas a manera de calabozo, en donde en invierno se titiritaba de fr\u00edo (\u201cDesde la \u00faltima vuelta del camino\u201d, tomo primero, p\u00e1g. 256). Este \u201ccuarto de correcci\u00f3n\u201d, que aparece en la Memoria del curso 1902-03, era conocido por la grey escolar con el nombre de calabozo. Tengo muchas referencias de que el que fue director del centro por aquellas fechas, don Ram\u00f3n Cobo Sampedro, aplicaba con frecuencia a los alumnos esa reclusi\u00f3n.<\/p>\n<p>(5) Ver los planos que acompa\u00f1an a este art\u00edculo, en los que pueden verse los sensibles cambios operados en el trazado de las calles de este sector.<br \/>\nAdem\u00e1s de las Memorias anuales impresas, que resumen las actividades del Instituto, he utilizado la documentaci\u00f3n existente en el Archivo del centro, que actualmente se guarda en el Instituto \u201cS\u00e9neca\u201d.<\/p>\n<p>(6) En el n\u00famero de la revista Omeya, que edita la Diputaci\u00f3n Provincial de C\u00f3rdoba, aparece amplia informaci\u00f3n referente a la Universidad libre de la que son autores don Juan Aranda Doncel y el autor de este art\u00edculo. Un aspecto de la obra de extensi\u00f3n cultural desarrollada por el Instituto puede verse en tres art\u00edculos que publiqu\u00e9 en los n\u00fameros 49 al 51 de la revista \u201cPatio Cordob\u00e9s\u201d, bajo el t\u00edtulo \u201cExtensi\u00f3n cultural y movimiento obrero en C\u00f3rdoba a principios del siglo\u201d. Otros datos sobre el Instituto: \u201cLa calle Luis Valenzuela\u201d, por Francisco Alc\u00e1ntara (Bolet\u00edn de la la Real Academia de C\u00f3rdoba, a\u00f1o 1924). El diario \u201cC\u00f3rdoba\u201d del 1 de junio de 1947 recogi\u00f3 en unas p\u00e1ginas extraordinarias amplia referencia a la labor desarrollada en el Instituto de Segunda Ense\u00f1anza con motivo del primer centenario de su fundaci\u00f3n.<br \/>\nEn el diario \u201cInformaciones\u201d de Madrid (edici\u00f3n de C\u00f3rdoba) publiqu\u00e9 dos art\u00edculos sobre la Escuela de Agricultura que funcion\u00f3 en el Instituto de C\u00f3rdoba a mediados del siglo pasado (30 y 31 de Enero de 1964).<\/p>\n<p>(7) Del saqueo de que fue objeto por las turbas el Colegio de la Asunci\u00f3n en mayo de 1914 da la siguiente referencia don Luis Mar\u00eda Ram\u00edrez Casas Deza: \u201cEl mismo d\u00eda 9 un populacho desenfrenado, derrib\u00f3 la l\u00e1pida de la Constituci\u00f3n, que estaba en la Plaza Mayor, y la llev\u00f3 arrastrando por la Esparter\u00eda, Plaza del Salvador, Zapater\u00eda, calle de las Nieves, hoy del Liceo, basta el Colegio de Nuestra Se\u00f1ora de la Asunci\u00f3n, al que se dirigieron para destrozarlo, en odio de sus superiores, que ten\u00edan la nota de liberales. En efecto, se cometieron en \u00e9l las mayores atrocidades, pues no contentos con saquearlo completamente, destruyeron la bella Academia de dibujo y una hermosa fundici\u00f3n de letras de imprenta, para una que se iba a establecer y que hab\u00eda costado 40.000 reales. Destruyeron en fin cuanto encontraron y no se pudieron llevar, no quedando ni un cristal, ni una puerta sana, y se gradu\u00f3 toda la p\u00e9rdida en 120.000 reales\u201d.<br \/>\nAnales de la ciudad de C\u00f3rdoba, p\u00e1g. 235.<\/p>\n<ul>\n<li><a title=\"El jard\u00edn bot\u00e1nico\" href=\"https:\/\/blogsaverroes.juntadeandalucia.es\/iesgongora\/nuestro-centro\/historia\/el-jardin-botanico\/\">El jard\u00edn bot\u00e1nico<\/a><\/li>\n<\/ul>\n","protected":false},"excerpt":{"rendered":"<p>Posteriores ampliaciones y mejoras en el edificio Apenas hab\u00edan transcurrido treinta a\u00f1os desde la construcci\u00f3n del pabell\u00f3n de la fachada del Instituto a la calle Diego de Le\u00f3n, cuando el derribo de la antigua casa de los Ba\u00f1uelos, tan discutido en aquellos a\u00f1os por el inter\u00e9s hist\u00f3rico art\u00edstico del inmueble, dio ocasi\u00f3n a que esa [&hellip;]<\/p>\n","protected":false},"author":19499,"featured_media":0,"parent":352,"menu_order":0,"comment_status":"closed","ping_status":"closed","template":"","meta":{"ngg_post_thumbnail":0,"footnotes":"","_mc_calendar":[]},"aioseo_notices":[],"_links":{"self":[{"href":"https:\/\/blogsaverroes.juntadeandalucia.es\/iesgongora\/wp-json\/wp\/v2\/pages\/662"}],"collection":[{"href":"https:\/\/blogsaverroes.juntadeandalucia.es\/iesgongora\/wp-json\/wp\/v2\/pages"}],"about":[{"href":"https:\/\/blogsaverroes.juntadeandalucia.es\/iesgongora\/wp-json\/wp\/v2\/types\/page"}],"author":[{"embeddable":true,"href":"https:\/\/blogsaverroes.juntadeandalucia.es\/iesgongora\/wp-json\/wp\/v2\/users\/19499"}],"replies":[{"embeddable":true,"href":"https:\/\/blogsaverroes.juntadeandalucia.es\/iesgongora\/wp-json\/wp\/v2\/comments?post=662"}],"version-history":[{"count":1,"href":"https:\/\/blogsaverroes.juntadeandalucia.es\/iesgongora\/wp-json\/wp\/v2\/pages\/662\/revisions"}],"predecessor-version":[{"id":7067,"href":"https:\/\/blogsaverroes.juntadeandalucia.es\/iesgongora\/wp-json\/wp\/v2\/pages\/662\/revisions\/7067"}],"up":[{"embeddable":true,"href":"https:\/\/blogsaverroes.juntadeandalucia.es\/iesgongora\/wp-json\/wp\/v2\/pages\/352"}],"wp:attachment":[{"href":"https:\/\/blogsaverroes.juntadeandalucia.es\/iesgongora\/wp-json\/wp\/v2\/media?parent=662"}],"curies":[{"name":"wp","href":"https:\/\/api.w.org\/{rel}","templated":true}]}}