{"id":74,"date":"2020-03-05T17:29:41","date_gmt":"2020-03-05T16:29:41","guid":{"rendered":"https:\/\/blogsaverroes.juntadeandalucia.es\/comercioyfol\/?page_id=74"},"modified":"2020-03-05T17:29:41","modified_gmt":"2020-03-05T16:29:41","slug":"secretaria","status":"publish","type":"page","link":"https:\/\/blogsaverroes.juntadeandalucia.es\/iesgongora\/secretaria\/","title":{"rendered":"Secretar\u00eda"},"content":{"rendered":"<div class=\"block-title\">\n<h3 class=\"wp-block-heading\"><strong>Tr\u00e1mites y consultas<\/strong><\/h3>\n<\/div>\n<p>Para cualquier tr\u00e1mite que necesite realizar con este Centro le atenderemos de&nbsp;<strong>lunes a viernes<\/strong>, de&nbsp;<strong>9:30 a 13:00 horas.<\/strong><\/p>\n<p>Si desea realizar una consulta v\u00eda tel\u00e9fono o correo electr\u00f3nico:<\/p>\n<ul>\n<li>Centralita:&nbsp;<strong>957-734551<\/strong><\/li>\n<li>Correo electr\u00f3nico:&nbsp;<strong>secretaria@iesgongora.es<\/strong><\/li>\n<\/ul>\n<p><a href=\"https:\/\/iesgongora.com\/wp-content\/uploads\/Instancia-formulario.pdf\"><strong>Modelo de expone \u2013 solicita<\/strong><\/a><\/p>\n","protected":false},"excerpt":{"rendered":"<p>Tr\u00e1mites y consultas Para cualquier tr\u00e1mite que necesite realizar con este Centro le atenderemos de&nbsp;lunes a viernes, de&nbsp;9:30 a 13:00 horas. Si desea realizar una consulta v\u00eda tel\u00e9fono o correo electr\u00f3nico: Centralita:&nbsp;957-734551 Correo electr\u00f3nico:&nbsp;secretaria@iesgongora.es Modelo de expone \u2013 solicita<\/p>\n","protected":false},"author":8538,"featured_media":0,"parent":0,"menu_order":0,"comment_status":"closed","ping_status":"closed","template":"","meta":{"ngg_post_thumbnail":0,"footnotes":"","_mc_calendar":[]},"aioseo_notices":[],"_links":{"self":[{"href":"https:\/\/blogsaverroes.juntadeandalucia.es\/iesgongora\/wp-json\/wp\/v2\/pages\/74"}],"collection":[{"href":"https:\/\/blogsaverroes.juntadeandalucia.es\/iesgongora\/wp-json\/wp\/v2\/pages"}],"about":[{"href":"https:\/\/blogsaverroes.juntadeandalucia.es\/iesgongora\/wp-json\/wp\/v2\/types\/page"}],"author":[{"embeddable":true,"href":"https:\/\/blogsaverroes.juntadeandalucia.es\/iesgongora\/wp-json\/wp\/v2\/users\/8538"}],"replies":[{"embeddable":true,"href":"https:\/\/blogsaverroes.juntadeandalucia.es\/iesgongora\/wp-json\/wp\/v2\/comments?post=74"}],"version-history":[{"count":0,"href":"https:\/\/blogsaverroes.juntadeandalucia.es\/iesgongora\/wp-json\/wp\/v2\/pages\/74\/revisions"}],"wp:attachment":[{"href":"https:\/\/blogsaverroes.juntadeandalucia.es\/iesgongora\/wp-json\/wp\/v2\/media?parent=74"}],"curies":[{"name":"wp","href":"https:\/\/api.w.org\/{rel}","templated":true}]}}